{"id":709,"date":"2022-05-26T13:53:08","date_gmt":"2022-05-26T11:53:08","guid":{"rendered":"https:\/\/beegreenhotel.at\/politica-de-confidentialitate\/"},"modified":"2024-02-04T11:47:03","modified_gmt":"2024-02-04T10:47:03","slug":"politica-de-confidentialitate","status":"publish","type":"page","link":"https:\/\/beegreenhotel.at\/ro\/politica-de-confidentialitate\/","title":{"rendered":"Politica de confiden\u021bialitate"},"content":{"rendered":"\t\t<div data-elementor-type=\"wp-page\" data-elementor-id=\"709\" class=\"elementor elementor-709 elementor-3\">\n\t\t\t\t\t\t<section class=\"elementor-section elementor-top-section elementor-element elementor-element-599f3874 elementor-section-boxed elementor-section-height-default elementor-section-height-default\" data-id=\"599f3874\" data-element_type=\"section\">\n\t\t\t\t\t\t<div class=\"elementor-container elementor-column-gap-default\">\n\t\t\t\t\t<div class=\"elementor-column elementor-col-100 elementor-top-column elementor-element elementor-element-aea4d22\" data-id=\"aea4d22\" data-element_type=\"column\" data-settings=\"{&quot;background_background&quot;:&quot;classic&quot;}\">\n\t\t\t<div class=\"elementor-widget-wrap elementor-element-populated\">\n\t\t\t\t\t\t<div class=\"elementor-element elementor-element-6567902 elementor-widget elementor-widget-heading\" data-id=\"6567902\" data-element_type=\"widget\" data-widget_type=\"heading.default\">\n\t\t\t\t<div class=\"elementor-widget-container\">\n\t\t\t\t\t<h1 class=\"elementor-heading-title elementor-size-default\">Imprimare &amp; AGB<\/h1>\t\t\t\t<\/div>\n\t\t\t\t<\/div>\n\t\t\t\t<section class=\"elementor-section elementor-inner-section elementor-element elementor-element-9fa5352 elementor-section-boxed elementor-section-height-default elementor-section-height-default\" data-id=\"9fa5352\" data-element_type=\"section\">\n\t\t\t\t\t\t<div class=\"elementor-container elementor-column-gap-default\">\n\t\t\t\t\t<div class=\"elementor-column elementor-col-50 elementor-inner-column elementor-element elementor-element-82bed39\" data-id=\"82bed39\" data-element_type=\"column\">\n\t\t\t<div class=\"elementor-widget-wrap elementor-element-populated\">\n\t\t\t\t\t\t<div class=\"elementor-element elementor-element-db2a167 elementor-widget elementor-widget-text-editor\" data-id=\"db2a167\" data-element_type=\"widget\" data-widget_type=\"text-editor.default\">\n\t\t\t\t<div class=\"elementor-widget-container\">\n\t\t\t\t\t\t\t\t\t<p>Se aplic\u0103 termenii \u0219i condi\u021biile generale pentru industria hotelier\u0103 din Austria.<\/p>\n<p>&gt;&gt; <a href=\"https:\/\/beegreenhotel.at\/wp-content\/uploads\/2022\/07\/agb-hotel-oesterreich.pdf\" target=\"_blank\" rel=\"noopener\">Le pute\u021bi g\u0103si aici<\/a><\/p>\n<p>BEE GREEN Bed &amp; Breakfast<br \/>este o companie din cadrul<br \/>Hotel Hanusch GmbH<br \/>Herrenstra\u00dfe 11, 4020 Linz<br \/>Tel. +43 (0)732 77 24 77 22, Fax +43 (0)732 77 24 77 47<br \/>beegreen@linz-hotel.at, www.beegreenhotel.at<br \/>UID: ATU 76304303<br \/>Membru al Camerei de Comer\u021b a Austriei Superioare<br \/>Num\u0103rul de \u00eenregistrare al societ\u0103\u021bii: 544329 i<br \/>Locul de jurisdic\u021bie Linz<\/p>\n\t\t\t\t\t\t\t\t<\/div>\n\t\t\t\t<\/div>\n\t\t\t\t\t<\/div>\n\t\t<\/div>\n\t\t\t\t<div class=\"elementor-column elementor-col-50 elementor-inner-column elementor-element elementor-element-8e710d8\" data-id=\"8e710d8\" data-element_type=\"column\">\n\t\t\t<div class=\"elementor-widget-wrap elementor-element-populated\">\n\t\t\t\t\t\t<div class=\"elementor-element elementor-element-302d064 elementor-widget elementor-widget-text-editor\" data-id=\"302d064\" data-element_type=\"widget\" data-widget_type=\"text-editor.default\">\n\t\t\t\t<div class=\"elementor-widget-container\">\n\t\t\t\t\t\t\t\t\t<h4>Presa<\/h4>\n<p><a href=\"https:\/\/beegreenhotel.at\/wp-content\/uploads\/woegerer-referenz-beegreen-presse-ooewirtschaft-01.pdf\">Raport de pres\u0103 O\u00d6 Wirtschaft<\/a><\/p>\n\t\t\t\t\t\t\t\t<\/div>\n\t\t\t\t<\/div>\n\t\t\t\t\t<\/div>\n\t\t<\/div>\n\t\t\t\t\t<\/div>\n\t\t<\/section>\n\t\t\t\t<div class=\"elementor-element elementor-element-5f7fb606 elementor-widget elementor-widget-text-editor\" data-id=\"5f7fb606\" data-element_type=\"widget\" data-widget_type=\"text-editor.default\">\n\t\t\t\t<div class=\"elementor-widget-container\">\n\t\t\t\t\t\t\t\t\t<\/p>\n<h4>Copyright \u00a9 2022: Hotel Hanusch GmbH<br \/>Responsabil pentru con\u021binut: Hotel Hanusch GmbH<\/h4>\n<p>Con\u021binutul site-ului web al Bee Green este protejat de drepturile de autor. Reproducerea informa\u021biilor, \u00een special utilizarea textelor, a p\u0103r\u021bilor de text sau a imaginilor, necesit\u0103 o autoriza\u021bie scris\u0103 prealabil\u0103 din partea Hotel Hanusch GmbH. Hotel Hanusch GmbH depune toate eforturile pentru a se asigura c\u0103 informa\u021biile con\u021binute pe acest site sunt corecte. Cu toate acestea, se exclude orice responsabilitate sau garan\u021bie pentru actualitatea, corectitudinea \u0219i caracterul complet al informa\u021biilor furnizate. \u00cen plus, Hotel Hanusch GmbH nu este responsabil pentru con\u021binutul site-urilor externe legate prin hyperlink-uri. Hotelul Hanusch GmbH \u00ee\u0219i rezerv\u0103 dreptul de a aduce modific\u0103ri sau complet\u0103ri la informa\u021biile furnizate f\u0103r\u0103 notificare prealabil\u0103.<\/p>\n<p>Credite foto: Hotel Hanusch GmbH, O\u00d6.Tourismus<\/p>\n<h4>Politica de confiden\u021bialitate:<\/h4>\n<p>Protec\u021bia datelor dumneavoastr\u0103 cu caracter personal este o preocupare deosebit\u0103 pentru noi. Prin urmare, prelucr\u0103m datele dumneavoastr\u0103 exclusiv pe baza dispozi\u021biilor legale (GDPR, TKG 2003). \u00cen aceast\u0103 informare privind protec\u021bia datelor, v\u0103 inform\u0103m cu privire la cele mai importante aspecte ale prelucr\u0103rii datelor \u00een contextul site-ului nostru web.<\/p>\n<p>Atunci c\u00e2nd vizita\u021bi site-ul nostru web, adresa IP, \u00eenceputul \u0219i sf\u00e2r\u0219itul sesiunii sunt \u00eenregistrate pe durata sesiunii respective. Acest lucru este din motive tehnice \u0219i, prin urmare, constituie un interes legitim \u00een sensul articolului 6 alineatul (1) litera (f) din RGPD. Cu excep\u021bia cazului \u00een care se stipuleaz\u0103 altfel mai jos, nu vom prelucra aceste date \u00een continuare.<\/p>\n<p>Dac\u0103 ne contacta\u021bi prin intermediul formularului de pe site-ul web sau prin e-mail, datele pe care le furniza\u021bi vor fi stocate de noi timp de \u0219ase luni \u00een scopul proces\u0103rii solicit\u0103rii \u0219i \u00een cazul unor \u00eentreb\u0103ri ulterioare. Nu transmitem aceste date f\u0103r\u0103 consim\u021b\u0103m\u00e2ntul dumneavoastr\u0103.<\/p>\n<h4>Stocarea datelor:<\/h4>\n<p>Dorim s\u0103 subliniem c\u0103, \u00een scopul simplific\u0103rii procesului de rezervare \u0219i cump\u0103rare \u0219i pentru procesarea ulterioar\u0103 a contractului, operatorul magazinului online stocheaz\u0103 datele IP ale proprietarului conexiunii \u00een cadrul cookie-urilor, precum \u0219i numele, adresa \u0219i num\u0103rul cardului de credit [&#8230;] ale cump\u0103r\u0103torului.<\/p>\n<p>Datele pe care le furniza\u021bi sunt necesare pentru a \u00eendeplini contractul sau pentru a efectua m\u0103suri precontractuale. Nu putem \u00eencheia contractul cu dumneavoastr\u0103 f\u0103r\u0103 aceste date. Datele nu vor fi transferate c\u0103tre ter\u021bi, cu excep\u021bia transferului datelor cardului de credit c\u0103tre institutele bancare de procesare \/ furnizorii de servicii de plat\u0103 \u00een scopul debit\u0103rii pre\u021bului de achizi\u021bie, c\u0103tre compania de transport \/ compania de expediere \u00eens\u0103rcinat\u0103 de noi cu livrarea bunurilor \u0219i c\u0103tre consilierul nostru fiscal pentru a ne \u00eendeplini obliga\u021biile fiscale.<\/p>\n<p>Dup\u0103 anularea procesului de achizi\u021bie, datele stocate de noi vor fi \u0219terse. \u00cen cazul \u00een care se \u00eencheie un contract, toate datele din rela\u021bia contractual\u0103 vor fi stocate p\u00e2n\u0103 la expirarea perioadei de p\u0103strare prev\u0103zute de legisla\u021bia fiscal\u0103 (7 ani).<\/p>\n<p>De asemenea, datele privind numele, adresa, bunurile achizi\u021bionate \u0219i data achizi\u021biei sunt stocate p\u00e2n\u0103 la expirarea r\u0103spunderii pentru produs. Prelucrarea datelor se efectueaz\u0103 pe baza dispozi\u021biilor legale ale articolului 96 alineatul (3) din TKG \u0219i ale articolului 6 alineatul (1) litera (a) (consim\u021b\u0103m\u00e2nt) \u0219i\/sau (b) (necesar pentru \u00eendeplinirea contractului) din GDPR.<\/p>\n<h4>Cookie-uri:<\/h4>\n<p>Site-ul nostru utilizeaz\u0103 a\u0219a-numitele cookie-uri. Acestea sunt mici fi\u0219iere text care sunt stocate pe dispozitivul dvs. final cu ajutorul browserului. Acestea nu provoac\u0103 nicio pagub\u0103.<\/p>\n<p>Utiliz\u0103m cookie-uri pentru a men\u021bine func\u021biile site-ului web \u0219i pentru a face oferta noastr\u0103 u\u0219or de utilizat. Unele module cookie r\u0103m\u00e2n stocate pe dispozitivul dvs. final p\u00e2n\u0103 c\u00e2nd le \u0219terge\u021bi. Acestea ne permit s\u0103 v\u0103 recunoa\u0219tem browserul la urm\u0103toarea vizit\u0103 pe site-ul nostru.<\/p>\n<p>Dac\u0103 nu dori\u021bi acest lucru, v\u0103 pute\u021bi configura browserul astfel \u00eenc\u00e2t s\u0103 v\u0103 informeze cu privire la setarea cookie-urilor \u0219i s\u0103 permite\u021bi acest lucru doar \u00een cazuri individuale.<\/p>\n<p>\u00cen cazul \u00een care cookie-urile sunt dezactivate, func\u021bionalitatea site-ului nostru web poate fi restric\u021bionat\u0103.<\/p>\n\t\t\t\t\t\t\t\t<\/div>\n\t\t\t\t<\/div>\n\t\t\t\t<div class=\"elementor-element elementor-element-3c2a321 elementor-widget elementor-widget-text-editor\" data-id=\"3c2a321\" data-element_type=\"widget\" data-widget_type=\"text-editor.default\">\n\t\t\t\t<div class=\"elementor-widget-container\">\n\t\t\t\t\t\t\t\t\t<h4>Analiza web:<\/h4>\n<p>Site-ul nostru utilizeaz\u0103 func\u021bii ale serviciului de analiz\u0103 web Google Analytics. \u00cen acest scop, se utilizeaz\u0103 module cookie, care permit analizarea utiliz\u0103rii de c\u0103tre dvs. a site-ului web. Informa\u021biile generate \u00een acest mod sunt transferate pe serverul furnizorului \u0219i stocate acolo.<\/p>\n<p>Pute\u021bi \u00eempiedica acest lucru prin configurarea browserului dvs. astfel \u00eenc\u00e2t s\u0103 nu fie stocate cookie-uri.<\/p>\n<p>Am \u00eencheiat un contract corespunz\u0103tor cu furnizorul pentru prelucrarea datelor comandate.<\/p>\n<p>Adresa dumneavoastr\u0103 IP este \u00eenregistrat\u0103, dar este imediat pseudonimizat\u0103. Acest lucru \u00eenseamn\u0103 c\u0103 este posibil\u0103 doar o localizare aproximativ\u0103.<\/p>\n<p>Prelucrarea datelor se efectueaz\u0103 pe baza dispozi\u021biilor legale ale articolului 96 alineatul (3) din TKG \u0219i ale articolului 6 alineatul (1) litera (a) (consim\u021b\u0103m\u00e2nt) \u0219i\/sau (f) (interes legitim) din GDPR.<\/p>\n<p>Preocuparea noastr\u0103 \u00een sensul GDPR (interes legitim) este \u00eembun\u0103t\u0103\u021birea ofertei noastre \u0219i a site-ului nostru web. Deoarece confiden\u021bialitatea utilizatorilor no\u0219tri este important\u0103 pentru noi, datele utilizatorilor sunt pseudonimizate.<\/p>\n\t\t\t\t\t\t\t\t<\/div>\n\t\t\t\t<\/div>\n\t\t\t\t<div class=\"elementor-element elementor-element-2952fdc elementor-widget elementor-widget-text-editor\" data-id=\"2952fdc\" data-element_type=\"widget\" data-widget_type=\"text-editor.default\">\n\t\t\t\t<div class=\"elementor-widget-container\">\n\t\t\t\t\t\t\t\t\t<h4>Buletin informativ<\/h4>\n<p>Ave\u021bi posibilitatea de a v\u0103 abona la buletinul nostru informativ prin intermediul site-ului nostru web. Pentru aceasta avem nevoie de adresa dvs. de e-mail \u0219i de declara\u021bia dvs. c\u0103 sunte\u021bi de acord s\u0103 primi\u021bi buletinul informativ.<\/p>\n<p>V\u0103 pute\u021bi anula abonamentul la buletinul informativ \u00een orice moment. \u00cen acest caz, vom \u0219terge imediat datele dumneavoastr\u0103 \u00een leg\u0103tur\u0103 cu trimiterea buletinului informativ. Aceast\u0103 revocare nu afecteaz\u0103 legalitatea prelucr\u0103rii efectuate pe baza consim\u021b\u0103m\u00e2ntului p\u00e2n\u0103 la data revoc\u0103rii.<\/p>\n<h4>Drepturile dumneavoastr\u0103:<\/h4>\n<p>\u00cen principiu, ave\u021bi dreptul la informare, rectificare, \u0219tergere, restric\u021bionare, portabilitate a datelor, anulare \u0219i opozi\u021bie \u00een ceea ce prive\u0219te datele dumneavoastr\u0103 stocate de noi. \u00cen cazul \u00een care considera\u021bi c\u0103 prelucrarea datelor dumneavoastr\u0103 \u00eencalc\u0103 legea privind protec\u021bia datelor sau c\u0103 preten\u021biile dumneavoastr\u0103 privind protec\u021bia datelor au fost \u00eenc\u0103lcate \u00een vreun fel, ne pute\u021bi face o pl\u00e2ngere la beegreen[at]linz-hotel.at sau la autoritatea de protec\u021bie a datelor.<\/p>\n\t\t\t\t\t\t\t\t<\/div>\n\t\t\t\t<\/div>\n\t\t\t\t\t<\/div>\n\t\t<\/div>\n\t\t\t\t\t<\/div>\n\t\t<\/section>\n\t\t\t\t<\/div>\n\t\t","protected":false},"excerpt":{"rendered":"<p>Imprimare &amp; AGB Se aplic\u0103 termenii \u0219i condi\u021biile generale pentru industria hotelier\u0103 din Austria. &gt;&gt; Le pute\u021bi g\u0103si aici BEE GREEN Bed &amp; Breakfasteste o companie din cadrulHotel Hanusch GmbHHerrenstra\u00dfe 11, 4020 LinzTel. +43 (0)732 77 24 77 22, Fax +43 (0)732 77 24 77 47beegreen@linz-hotel.at, www.beegreenhotel.atUID: ATU 76304303Membru al Camerei de Comer\u021b a Austriei [&hellip;]<\/p>\n","protected":false},"author":1,"featured_media":0,"parent":0,"menu_order":0,"comment_status":"closed","ping_status":"closed","template":"","meta":{"site-sidebar-layout":"default","site-content-layout":"","ast-site-content-layout":"default","site-content-style":"default","site-sidebar-style":"default","ast-global-header-display":"","ast-banner-title-visibility":"","ast-main-header-display":"","ast-hfb-above-header-display":"","ast-hfb-below-header-display":"","ast-hfb-mobile-header-display":"","site-post-title":"disabled","ast-breadcrumbs-content":"","ast-featured-img":"","footer-sml-layout":"","theme-transparent-header-meta":"","adv-header-id-meta":"","stick-header-meta":"","header-above-stick-meta":"","header-main-stick-meta":"","header-below-stick-meta":"","astra-migrate-meta-layouts":"default","ast-page-background-enabled":"default","ast-page-background-meta":{"desktop":{"background-color":"var(--ast-global-color-4)","background-image":"","background-repeat":"repeat","background-position":"center center","background-size":"auto","background-attachment":"scroll","background-type":"","background-media":"","overlay-type":"","overlay-color":"","overlay-opacity":"","overlay-gradient":""},"tablet":{"background-color":"","background-image":"","background-repeat":"repeat","background-position":"center center","background-size":"auto","background-attachment":"scroll","background-type":"","background-media":"","overlay-type":"","overlay-color":"","overlay-opacity":"","overlay-gradient":""},"mobile":{"background-color":"","background-image":"","background-repeat":"repeat","background-position":"center center","background-size":"auto","background-attachment":"scroll","background-type":"","background-media":"","overlay-type":"","overlay-color":"","overlay-opacity":"","overlay-gradient":""}},"ast-content-background-meta":{"desktop":{"background-color":"var(--ast-global-color-5)","background-image":"","background-repeat":"repeat","background-position":"center center","background-size":"auto","background-attachment":"scroll","background-type":"","background-media":"","overlay-type":"","overlay-color":"","overlay-opacity":"","overlay-gradient":""},"tablet":{"background-color":"var(--ast-global-color-5)","background-image":"","background-repeat":"repeat","background-position":"center center","background-size":"auto","background-attachment":"scroll","background-type":"","background-media":"","overlay-type":"","overlay-color":"","overlay-opacity":"","overlay-gradient":""},"mobile":{"background-color":"var(--ast-global-color-5)","background-image":"","background-repeat":"repeat","background-position":"center center","background-size":"auto","background-attachment":"scroll","background-type":"","background-media":"","overlay-type":"","overlay-color":"","overlay-opacity":"","overlay-gradient":""}},"footnotes":""},"class_list":["post-709","page","type-page","status-publish","hentry"],"yoast_head":"<!-- This site is optimized with the Yoast SEO plugin v26.2 - https:\/\/yoast.com\/wordpress\/plugins\/seo\/ -->\n<title>Politica de confiden\u021bialitate - Bee Green Linz<\/title>\n<meta name=\"robots\" content=\"index, follow, max-snippet:-1, max-image-preview:large, max-video-preview:-1\" \/>\n<link rel=\"canonical\" href=\"https:\/\/beegreenhotel.at\/ro\/politica-de-confidentialitate\/\" \/>\n<meta property=\"og:locale\" content=\"ro_RO\" \/>\n<meta property=\"og:type\" content=\"article\" \/>\n<meta property=\"og:title\" content=\"Politica de confiden\u021bialitate - Bee Green Linz\" \/>\n<meta property=\"og:description\" content=\"Imprimare &amp; AGB Se aplic\u0103 termenii \u0219i condi\u021biile generale pentru industria hotelier\u0103 din Austria. &gt;&gt; Le pute\u021bi g\u0103si aici BEE GREEN Bed &amp; Breakfasteste o companie din cadrulHotel Hanusch GmbHHerrenstra\u00dfe 11, 4020 LinzTel. +43 (0)732 77 24 77 22, Fax +43 (0)732 77 24 77 47beegreen@linz-hotel.at, www.beegreenhotel.atUID: ATU 76304303Membru al Camerei de Comer\u021b a Austriei [&hellip;]\" \/>\n<meta property=\"og:url\" content=\"https:\/\/beegreenhotel.at\/ro\/politica-de-confidentialitate\/\" \/>\n<meta property=\"og:site_name\" content=\"Bee Green Linz\" \/>\n<meta property=\"article:modified_time\" content=\"2024-02-04T10:47:03+00:00\" \/>\n<meta name=\"twitter:card\" content=\"summary_large_image\" \/>\n<meta name=\"twitter:label1\" content=\"Timp estimat pentru citire\" \/>\n\t<meta name=\"twitter:data1\" content=\"5 minute\" \/>\n<script type=\"application\/ld+json\" class=\"yoast-schema-graph\">{\"@context\":\"https:\/\/schema.org\",\"@graph\":[{\"@type\":\"WebPage\",\"@id\":\"https:\/\/beegreenhotel.at\/ro\/politica-de-confidentialitate\/\",\"url\":\"https:\/\/beegreenhotel.at\/ro\/politica-de-confidentialitate\/\",\"name\":\"Politica de confiden\u021bialitate - Bee Green Linz\",\"isPartOf\":{\"@id\":\"https:\/\/beegreenhotel.at\/ro\/#website\"},\"datePublished\":\"2022-05-26T11:53:08+00:00\",\"dateModified\":\"2024-02-04T10:47:03+00:00\",\"breadcrumb\":{\"@id\":\"https:\/\/beegreenhotel.at\/ro\/politica-de-confidentialitate\/#breadcrumb\"},\"inLanguage\":\"ro-RO\",\"potentialAction\":[{\"@type\":\"ReadAction\",\"target\":[\"https:\/\/beegreenhotel.at\/ro\/politica-de-confidentialitate\/\"]}]},{\"@type\":\"BreadcrumbList\",\"@id\":\"https:\/\/beegreenhotel.at\/ro\/politica-de-confidentialitate\/#breadcrumb\",\"itemListElement\":[{\"@type\":\"ListItem\",\"position\":1,\"name\":\"Startseite\",\"item\":\"https:\/\/beegreenhotel.at\/ro\/acasa\/\"},{\"@type\":\"ListItem\",\"position\":2,\"name\":\"Politica de confiden\u021bialitate\"}]},{\"@type\":\"WebSite\",\"@id\":\"https:\/\/beegreenhotel.at\/ro\/#website\",\"url\":\"https:\/\/beegreenhotel.at\/ro\/\",\"name\":\"Bee Green Linz\",\"description\":\"Bed &amp; Breakfast\",\"publisher\":{\"@id\":\"https:\/\/beegreenhotel.at\/ro\/#organization\"},\"potentialAction\":[{\"@type\":\"SearchAction\",\"target\":{\"@type\":\"EntryPoint\",\"urlTemplate\":\"https:\/\/beegreenhotel.at\/ro\/?s={search_term_string}\"},\"query-input\":{\"@type\":\"PropertyValueSpecification\",\"valueRequired\":true,\"valueName\":\"search_term_string\"}}],\"inLanguage\":\"ro-RO\"},{\"@type\":\"Organization\",\"@id\":\"https:\/\/beegreenhotel.at\/ro\/#organization\",\"name\":\"BEE GREEN Linz\",\"url\":\"https:\/\/beegreenhotel.at\/ro\/\",\"logo\":{\"@type\":\"ImageObject\",\"inLanguage\":\"ro-RO\",\"@id\":\"https:\/\/beegreenhotel.at\/ro\/#\/schema\/logo\/image\/\",\"url\":\"https:\/\/beegreenhotel.at\/wp-content\/uploads\/2022\/05\/bee-green-logo.png\",\"contentUrl\":\"https:\/\/beegreenhotel.at\/wp-content\/uploads\/2022\/05\/bee-green-logo.png\",\"width\":800,\"height\":800,\"caption\":\"BEE GREEN Linz\"},\"image\":{\"@id\":\"https:\/\/beegreenhotel.at\/ro\/#\/schema\/logo\/image\/\"}}]}<\/script>\n<!-- \/ Yoast SEO plugin. -->","yoast_head_json":{"title":"Politica de confiden\u021bialitate - Bee Green Linz","robots":{"index":"index","follow":"follow","max-snippet":"max-snippet:-1","max-image-preview":"max-image-preview:large","max-video-preview":"max-video-preview:-1"},"canonical":"https:\/\/beegreenhotel.at\/ro\/politica-de-confidentialitate\/","og_locale":"ro_RO","og_type":"article","og_title":"Politica de confiden\u021bialitate - Bee Green Linz","og_description":"Imprimare &amp; AGB Se aplic\u0103 termenii \u0219i condi\u021biile generale pentru industria hotelier\u0103 din Austria. &gt;&gt; Le pute\u021bi g\u0103si aici BEE GREEN Bed &amp; Breakfasteste o companie din cadrulHotel Hanusch GmbHHerrenstra\u00dfe 11, 4020 LinzTel. +43 (0)732 77 24 77 22, Fax +43 (0)732 77 24 77 47beegreen@linz-hotel.at, www.beegreenhotel.atUID: ATU 76304303Membru al Camerei de Comer\u021b a Austriei [&hellip;]","og_url":"https:\/\/beegreenhotel.at\/ro\/politica-de-confidentialitate\/","og_site_name":"Bee Green Linz","article_modified_time":"2024-02-04T10:47:03+00:00","twitter_card":"summary_large_image","twitter_misc":{"Timp estimat pentru citire":"5 minute"},"schema":{"@context":"https:\/\/schema.org","@graph":[{"@type":"WebPage","@id":"https:\/\/beegreenhotel.at\/ro\/politica-de-confidentialitate\/","url":"https:\/\/beegreenhotel.at\/ro\/politica-de-confidentialitate\/","name":"Politica de confiden\u021bialitate - Bee Green Linz","isPartOf":{"@id":"https:\/\/beegreenhotel.at\/ro\/#website"},"datePublished":"2022-05-26T11:53:08+00:00","dateModified":"2024-02-04T10:47:03+00:00","breadcrumb":{"@id":"https:\/\/beegreenhotel.at\/ro\/politica-de-confidentialitate\/#breadcrumb"},"inLanguage":"ro-RO","potentialAction":[{"@type":"ReadAction","target":["https:\/\/beegreenhotel.at\/ro\/politica-de-confidentialitate\/"]}]},{"@type":"BreadcrumbList","@id":"https:\/\/beegreenhotel.at\/ro\/politica-de-confidentialitate\/#breadcrumb","itemListElement":[{"@type":"ListItem","position":1,"name":"Startseite","item":"https:\/\/beegreenhotel.at\/ro\/acasa\/"},{"@type":"ListItem","position":2,"name":"Politica de confiden\u021bialitate"}]},{"@type":"WebSite","@id":"https:\/\/beegreenhotel.at\/ro\/#website","url":"https:\/\/beegreenhotel.at\/ro\/","name":"Bee Green Linz","description":"Bed &amp; Breakfast","publisher":{"@id":"https:\/\/beegreenhotel.at\/ro\/#organization"},"potentialAction":[{"@type":"SearchAction","target":{"@type":"EntryPoint","urlTemplate":"https:\/\/beegreenhotel.at\/ro\/?s={search_term_string}"},"query-input":{"@type":"PropertyValueSpecification","valueRequired":true,"valueName":"search_term_string"}}],"inLanguage":"ro-RO"},{"@type":"Organization","@id":"https:\/\/beegreenhotel.at\/ro\/#organization","name":"BEE GREEN Linz","url":"https:\/\/beegreenhotel.at\/ro\/","logo":{"@type":"ImageObject","inLanguage":"ro-RO","@id":"https:\/\/beegreenhotel.at\/ro\/#\/schema\/logo\/image\/","url":"https:\/\/beegreenhotel.at\/wp-content\/uploads\/2022\/05\/bee-green-logo.png","contentUrl":"https:\/\/beegreenhotel.at\/wp-content\/uploads\/2022\/05\/bee-green-logo.png","width":800,"height":800,"caption":"BEE GREEN Linz"},"image":{"@id":"https:\/\/beegreenhotel.at\/ro\/#\/schema\/logo\/image\/"}}]}},"_links":{"self":[{"href":"https:\/\/beegreenhotel.at\/ro\/wp-json\/wp\/v2\/pages\/709","targetHints":{"allow":["GET"]}}],"collection":[{"href":"https:\/\/beegreenhotel.at\/ro\/wp-json\/wp\/v2\/pages"}],"about":[{"href":"https:\/\/beegreenhotel.at\/ro\/wp-json\/wp\/v2\/types\/page"}],"author":[{"embeddable":true,"href":"https:\/\/beegreenhotel.at\/ro\/wp-json\/wp\/v2\/users\/1"}],"replies":[{"embeddable":true,"href":"https:\/\/beegreenhotel.at\/ro\/wp-json\/wp\/v2\/comments?post=709"}],"version-history":[{"count":2,"href":"https:\/\/beegreenhotel.at\/ro\/wp-json\/wp\/v2\/pages\/709\/revisions"}],"predecessor-version":[{"id":714,"href":"https:\/\/beegreenhotel.at\/ro\/wp-json\/wp\/v2\/pages\/709\/revisions\/714"}],"wp:attachment":[{"href":"https:\/\/beegreenhotel.at\/ro\/wp-json\/wp\/v2\/media?parent=709"}],"curies":[{"name":"wp","href":"https:\/\/api.w.org\/{rel}","templated":true}]}}