{"id":710,"date":"2022-05-26T13:53:08","date_gmt":"2022-05-26T11:53:08","guid":{"rendered":"https:\/\/beegreenhotel.at\/polityka-prywatnosci\/"},"modified":"2024-02-04T11:47:03","modified_gmt":"2024-02-04T10:47:03","slug":"polityka-prywatnosci","status":"publish","type":"page","link":"https:\/\/beegreenhotel.at\/pl\/polityka-prywatnosci\/","title":{"rendered":"Polityka prywatno\u015bci"},"content":{"rendered":"\t\t<div data-elementor-type=\"wp-page\" data-elementor-id=\"710\" class=\"elementor elementor-710 elementor-3\">\n\t\t\t\t\t\t<section class=\"elementor-section elementor-top-section elementor-element elementor-element-599f3874 elementor-section-boxed elementor-section-height-default elementor-section-height-default\" data-id=\"599f3874\" data-element_type=\"section\">\n\t\t\t\t\t\t<div class=\"elementor-container elementor-column-gap-default\">\n\t\t\t\t\t<div class=\"elementor-column elementor-col-100 elementor-top-column elementor-element elementor-element-aea4d22\" data-id=\"aea4d22\" data-element_type=\"column\" data-settings=\"{&quot;background_background&quot;:&quot;classic&quot;}\">\n\t\t\t<div class=\"elementor-widget-wrap elementor-element-populated\">\n\t\t\t\t\t\t<div class=\"elementor-element elementor-element-6567902 elementor-widget elementor-widget-heading\" data-id=\"6567902\" data-element_type=\"widget\" data-widget_type=\"heading.default\">\n\t\t\t\t<div class=\"elementor-widget-container\">\n\t\t\t\t\t<h1 class=\"elementor-heading-title elementor-size-default\">Imprint &amp; AGB<\/h1>\t\t\t\t<\/div>\n\t\t\t\t<\/div>\n\t\t\t\t<section class=\"elementor-section elementor-inner-section elementor-element elementor-element-9fa5352 elementor-section-boxed elementor-section-height-default elementor-section-height-default\" data-id=\"9fa5352\" data-element_type=\"section\">\n\t\t\t\t\t\t<div class=\"elementor-container elementor-column-gap-default\">\n\t\t\t\t\t<div class=\"elementor-column elementor-col-50 elementor-inner-column elementor-element elementor-element-82bed39\" data-id=\"82bed39\" data-element_type=\"column\">\n\t\t\t<div class=\"elementor-widget-wrap elementor-element-populated\">\n\t\t\t\t\t\t<div class=\"elementor-element elementor-element-db2a167 elementor-widget elementor-widget-text-editor\" data-id=\"db2a167\" data-element_type=\"widget\" data-widget_type=\"text-editor.default\">\n\t\t\t\t<div class=\"elementor-widget-container\">\n\t\t\t\t\t\t\t\t\t<p>Zastosowanie maj\u0105 og\u00f3lne warunki dla bran\u017cy hotelarskiej w Austrii.<\/p>\n<p>&gt;&gt; <a href=\"https:\/\/beegreenhotel.at\/wp-content\/uploads\/2022\/07\/agb-hotel-oesterreich.pdf\" target=\"_blank\" rel=\"noopener\">Mo\u017cna je znale\u017a\u0107 tutaj<\/a><\/p>\n<p>BEE GREEN Bed &amp; Breakfast<br \/>jest sp\u00f3\u0142k\u0105 nale\u017c\u0105c\u0105 do<br \/>Hotel Hanusch GmbH<br \/>Herrenstra\u00dfe 11, 4020 Linz<br \/>Tel. +43 (0)732 77 24 77 22, faks +43 (0)732 77 24 77 47<br \/>beegreen@linz-hotel.at, www.beegreenhotel.at<br \/>UID: ATU 76304303<br \/>Cz\u0142onek Izby Handlowej G\u00f3rnej Austrii<br \/>Numer rejestracyjny sp\u00f3\u0142ki: 544329 i<br \/>Miejsce jurysdykcji Linz<\/p>\n\t\t\t\t\t\t\t\t<\/div>\n\t\t\t\t<\/div>\n\t\t\t\t\t<\/div>\n\t\t<\/div>\n\t\t\t\t<div class=\"elementor-column elementor-col-50 elementor-inner-column elementor-element elementor-element-8e710d8\" data-id=\"8e710d8\" data-element_type=\"column\">\n\t\t\t<div class=\"elementor-widget-wrap elementor-element-populated\">\n\t\t\t\t\t\t<div class=\"elementor-element elementor-element-302d064 elementor-widget elementor-widget-text-editor\" data-id=\"302d064\" data-element_type=\"widget\" data-widget_type=\"text-editor.default\">\n\t\t\t\t<div class=\"elementor-widget-container\">\n\t\t\t\t\t\t\t\t\t<h4>Prasa<\/h4>\n<p><a href=\"https:\/\/beegreenhotel.at\/wp-content\/uploads\/woegerer-referenz-beegreen-presse-ooewirtschaft-01.pdf\">Raport prasowy O\u00d6 Wirtschaft<\/a><\/p>\n\t\t\t\t\t\t\t\t<\/div>\n\t\t\t\t<\/div>\n\t\t\t\t\t<\/div>\n\t\t<\/div>\n\t\t\t\t\t<\/div>\n\t\t<\/section>\n\t\t\t\t<div class=\"elementor-element elementor-element-5f7fb606 elementor-widget elementor-widget-text-editor\" data-id=\"5f7fb606\" data-element_type=\"widget\" data-widget_type=\"text-editor.default\">\n\t\t\t\t<div class=\"elementor-widget-container\">\n\t\t\t\t\t\t\t\t\t<\/p>\n<h4>Copyright \u00a9 2022: Hotel Hanusch GmbH<br \/>Odpowiedzialny za tre\u015b\u0107: Hotel Hanusch GmbH<\/h4>\n<p>Zawarto\u015b\u0107 strony internetowej Bee Green jest chroniona prawem autorskim. Powielanie informacji, w szczeg\u00f3lno\u015bci wykorzystywanie tekst\u00f3w, cz\u0119\u015bci tekst\u00f3w lub obraz\u00f3w wymaga uprzedniej pisemnej zgody Hotel Hanusch GmbH. Hotel Hanusch GmbH dok\u0142ada wszelkich stara\u0144, aby informacje zawarte na tej stronie internetowej by\u0142y dok\u0142adne. Wyklucza si\u0119 jednak wszelk\u0105 odpowiedzialno\u015b\u0107 lub gwarancj\u0119 za aktualno\u015b\u0107, poprawno\u015b\u0107 i kompletno\u015b\u0107 dostarczonych informacji. Ponadto Hotel Hanusch GmbH nie ponosi odpowiedzialno\u015bci za tre\u015b\u0107 zewn\u0119trznych stron internetowych, do kt\u00f3rych prowadz\u0105 hiper\u0142\u0105cza. Hotel Hanusch GmbH zastrzega sobie prawo do wprowadzania zmian lub uzupe\u0142nie\u0144 w podanych informacjach bez wcze\u015bniejszego powiadomienia.<\/p>\n<p>Zdj\u0119cia: Hotel Hanusch GmbH, O\u00d6.Tourismus<\/p>\n<h4>Polityka prywatno\u015bci:<\/h4>\n<p>Ochrona danych osobowych u\u017cytkownik\u00f3w jest dla nas szczeg\u00f3lnie wa\u017cna. W zwi\u0105zku z tym przetwarzamy dane wy\u0142\u0105cznie na podstawie przepis\u00f3w ustawowych (RODO, TKG 2003). W niniejszej informacji o ochronie danych informujemy o najwa\u017cniejszych aspektach przetwarzania danych w kontek\u015bcie naszej strony internetowej.<\/p>\n<p>Gdy u\u017cytkownik odwiedza nasz\u0105 stron\u0119 internetow\u0105, jego adres IP, pocz\u0105tek i koniec sesji s\u0105 rejestrowane na czas trwania tej sesji. Odbywa si\u0119 to z przyczyn technicznych i w zwi\u0105zku z tym stanowi uzasadniony interes w rozumieniu art. 6 ust. 1 lit. f) RODO. O ile poni\u017cej nie okre\u015blono inaczej, nie b\u0119dziemy dalej przetwarza\u0107 tych danych.<\/p>\n<p>Je\u015bli u\u017cytkownik skontaktuje si\u0119 z nami za pomoc\u0105 formularza na stronie internetowej lub poczty e-mail, podane przez niego dane b\u0119d\u0105 przechowywane przez nas przez sze\u015b\u0107 miesi\u0119cy w celu przetworzenia zapytania i w przypadku dalszych pyta\u0144. Nie przekazujemy tych danych bez zgody u\u017cytkownika.<\/p>\n<h4>Przechowywanie danych:<\/h4>\n<p>Zwracamy uwag\u0119, \u017ce w celu uproszczenia procesu rezerwacji i zakupu oraz p\u00f3\u017aniejszego przetwarzania umowy operator sklepu internetowego przechowuje dane IP w\u0142a\u015bciciela po\u0142\u0105czenia w ramach plik\u00f3w cookie, a tak\u017ce imi\u0119 i nazwisko, adres i numer karty kredytowej [&#8230;] kupuj\u0105cego.<\/p>\n<p>Podane przez u\u017cytkownika dane s\u0105 niezb\u0119dne do realizacji umowy lub przeprowadzenia dzia\u0142a\u0144 poprzedzaj\u0105cych zawarcie umowy. Bez tych danych nie mo\u017cemy zawrze\u0107 umowy z u\u017cytkownikiem. Dane nie b\u0119d\u0105 przekazywane stronom trzecim, z wyj\u0105tkiem przekazywania danych kart kredytowych do instytucji bankowych przetwarzaj\u0105cych p\u0142atno\u015bci \/ dostawc\u00f3w us\u0142ug p\u0142atniczych w celu obci\u0105\u017cenia ceny zakupu, do firmy transportowej \/ firmy spedycyjnej zleconej przez nas w celu dostarczenia towar\u00f3w oraz do naszego doradcy podatkowego w celu wype\u0142nienia naszych zobowi\u0105za\u0144 podatkowych.<\/p>\n<p>Po anulowaniu procesu zakupu przechowywane przez nas dane zostan\u0105 usuni\u0119te. W przypadku zawarcia umowy wszystkie dane wynikaj\u0105ce ze stosunku umownego b\u0119d\u0105 przechowywane do momentu wyga\u015bni\u0119cia okresu przechowywania danych zgodnie z prawem podatkowym (7 lat).<\/p>\n<p>Dane takie jak imi\u0119 i nazwisko, adres, zakupione towary i data zakupu s\u0105 r\u00f3wnie\u017c przechowywane do momentu wyga\u015bni\u0119cia odpowiedzialno\u015bci za produkt. Przetwarzanie danych odbywa si\u0119 na podstawie przepis\u00f3w ustawowych art. 96 (3) TKG i art. 6 (1) (a) (zgoda) i\/lub (b) (niezb\u0119dne do wykonania umowy) RODO.<\/p>\n<h4>Pliki cookie:<\/h4>\n<p>Nasza strona internetowa wykorzystuje tzw. pliki cookie. S\u0105 to ma\u0142e pliki tekstowe, kt\u00f3re s\u0105 przechowywane na urz\u0105dzeniu ko\u0144cowym za pomoc\u0105 przegl\u0105darki. Nie powoduj\u0105 one \u017cadnych uszkodze\u0144.<\/p>\n<p>U\u017cywamy plik\u00f3w cookie w celu utrzymania funkcji strony internetowej i uczynienia naszej oferty przyjazn\u0105 dla u\u017cytkownika. Niekt\u00f3re pliki cookie pozostaj\u0105 zapisane na urz\u0105dzeniu ko\u0144cowym u\u017cytkownika do momentu ich usuni\u0119cia. Umo\u017cliwiaj\u0105 nam one rozpoznanie przegl\u0105darki u\u017cytkownika przy nast\u0119pnej wizycie na naszej stronie internetowej.<\/p>\n<p>Je\u015bli u\u017cytkownik sobie tego nie \u017cyczy, mo\u017ce skonfigurowa\u0107 przegl\u0105dark\u0119 w taki spos\u00f3b, aby informowa\u0142a go o ustawieniach plik\u00f3w cookie i zezwala\u0142a na to tylko w indywidualnych przypadkach.<\/p>\n<p>Je\u015bli pliki cookie zostan\u0105 wy\u0142\u0105czone, funkcjonalno\u015b\u0107 naszej strony internetowej mo\u017ce by\u0107 ograniczona.<\/p>\n\t\t\t\t\t\t\t\t<\/div>\n\t\t\t\t<\/div>\n\t\t\t\t<div class=\"elementor-element elementor-element-3c2a321 elementor-widget elementor-widget-text-editor\" data-id=\"3c2a321\" data-element_type=\"widget\" data-widget_type=\"text-editor.default\">\n\t\t\t\t<div class=\"elementor-widget-container\">\n\t\t\t\t\t\t\t\t\t<h4>Analiza internetowa:<\/h4>\n<p>Nasza strona internetowa korzysta z funkcji us\u0142ugi analizy internetowej Google Analytics. W tym celu wykorzystywane s\u0105 pliki cookie, kt\u00f3re umo\u017cliwiaj\u0105 analiz\u0119 korzystania z witryny przez u\u017cytkownika. Wygenerowane w ten spos\u00f3b informacje s\u0105 przesy\u0142ane na serwer dostawcy i tam przechowywane.<\/p>\n<p>Mo\u017cna temu zapobiec, konfiguruj\u0105c przegl\u0105dark\u0119 tak, aby pliki cookie nie by\u0142y zapisywane.<\/p>\n<p>Zawarli\u015bmy odpowiedni\u0105 umow\u0119 z dostawc\u0105 na przetwarzanie danych na zlecenie.<\/p>\n<p>Adres IP u\u017cytkownika jest rejestrowany, ale natychmiast pseudonimizowany. Oznacza to, \u017ce mo\u017cliwa jest tylko przybli\u017cona lokalizacja.<\/p>\n<p>Przetwarzanie danych odbywa si\u0119 na podstawie przepis\u00f3w ustawowych art. 96 (3) TKG oraz art. 6 (1) (a) (zgoda) i\/lub (f) (uzasadniony interes) RODO.<\/p>\n<p>Nasz\u0105 trosk\u0105 w rozumieniu RODO (uzasadniony interes) jest ulepszanie naszej oferty i naszej strony internetowej. Poniewa\u017c prywatno\u015b\u0107 naszych u\u017cytkownik\u00f3w jest dla nas wa\u017cna, dane u\u017cytkownik\u00f3w s\u0105 pseudonimizowane.<\/p>\n\t\t\t\t\t\t\t\t<\/div>\n\t\t\t\t<\/div>\n\t\t\t\t<div class=\"elementor-element elementor-element-2952fdc elementor-widget elementor-widget-text-editor\" data-id=\"2952fdc\" data-element_type=\"widget\" data-widget_type=\"text-editor.default\">\n\t\t\t\t<div class=\"elementor-widget-container\">\n\t\t\t\t\t\t\t\t\t<h4>Newsletter<\/h4>\n<p>U\u017cytkownik ma mo\u017cliwo\u015b\u0107 zapisania si\u0119 do naszego newslettera za po\u015brednictwem naszej strony internetowej. W tym celu potrzebujemy Twojego adresu e-mail i Twojej deklaracji, \u017ce zgadzasz si\u0119 na otrzymywanie newslettera.<\/p>\n<p>Subskrypcj\u0119 biuletynu mo\u017cna anulowa\u0107 w dowolnym momencie. Nast\u0119pnie niezw\u0142ocznie usuniemy dane u\u017cytkownika w zwi\u0105zku z wysy\u0142k\u0105 newslettera. Cofni\u0119cie zgody nie ma wp\u0142ywu na zgodno\u015b\u0107 z prawem przetwarzania, kt\u00f3rego dokonano na podstawie zgody do momentu jej cofni\u0119cia.<\/p>\n<h4>Twoje prawa:<\/h4>\n<p>Zasadniczo u\u017cytkownik ma prawo do informacji, poprawiania, usuwania, ograniczania, przenoszenia danych, anulowania i sprzeciwu w odniesieniu do przechowywanych przez nas danych. Je\u015bli uwa\u017casz, \u017ce przetwarzanie Twoich danych narusza prawo o ochronie danych lub Twoje roszczenia dotycz\u0105ce ochrony danych zosta\u0142y w jakikolwiek spos\u00f3b naruszone, mo\u017cesz z\u0142o\u017cy\u0107 skarg\u0119 do nas beegreen[at]linz-hotel.at lub organu ochrony danych.<\/p>\n\t\t\t\t\t\t\t\t<\/div>\n\t\t\t\t<\/div>\n\t\t\t\t\t<\/div>\n\t\t<\/div>\n\t\t\t\t\t<\/div>\n\t\t<\/section>\n\t\t\t\t<\/div>\n\t\t","protected":false},"excerpt":{"rendered":"<p>Imprint &amp; AGB Zastosowanie maj\u0105 og\u00f3lne warunki dla bran\u017cy hotelarskiej w Austrii. &gt;&gt; Mo\u017cna je znale\u017a\u0107 tutaj BEE GREEN Bed &amp; Breakfastjest sp\u00f3\u0142k\u0105 nale\u017c\u0105c\u0105 doHotel Hanusch GmbHHerrenstra\u00dfe 11, 4020 LinzTel. +43 (0)732 77 24 77 22, faks +43 (0)732 77 24 77 47beegreen@linz-hotel.at, www.beegreenhotel.atUID: ATU 76304303Cz\u0142onek Izby Handlowej G\u00f3rnej AustriiNumer rejestracyjny sp\u00f3\u0142ki: 544329 iMiejsce jurysdykcji [&hellip;]<\/p>\n","protected":false},"author":1,"featured_media":0,"parent":0,"menu_order":0,"comment_status":"closed","ping_status":"closed","template":"","meta":{"site-sidebar-layout":"default","site-content-layout":"","ast-site-content-layout":"default","site-content-style":"default","site-sidebar-style":"default","ast-global-header-display":"","ast-banner-title-visibility":"","ast-main-header-display":"","ast-hfb-above-header-display":"","ast-hfb-below-header-display":"","ast-hfb-mobile-header-display":"","site-post-title":"disabled","ast-breadcrumbs-content":"","ast-featured-img":"","footer-sml-layout":"","theme-transparent-header-meta":"","adv-header-id-meta":"","stick-header-meta":"","header-above-stick-meta":"","header-main-stick-meta":"","header-below-stick-meta":"","astra-migrate-meta-layouts":"default","ast-page-background-enabled":"default","ast-page-background-meta":{"desktop":{"background-color":"var(--ast-global-color-4)","background-image":"","background-repeat":"repeat","background-position":"center center","background-size":"auto","background-attachment":"scroll","background-type":"","background-media":"","overlay-type":"","overlay-color":"","overlay-opacity":"","overlay-gradient":""},"tablet":{"background-color":"","background-image":"","background-repeat":"repeat","background-position":"center center","background-size":"auto","background-attachment":"scroll","background-type":"","background-media":"","overlay-type":"","overlay-color":"","overlay-opacity":"","overlay-gradient":""},"mobile":{"background-color":"","background-image":"","background-repeat":"repeat","background-position":"center center","background-size":"auto","background-attachment":"scroll","background-type":"","background-media":"","overlay-type":"","overlay-color":"","overlay-opacity":"","overlay-gradient":""}},"ast-content-background-meta":{"desktop":{"background-color":"var(--ast-global-color-5)","background-image":"","background-repeat":"repeat","background-position":"center center","background-size":"auto","background-attachment":"scroll","background-type":"","background-media":"","overlay-type":"","overlay-color":"","overlay-opacity":"","overlay-gradient":""},"tablet":{"background-color":"var(--ast-global-color-5)","background-image":"","background-repeat":"repeat","background-position":"center center","background-size":"auto","background-attachment":"scroll","background-type":"","background-media":"","overlay-type":"","overlay-color":"","overlay-opacity":"","overlay-gradient":""},"mobile":{"background-color":"var(--ast-global-color-5)","background-image":"","background-repeat":"repeat","background-position":"center center","background-size":"auto","background-attachment":"scroll","background-type":"","background-media":"","overlay-type":"","overlay-color":"","overlay-opacity":"","overlay-gradient":""}},"footnotes":""},"class_list":["post-710","page","type-page","status-publish","hentry"],"yoast_head":"<!-- This site is optimized with the Yoast SEO plugin v26.2 - https:\/\/yoast.com\/wordpress\/plugins\/seo\/ -->\n<title>Polityka prywatno\u015bci - Bee Green Linz<\/title>\n<meta name=\"robots\" content=\"index, follow, max-snippet:-1, max-image-preview:large, max-video-preview:-1\" \/>\n<link rel=\"canonical\" href=\"https:\/\/beegreenhotel.at\/pl\/polityka-prywatnosci\/\" \/>\n<meta property=\"og:locale\" content=\"pl_PL\" \/>\n<meta property=\"og:type\" content=\"article\" \/>\n<meta property=\"og:title\" content=\"Polityka prywatno\u015bci - Bee Green Linz\" \/>\n<meta property=\"og:description\" content=\"Imprint &amp; AGB Zastosowanie maj\u0105 og\u00f3lne warunki dla bran\u017cy hotelarskiej w Austrii. &gt;&gt; Mo\u017cna je znale\u017a\u0107 tutaj BEE GREEN Bed &amp; Breakfastjest sp\u00f3\u0142k\u0105 nale\u017c\u0105c\u0105 doHotel Hanusch GmbHHerrenstra\u00dfe 11, 4020 LinzTel. +43 (0)732 77 24 77 22, faks +43 (0)732 77 24 77 47beegreen@linz-hotel.at, www.beegreenhotel.atUID: ATU 76304303Cz\u0142onek Izby Handlowej G\u00f3rnej AustriiNumer rejestracyjny sp\u00f3\u0142ki: 544329 iMiejsce jurysdykcji [&hellip;]\" \/>\n<meta property=\"og:url\" content=\"https:\/\/beegreenhotel.at\/pl\/polityka-prywatnosci\/\" \/>\n<meta property=\"og:site_name\" content=\"Bee Green Linz\" \/>\n<meta property=\"article:modified_time\" content=\"2024-02-04T10:47:03+00:00\" \/>\n<meta name=\"twitter:card\" content=\"summary_large_image\" \/>\n<meta name=\"twitter:label1\" content=\"Szacowany czas czytania\" \/>\n\t<meta name=\"twitter:data1\" content=\"5 minut\" \/>\n<script type=\"application\/ld+json\" class=\"yoast-schema-graph\">{\"@context\":\"https:\/\/schema.org\",\"@graph\":[{\"@type\":\"WebPage\",\"@id\":\"https:\/\/beegreenhotel.at\/pl\/polityka-prywatnosci\/\",\"url\":\"https:\/\/beegreenhotel.at\/pl\/polityka-prywatnosci\/\",\"name\":\"Polityka prywatno\u015bci - Bee Green Linz\",\"isPartOf\":{\"@id\":\"https:\/\/beegreenhotel.at\/pl\/#website\"},\"datePublished\":\"2022-05-26T11:53:08+00:00\",\"dateModified\":\"2024-02-04T10:47:03+00:00\",\"breadcrumb\":{\"@id\":\"https:\/\/beegreenhotel.at\/pl\/polityka-prywatnosci\/#breadcrumb\"},\"inLanguage\":\"pl-PL\",\"potentialAction\":[{\"@type\":\"ReadAction\",\"target\":[\"https:\/\/beegreenhotel.at\/pl\/polityka-prywatnosci\/\"]}]},{\"@type\":\"BreadcrumbList\",\"@id\":\"https:\/\/beegreenhotel.at\/pl\/polityka-prywatnosci\/#breadcrumb\",\"itemListElement\":[{\"@type\":\"ListItem\",\"position\":1,\"name\":\"Startseite\",\"item\":\"https:\/\/beegreenhotel.at\/pl\/strona-glowna\/\"},{\"@type\":\"ListItem\",\"position\":2,\"name\":\"Polityka prywatno\u015bci\"}]},{\"@type\":\"WebSite\",\"@id\":\"https:\/\/beegreenhotel.at\/pl\/#website\",\"url\":\"https:\/\/beegreenhotel.at\/pl\/\",\"name\":\"Bee Green Linz\",\"description\":\"Bed &amp; Breakfast\",\"publisher\":{\"@id\":\"https:\/\/beegreenhotel.at\/pl\/#organization\"},\"potentialAction\":[{\"@type\":\"SearchAction\",\"target\":{\"@type\":\"EntryPoint\",\"urlTemplate\":\"https:\/\/beegreenhotel.at\/pl\/?s={search_term_string}\"},\"query-input\":{\"@type\":\"PropertyValueSpecification\",\"valueRequired\":true,\"valueName\":\"search_term_string\"}}],\"inLanguage\":\"pl-PL\"},{\"@type\":\"Organization\",\"@id\":\"https:\/\/beegreenhotel.at\/pl\/#organization\",\"name\":\"BEE GREEN Linz\",\"url\":\"https:\/\/beegreenhotel.at\/pl\/\",\"logo\":{\"@type\":\"ImageObject\",\"inLanguage\":\"pl-PL\",\"@id\":\"https:\/\/beegreenhotel.at\/pl\/#\/schema\/logo\/image\/\",\"url\":\"https:\/\/beegreenhotel.at\/wp-content\/uploads\/2022\/05\/bee-green-logo.png\",\"contentUrl\":\"https:\/\/beegreenhotel.at\/wp-content\/uploads\/2022\/05\/bee-green-logo.png\",\"width\":800,\"height\":800,\"caption\":\"BEE GREEN Linz\"},\"image\":{\"@id\":\"https:\/\/beegreenhotel.at\/pl\/#\/schema\/logo\/image\/\"}}]}<\/script>\n<!-- \/ Yoast SEO plugin. -->","yoast_head_json":{"title":"Polityka prywatno\u015bci - Bee Green Linz","robots":{"index":"index","follow":"follow","max-snippet":"max-snippet:-1","max-image-preview":"max-image-preview:large","max-video-preview":"max-video-preview:-1"},"canonical":"https:\/\/beegreenhotel.at\/pl\/polityka-prywatnosci\/","og_locale":"pl_PL","og_type":"article","og_title":"Polityka prywatno\u015bci - Bee Green Linz","og_description":"Imprint &amp; AGB Zastosowanie maj\u0105 og\u00f3lne warunki dla bran\u017cy hotelarskiej w Austrii. &gt;&gt; Mo\u017cna je znale\u017a\u0107 tutaj BEE GREEN Bed &amp; Breakfastjest sp\u00f3\u0142k\u0105 nale\u017c\u0105c\u0105 doHotel Hanusch GmbHHerrenstra\u00dfe 11, 4020 LinzTel. +43 (0)732 77 24 77 22, faks +43 (0)732 77 24 77 47beegreen@linz-hotel.at, www.beegreenhotel.atUID: ATU 76304303Cz\u0142onek Izby Handlowej G\u00f3rnej AustriiNumer rejestracyjny sp\u00f3\u0142ki: 544329 iMiejsce jurysdykcji [&hellip;]","og_url":"https:\/\/beegreenhotel.at\/pl\/polityka-prywatnosci\/","og_site_name":"Bee Green Linz","article_modified_time":"2024-02-04T10:47:03+00:00","twitter_card":"summary_large_image","twitter_misc":{"Szacowany czas czytania":"5 minut"},"schema":{"@context":"https:\/\/schema.org","@graph":[{"@type":"WebPage","@id":"https:\/\/beegreenhotel.at\/pl\/polityka-prywatnosci\/","url":"https:\/\/beegreenhotel.at\/pl\/polityka-prywatnosci\/","name":"Polityka prywatno\u015bci - Bee Green Linz","isPartOf":{"@id":"https:\/\/beegreenhotel.at\/pl\/#website"},"datePublished":"2022-05-26T11:53:08+00:00","dateModified":"2024-02-04T10:47:03+00:00","breadcrumb":{"@id":"https:\/\/beegreenhotel.at\/pl\/polityka-prywatnosci\/#breadcrumb"},"inLanguage":"pl-PL","potentialAction":[{"@type":"ReadAction","target":["https:\/\/beegreenhotel.at\/pl\/polityka-prywatnosci\/"]}]},{"@type":"BreadcrumbList","@id":"https:\/\/beegreenhotel.at\/pl\/polityka-prywatnosci\/#breadcrumb","itemListElement":[{"@type":"ListItem","position":1,"name":"Startseite","item":"https:\/\/beegreenhotel.at\/pl\/strona-glowna\/"},{"@type":"ListItem","position":2,"name":"Polityka prywatno\u015bci"}]},{"@type":"WebSite","@id":"https:\/\/beegreenhotel.at\/pl\/#website","url":"https:\/\/beegreenhotel.at\/pl\/","name":"Bee Green Linz","description":"Bed &amp; Breakfast","publisher":{"@id":"https:\/\/beegreenhotel.at\/pl\/#organization"},"potentialAction":[{"@type":"SearchAction","target":{"@type":"EntryPoint","urlTemplate":"https:\/\/beegreenhotel.at\/pl\/?s={search_term_string}"},"query-input":{"@type":"PropertyValueSpecification","valueRequired":true,"valueName":"search_term_string"}}],"inLanguage":"pl-PL"},{"@type":"Organization","@id":"https:\/\/beegreenhotel.at\/pl\/#organization","name":"BEE GREEN Linz","url":"https:\/\/beegreenhotel.at\/pl\/","logo":{"@type":"ImageObject","inLanguage":"pl-PL","@id":"https:\/\/beegreenhotel.at\/pl\/#\/schema\/logo\/image\/","url":"https:\/\/beegreenhotel.at\/wp-content\/uploads\/2022\/05\/bee-green-logo.png","contentUrl":"https:\/\/beegreenhotel.at\/wp-content\/uploads\/2022\/05\/bee-green-logo.png","width":800,"height":800,"caption":"BEE GREEN Linz"},"image":{"@id":"https:\/\/beegreenhotel.at\/pl\/#\/schema\/logo\/image\/"}}]}},"_links":{"self":[{"href":"https:\/\/beegreenhotel.at\/pl\/wp-json\/wp\/v2\/pages\/710","targetHints":{"allow":["GET"]}}],"collection":[{"href":"https:\/\/beegreenhotel.at\/pl\/wp-json\/wp\/v2\/pages"}],"about":[{"href":"https:\/\/beegreenhotel.at\/pl\/wp-json\/wp\/v2\/types\/page"}],"author":[{"embeddable":true,"href":"https:\/\/beegreenhotel.at\/pl\/wp-json\/wp\/v2\/users\/1"}],"replies":[{"embeddable":true,"href":"https:\/\/beegreenhotel.at\/pl\/wp-json\/wp\/v2\/comments?post=710"}],"version-history":[{"count":2,"href":"https:\/\/beegreenhotel.at\/pl\/wp-json\/wp\/v2\/pages\/710\/revisions"}],"predecessor-version":[{"id":713,"href":"https:\/\/beegreenhotel.at\/pl\/wp-json\/wp\/v2\/pages\/710\/revisions\/713"}],"wp:attachment":[{"href":"https:\/\/beegreenhotel.at\/pl\/wp-json\/wp\/v2\/media?parent=710"}],"curies":[{"name":"wp","href":"https:\/\/api.w.org\/{rel}","templated":true}]}}