{"id":1127,"date":"2022-05-26T13:53:08","date_gmt":"2022-05-26T11:53:08","guid":{"rendered":"https:\/\/beegreenhotel.at\/informativa-sulla-privacy\/"},"modified":"2024-02-04T12:03:52","modified_gmt":"2024-02-04T11:03:52","slug":"informativa-sulla-privacy","status":"publish","type":"page","link":"https:\/\/beegreenhotel.at\/it\/informativa-sulla-privacy\/","title":{"rendered":"Informativa sulla privacy"},"content":{"rendered":"\t\t<div data-elementor-type=\"wp-page\" data-elementor-id=\"1127\" class=\"elementor elementor-1127 elementor-3\">\n\t\t\t\t\t\t<section class=\"elementor-section elementor-top-section elementor-element elementor-element-599f3874 elementor-section-boxed elementor-section-height-default elementor-section-height-default\" data-id=\"599f3874\" data-element_type=\"section\">\n\t\t\t\t\t\t<div class=\"elementor-container elementor-column-gap-default\">\n\t\t\t\t\t<div class=\"elementor-column elementor-col-100 elementor-top-column elementor-element elementor-element-aea4d22\" data-id=\"aea4d22\" data-element_type=\"column\" data-settings=\"{&quot;background_background&quot;:&quot;classic&quot;}\">\n\t\t\t<div class=\"elementor-widget-wrap elementor-element-populated\">\n\t\t\t\t\t\t<div class=\"elementor-element elementor-element-6567902 elementor-widget elementor-widget-heading\" data-id=\"6567902\" data-element_type=\"widget\" data-widget_type=\"heading.default\">\n\t\t\t\t<div class=\"elementor-widget-container\">\n\t\t\t\t\t<h1 class=\"elementor-heading-title elementor-size-default\">Impronta e AGB<\/h1>\t\t\t\t<\/div>\n\t\t\t\t<\/div>\n\t\t\t\t<section class=\"elementor-section elementor-inner-section elementor-element elementor-element-9fa5352 elementor-section-boxed elementor-section-height-default elementor-section-height-default\" data-id=\"9fa5352\" data-element_type=\"section\">\n\t\t\t\t\t\t<div class=\"elementor-container elementor-column-gap-default\">\n\t\t\t\t\t<div class=\"elementor-column elementor-col-50 elementor-inner-column elementor-element elementor-element-82bed39\" data-id=\"82bed39\" data-element_type=\"column\">\n\t\t\t<div class=\"elementor-widget-wrap elementor-element-populated\">\n\t\t\t\t\t\t<div class=\"elementor-element elementor-element-db2a167 elementor-widget elementor-widget-text-editor\" data-id=\"db2a167\" data-element_type=\"widget\" data-widget_type=\"text-editor.default\">\n\t\t\t\t<div class=\"elementor-widget-container\">\n\t\t\t\t\t\t\t\t\t<p>Si applicano le condizioni generali del settore alberghiero in Austria.<\/p>\n<p>&gt;&gt; <a href=\"https:\/\/beegreenhotel.at\/wp-content\/uploads\/2022\/07\/agb-hotel-oesterreich.pdf\" target=\"_blank\" rel=\"noopener\">Li potete trovare qui<\/a><\/p>\n<p>Bed &amp; Breakfast BEE GREEN<br \/>\u00e8 un&#8217;azienda del<br \/>Albergo Hanusch GmbH<br \/>Herrenstra\u00dfe 11, 4020 Linz<br \/>Tel. +43 (0)732 77 24 77 22, Fax +43 (0)732 77 24 77 47<br \/>beegreen@linz-hotel.at, www.beegreenhotel.at<br \/>UID: ATU 76304303<br \/>Membro della Camera di Commercio dell&#8217;Alta Austria<br \/>Numero di registro della societ\u00e0: 544329 i<br \/>Luogo di giurisdizione Linz<\/p>\n\t\t\t\t\t\t\t\t<\/div>\n\t\t\t\t<\/div>\n\t\t\t\t\t<\/div>\n\t\t<\/div>\n\t\t\t\t<div class=\"elementor-column elementor-col-50 elementor-inner-column elementor-element elementor-element-8e710d8\" data-id=\"8e710d8\" data-element_type=\"column\">\n\t\t\t<div class=\"elementor-widget-wrap elementor-element-populated\">\n\t\t\t\t\t\t<div class=\"elementor-element elementor-element-302d064 elementor-widget elementor-widget-text-editor\" data-id=\"302d064\" data-element_type=\"widget\" data-widget_type=\"text-editor.default\">\n\t\t\t\t<div class=\"elementor-widget-container\">\n\t\t\t\t\t\t\t\t\t<h4>Stampa<\/h4>\n<p><a href=\"https:\/\/beegreenhotel.at\/wp-content\/uploads\/woegerer-referenz-beegreen-presse-ooewirtschaft-01.pdf\">Rapporto stampa O\u00d6 Wirtschaft<\/a><\/p>\n\t\t\t\t\t\t\t\t<\/div>\n\t\t\t\t<\/div>\n\t\t\t\t\t<\/div>\n\t\t<\/div>\n\t\t\t\t\t<\/div>\n\t\t<\/section>\n\t\t\t\t<div class=\"elementor-element elementor-element-5f7fb606 elementor-widget elementor-widget-text-editor\" data-id=\"5f7fb606\" data-element_type=\"widget\" data-widget_type=\"text-editor.default\">\n\t\t\t\t<div class=\"elementor-widget-container\">\n\t\t\t\t\t\t\t\t\t<\/p>\n<h4>Copyright \u00a9 2022: Hotel Hanusch GmbH<br \/>Responsabile dei contenuti: Hotel Hanusch GmbH<\/h4>\n<p>I contenuti del sito web di Bee Green sono protetti da copyright. La riproduzione di informazioni, in particolare l&#8217;utilizzo di testi, parti di testi o immagini, richiede la previa autorizzazione scritta dell&#8217;Hotel Hanusch GmbH. L&#8217;Hotel Hanusch GmbH si impegna al massimo per garantire l&#8217;accuratezza delle informazioni contenute in questo sito web. Tuttavia, \u00e8 esclusa qualsiasi responsabilit\u00e0 o garanzia per l&#8217;attualit\u00e0, la correttezza e la completezza delle informazioni fornite. Inoltre, l&#8217;Hotel Hanusch GmbH non \u00e8 responsabile del contenuto dei siti web esterni collegati tramite hyperlink. L&#8217;Hotel Hanusch GmbH si riserva il diritto di apportare modifiche o integrazioni alle informazioni fornite senza preavviso.<\/p>\n<p>Crediti fotografici: Hotel Hanusch GmbH, O\u00d6.Tourismus<\/p>\n<h4>Informativa sulla privacy:<\/h4>\n<p>La protezione dei vostri dati personali ci sta particolarmente a cuore. Pertanto, trattiamo i vostri dati esclusivamente sulla base delle disposizioni di legge (GDPR, TKG 2003). In questa informativa sulla protezione dei dati, vi informiamo sugli aspetti pi\u00f9 importanti del trattamento dei dati nel contesto del nostro sito web.<\/p>\n<p>Quando visitate il nostro sito web, il vostro indirizzo IP, l&#8217;inizio e la fine della sessione vengono registrati per la durata della stessa. Ci\u00f2 avviene per motivi tecnici e costituisce pertanto un interesse legittimo ai sensi dell&#8217;art. 6 (1) (f) del GDPR. Se non diversamente stabilito di seguito, non elaboreremo ulteriormente questi dati.<\/p>\n<p>Se ci contattate tramite il modulo sul sito web o via e-mail, i dati da voi forniti saranno conservati da noi per sei mesi allo scopo di elaborare la richiesta e in caso di domande successive. Non trasmettiamo questi dati senza il vostro consenso.<\/p>\n<h4>Memorizzazione dei dati:<\/h4>\n<p>Desideriamo sottolineare che, al fine di semplificare il processo di prenotazione e di acquisto e per la successiva elaborazione del contratto, il gestore del webshop memorizza i dati IP del titolare della connessione nell&#8217;ambito dei cookie, nonch\u00e9 il nome, l&#8217;indirizzo e il numero di carta di credito [&#8230;] dell&#8217;acquirente.<\/p>\n<p>I dati da voi forniti sono necessari per l&#8217;adempimento del contratto o per l&#8217;esecuzione di misure precontrattuali. Senza questi dati non possiamo concludere il contratto con voi. I dati non saranno trasferiti a terzi, ad eccezione del trasferimento dei dati della carta di credito agli istituti bancari di elaborazione \/ fornitori di servizi di pagamento ai fini dell&#8217;addebito del prezzo di acquisto, alla societ\u00e0 di trasporto \/ spedizione da noi incaricata di consegnare la merce e al nostro consulente fiscale per adempiere ai nostri obblighi fiscali.<\/p>\n<p>Dopo aver annullato il processo di acquisto, i dati da noi memorizzati saranno cancellati. In caso di stipula di un contratto, tutti i dati del rapporto contrattuale saranno conservati fino alla scadenza del periodo di conservazione previsto dalla normativa fiscale (7 anni).<\/p>\n<p>I dati relativi al nome, all&#8217;indirizzo, alla merce acquistata e alla data di acquisto vengono memorizzati fino alla scadenza della responsabilit\u00e0 del prodotto. Il trattamento dei dati avviene sulla base delle disposizioni di legge dell&#8217;articolo 96 (3) TKG e dell&#8217;articolo 6 (1) (a) (consenso) e\/o (b) (necessario per l&#8217;adempimento del contratto) del GDPR.<\/p>\n<h4>Cookie:<\/h4>\n<p>Il nostro sito web utilizza i cosiddetti cookie. Si tratta di piccoli file di testo che vengono memorizzati sul dispositivo finale con l&#8217;aiuto del browser. Non causano alcun danno.<\/p>\n<p>Utilizziamo i cookie per mantenere le funzioni del sito web e per rendere la nostra offerta di facile utilizzo. Alcuni cookie rimangono memorizzati sul dispositivo finale dell&#8217;utente fino a quando non vengono eliminati. Ci permettono di riconoscere il vostro browser alla successiva visita del nostro sito web.<\/p>\n<p>Se non lo desiderate, potete impostare il vostro browser in modo che vi informi sull&#8217;impostazione dei cookie e che lo consenta solo in singoli casi.<\/p>\n<p>Se i cookie vengono disattivati, la funzionalit\u00e0 del nostro sito web potrebbe essere limitata.<\/p>\n\t\t\t\t\t\t\t\t<\/div>\n\t\t\t\t<\/div>\n\t\t\t\t<div class=\"elementor-element elementor-element-3c2a321 elementor-widget elementor-widget-text-editor\" data-id=\"3c2a321\" data-element_type=\"widget\" data-widget_type=\"text-editor.default\">\n\t\t\t\t<div class=\"elementor-widget-container\">\n\t\t\t\t\t\t\t\t\t<h4>Analisi web:<\/h4>\n<p>Il nostro sito web utilizza le funzioni del servizio di analisi web Google Analytics. A tal fine vengono utilizzati dei cookie che consentono di analizzare l&#8217;utilizzo del sito web da parte dell&#8217;utente. Le informazioni cos\u00ec generate vengono trasferite al server del provider e l\u00ec memorizzate.<\/p>\n<p>\u00c8 possibile impedirlo impostando il browser in modo che non vengano memorizzati i cookie.<\/p>\n<p>Abbiamo stipulato un contratto corrispondente con il fornitore per l&#8217;elaborazione dei dati commissionata.<\/p>\n<p>Il vostro indirizzo IP viene registrato ma immediatamente pseudonimizzato. Ci\u00f2 significa che \u00e8 possibile solo una localizzazione approssimativa.<\/p>\n<p>Il trattamento dei dati avviene sulla base delle disposizioni di legge dell&#8217;articolo 96 (3) TKG e dell&#8217;articolo 6 (1) (a) (consenso) e\/o (f) (interesse legittimo) del GDPR.<\/p>\n<p>Il nostro interesse ai sensi del GDPR (interesse legittimo) \u00e8 il miglioramento della nostra offerta e del nostro sito web. Poich\u00e9 la privacy dei nostri utenti \u00e8 importante per noi, i dati degli utenti sono pseudonimizzati.<\/p>\n\t\t\t\t\t\t\t\t<\/div>\n\t\t\t\t<\/div>\n\t\t\t\t<div class=\"elementor-element elementor-element-2952fdc elementor-widget elementor-widget-text-editor\" data-id=\"2952fdc\" data-element_type=\"widget\" data-widget_type=\"text-editor.default\">\n\t\t\t\t<div class=\"elementor-widget-container\">\n\t\t\t\t\t\t\t\t\t<h4>Newsletter<\/h4>\n<p>Avete la possibilit\u00e0 di iscrivervi alla nostra newsletter tramite il nostro sito web. A tal fine abbiamo bisogno del vostro indirizzo e-mail e della vostra dichiarazione di accettare di ricevere la newsletter.<\/p>\n<p>\u00c8 possibile cancellare l&#8217;iscrizione alla newsletter in qualsiasi momento. In tal caso cancelleremo immediatamente i vostri dati in relazione all&#8217;invio della newsletter. Tale revoca non pregiudica la legalit\u00e0 del trattamento effettuato sulla base del consenso fino alla revoca.<\/p>\n<h4>I vostri diritti:<\/h4>\n<p>In linea di principio, l&#8217;utente ha diritto all&#8217;informazione, alla correzione, alla cancellazione, alla limitazione, alla portabilit\u00e0 dei dati, alla cancellazione e all&#8217;obiezione per quanto riguarda i suoi dati memorizzati da noi. Se ritenete che il trattamento dei vostri dati violi la legge sulla protezione dei dati o che i vostri diritti alla protezione dei dati siano stati in qualche modo violati, potete presentare un reclamo a noi beegreen[at]linz-hotel.at o all&#8217;autorit\u00e0 di protezione dei dati.<\/p>\n\t\t\t\t\t\t\t\t<\/div>\n\t\t\t\t<\/div>\n\t\t\t\t\t<\/div>\n\t\t<\/div>\n\t\t\t\t\t<\/div>\n\t\t<\/section>\n\t\t\t\t<\/div>\n\t\t","protected":false},"excerpt":{"rendered":"<p>Impronta e AGB Si applicano le condizioni generali del settore alberghiero in Austria. &gt;&gt; Li potete trovare qui Bed &amp; Breakfast BEE GREEN\u00e8 un&#8217;azienda delAlbergo Hanusch GmbHHerrenstra\u00dfe 11, 4020 LinzTel. +43 (0)732 77 24 77 22, Fax +43 (0)732 77 24 77 47beegreen@linz-hotel.at, www.beegreenhotel.atUID: ATU 76304303Membro della Camera di Commercio dell&#8217;Alta AustriaNumero di registro della [&hellip;]<\/p>\n","protected":false},"author":1,"featured_media":0,"parent":0,"menu_order":0,"comment_status":"closed","ping_status":"closed","template":"","meta":{"site-sidebar-layout":"default","site-content-layout":"","ast-site-content-layout":"default","site-content-style":"default","site-sidebar-style":"default","ast-global-header-display":"","ast-banner-title-visibility":"","ast-main-header-display":"","ast-hfb-above-header-display":"","ast-hfb-below-header-display":"","ast-hfb-mobile-header-display":"","site-post-title":"disabled","ast-breadcrumbs-content":"","ast-featured-img":"","footer-sml-layout":"","theme-transparent-header-meta":"","adv-header-id-meta":"","stick-header-meta":"","header-above-stick-meta":"","header-main-stick-meta":"","header-below-stick-meta":"","astra-migrate-meta-layouts":"default","ast-page-background-enabled":"default","ast-page-background-meta":{"desktop":{"background-color":"var(--ast-global-color-4)","background-image":"","background-repeat":"repeat","background-position":"center center","background-size":"auto","background-attachment":"scroll","background-type":"","background-media":"","overlay-type":"","overlay-color":"","overlay-opacity":"","overlay-gradient":""},"tablet":{"background-color":"","background-image":"","background-repeat":"repeat","background-position":"center center","background-size":"auto","background-attachment":"scroll","background-type":"","background-media":"","overlay-type":"","overlay-color":"","overlay-opacity":"","overlay-gradient":""},"mobile":{"background-color":"","background-image":"","background-repeat":"repeat","background-position":"center center","background-size":"auto","background-attachment":"scroll","background-type":"","background-media":"","overlay-type":"","overlay-color":"","overlay-opacity":"","overlay-gradient":""}},"ast-content-background-meta":{"desktop":{"background-color":"var(--ast-global-color-5)","background-image":"","background-repeat":"repeat","background-position":"center center","background-size":"auto","background-attachment":"scroll","background-type":"","background-media":"","overlay-type":"","overlay-color":"","overlay-opacity":"","overlay-gradient":""},"tablet":{"background-color":"var(--ast-global-color-5)","background-image":"","background-repeat":"repeat","background-position":"center center","background-size":"auto","background-attachment":"scroll","background-type":"","background-media":"","overlay-type":"","overlay-color":"","overlay-opacity":"","overlay-gradient":""},"mobile":{"background-color":"var(--ast-global-color-5)","background-image":"","background-repeat":"repeat","background-position":"center center","background-size":"auto","background-attachment":"scroll","background-type":"","background-media":"","overlay-type":"","overlay-color":"","overlay-opacity":"","overlay-gradient":""}},"footnotes":""},"class_list":["post-1127","page","type-page","status-publish","hentry"],"yoast_head":"<!-- This site is optimized with the Yoast SEO plugin v26.2 - https:\/\/yoast.com\/wordpress\/plugins\/seo\/ -->\n<title>Informativa sulla privacy - Bee Green Linz<\/title>\n<meta name=\"robots\" content=\"index, follow, max-snippet:-1, max-image-preview:large, max-video-preview:-1\" \/>\n<link rel=\"canonical\" href=\"https:\/\/beegreenhotel.at\/it\/informativa-sulla-privacy\/\" \/>\n<meta property=\"og:locale\" content=\"it_IT\" \/>\n<meta property=\"og:type\" content=\"article\" \/>\n<meta property=\"og:title\" content=\"Informativa sulla privacy - Bee Green Linz\" \/>\n<meta property=\"og:description\" content=\"Impronta e AGB Si applicano le condizioni generali del settore alberghiero in Austria. &gt;&gt; Li potete trovare qui Bed &amp; Breakfast BEE GREEN\u00e8 un&#8217;azienda delAlbergo Hanusch GmbHHerrenstra\u00dfe 11, 4020 LinzTel. +43 (0)732 77 24 77 22, Fax +43 (0)732 77 24 77 47beegreen@linz-hotel.at, www.beegreenhotel.atUID: ATU 76304303Membro della Camera di Commercio dell&#8217;Alta AustriaNumero di registro della [&hellip;]\" \/>\n<meta property=\"og:url\" content=\"https:\/\/beegreenhotel.at\/it\/informativa-sulla-privacy\/\" \/>\n<meta property=\"og:site_name\" content=\"Bee Green Linz\" \/>\n<meta property=\"article:modified_time\" content=\"2024-02-04T11:03:52+00:00\" \/>\n<meta name=\"twitter:card\" content=\"summary_large_image\" \/>\n<meta name=\"twitter:label1\" content=\"Tempo di lettura stimato\" \/>\n\t<meta name=\"twitter:data1\" content=\"5 minuti\" \/>\n<script type=\"application\/ld+json\" class=\"yoast-schema-graph\">{\"@context\":\"https:\/\/schema.org\",\"@graph\":[{\"@type\":\"WebPage\",\"@id\":\"https:\/\/beegreenhotel.at\/it\/informativa-sulla-privacy\/\",\"url\":\"https:\/\/beegreenhotel.at\/it\/informativa-sulla-privacy\/\",\"name\":\"Informativa sulla privacy - Bee Green Linz\",\"isPartOf\":{\"@id\":\"https:\/\/beegreenhotel.at\/it\/#website\"},\"datePublished\":\"2022-05-26T11:53:08+00:00\",\"dateModified\":\"2024-02-04T11:03:52+00:00\",\"breadcrumb\":{\"@id\":\"https:\/\/beegreenhotel.at\/it\/informativa-sulla-privacy\/#breadcrumb\"},\"inLanguage\":\"it-IT\",\"potentialAction\":[{\"@type\":\"ReadAction\",\"target\":[\"https:\/\/beegreenhotel.at\/it\/informativa-sulla-privacy\/\"]}]},{\"@type\":\"BreadcrumbList\",\"@id\":\"https:\/\/beegreenhotel.at\/it\/informativa-sulla-privacy\/#breadcrumb\",\"itemListElement\":[{\"@type\":\"ListItem\",\"position\":1,\"name\":\"Startseite\",\"item\":\"https:\/\/beegreenhotel.at\/it\/casa\/\"},{\"@type\":\"ListItem\",\"position\":2,\"name\":\"Informativa sulla privacy\"}]},{\"@type\":\"WebSite\",\"@id\":\"https:\/\/beegreenhotel.at\/it\/#website\",\"url\":\"https:\/\/beegreenhotel.at\/it\/\",\"name\":\"Bee Green Linz\",\"description\":\"Bed &amp; Breakfast\",\"publisher\":{\"@id\":\"https:\/\/beegreenhotel.at\/it\/#organization\"},\"potentialAction\":[{\"@type\":\"SearchAction\",\"target\":{\"@type\":\"EntryPoint\",\"urlTemplate\":\"https:\/\/beegreenhotel.at\/it\/?s={search_term_string}\"},\"query-input\":{\"@type\":\"PropertyValueSpecification\",\"valueRequired\":true,\"valueName\":\"search_term_string\"}}],\"inLanguage\":\"it-IT\"},{\"@type\":\"Organization\",\"@id\":\"https:\/\/beegreenhotel.at\/it\/#organization\",\"name\":\"BEE GREEN Linz\",\"url\":\"https:\/\/beegreenhotel.at\/it\/\",\"logo\":{\"@type\":\"ImageObject\",\"inLanguage\":\"it-IT\",\"@id\":\"https:\/\/beegreenhotel.at\/it\/#\/schema\/logo\/image\/\",\"url\":\"https:\/\/beegreenhotel.at\/wp-content\/uploads\/2022\/05\/bee-green-logo.png\",\"contentUrl\":\"https:\/\/beegreenhotel.at\/wp-content\/uploads\/2022\/05\/bee-green-logo.png\",\"width\":800,\"height\":800,\"caption\":\"BEE GREEN Linz\"},\"image\":{\"@id\":\"https:\/\/beegreenhotel.at\/it\/#\/schema\/logo\/image\/\"}}]}<\/script>\n<!-- \/ Yoast SEO plugin. -->","yoast_head_json":{"title":"Informativa sulla privacy - Bee Green Linz","robots":{"index":"index","follow":"follow","max-snippet":"max-snippet:-1","max-image-preview":"max-image-preview:large","max-video-preview":"max-video-preview:-1"},"canonical":"https:\/\/beegreenhotel.at\/it\/informativa-sulla-privacy\/","og_locale":"it_IT","og_type":"article","og_title":"Informativa sulla privacy - Bee Green Linz","og_description":"Impronta e AGB Si applicano le condizioni generali del settore alberghiero in Austria. &gt;&gt; Li potete trovare qui Bed &amp; Breakfast BEE GREEN\u00e8 un&#8217;azienda delAlbergo Hanusch GmbHHerrenstra\u00dfe 11, 4020 LinzTel. +43 (0)732 77 24 77 22, Fax +43 (0)732 77 24 77 47beegreen@linz-hotel.at, www.beegreenhotel.atUID: ATU 76304303Membro della Camera di Commercio dell&#8217;Alta AustriaNumero di registro della [&hellip;]","og_url":"https:\/\/beegreenhotel.at\/it\/informativa-sulla-privacy\/","og_site_name":"Bee Green Linz","article_modified_time":"2024-02-04T11:03:52+00:00","twitter_card":"summary_large_image","twitter_misc":{"Tempo di lettura stimato":"5 minuti"},"schema":{"@context":"https:\/\/schema.org","@graph":[{"@type":"WebPage","@id":"https:\/\/beegreenhotel.at\/it\/informativa-sulla-privacy\/","url":"https:\/\/beegreenhotel.at\/it\/informativa-sulla-privacy\/","name":"Informativa sulla privacy - Bee Green Linz","isPartOf":{"@id":"https:\/\/beegreenhotel.at\/it\/#website"},"datePublished":"2022-05-26T11:53:08+00:00","dateModified":"2024-02-04T11:03:52+00:00","breadcrumb":{"@id":"https:\/\/beegreenhotel.at\/it\/informativa-sulla-privacy\/#breadcrumb"},"inLanguage":"it-IT","potentialAction":[{"@type":"ReadAction","target":["https:\/\/beegreenhotel.at\/it\/informativa-sulla-privacy\/"]}]},{"@type":"BreadcrumbList","@id":"https:\/\/beegreenhotel.at\/it\/informativa-sulla-privacy\/#breadcrumb","itemListElement":[{"@type":"ListItem","position":1,"name":"Startseite","item":"https:\/\/beegreenhotel.at\/it\/casa\/"},{"@type":"ListItem","position":2,"name":"Informativa sulla privacy"}]},{"@type":"WebSite","@id":"https:\/\/beegreenhotel.at\/it\/#website","url":"https:\/\/beegreenhotel.at\/it\/","name":"Bee Green Linz","description":"Bed &amp; Breakfast","publisher":{"@id":"https:\/\/beegreenhotel.at\/it\/#organization"},"potentialAction":[{"@type":"SearchAction","target":{"@type":"EntryPoint","urlTemplate":"https:\/\/beegreenhotel.at\/it\/?s={search_term_string}"},"query-input":{"@type":"PropertyValueSpecification","valueRequired":true,"valueName":"search_term_string"}}],"inLanguage":"it-IT"},{"@type":"Organization","@id":"https:\/\/beegreenhotel.at\/it\/#organization","name":"BEE GREEN Linz","url":"https:\/\/beegreenhotel.at\/it\/","logo":{"@type":"ImageObject","inLanguage":"it-IT","@id":"https:\/\/beegreenhotel.at\/it\/#\/schema\/logo\/image\/","url":"https:\/\/beegreenhotel.at\/wp-content\/uploads\/2022\/05\/bee-green-logo.png","contentUrl":"https:\/\/beegreenhotel.at\/wp-content\/uploads\/2022\/05\/bee-green-logo.png","width":800,"height":800,"caption":"BEE GREEN Linz"},"image":{"@id":"https:\/\/beegreenhotel.at\/it\/#\/schema\/logo\/image\/"}}]}},"_links":{"self":[{"href":"https:\/\/beegreenhotel.at\/it\/wp-json\/wp\/v2\/pages\/1127","targetHints":{"allow":["GET"]}}],"collection":[{"href":"https:\/\/beegreenhotel.at\/it\/wp-json\/wp\/v2\/pages"}],"about":[{"href":"https:\/\/beegreenhotel.at\/it\/wp-json\/wp\/v2\/types\/page"}],"author":[{"embeddable":true,"href":"https:\/\/beegreenhotel.at\/it\/wp-json\/wp\/v2\/users\/1"}],"replies":[{"embeddable":true,"href":"https:\/\/beegreenhotel.at\/it\/wp-json\/wp\/v2\/comments?post=1127"}],"version-history":[{"count":2,"href":"https:\/\/beegreenhotel.at\/it\/wp-json\/wp\/v2\/pages\/1127\/revisions"}],"predecessor-version":[{"id":1129,"href":"https:\/\/beegreenhotel.at\/it\/wp-json\/wp\/v2\/pages\/1127\/revisions\/1129"}],"wp:attachment":[{"href":"https:\/\/beegreenhotel.at\/it\/wp-json\/wp\/v2\/media?parent=1127"}],"curies":[{"name":"wp","href":"https:\/\/api.w.org\/{rel}","templated":true}]}}