{"id":866,"date":"2022-05-26T13:53:08","date_gmt":"2022-05-26T11:53:08","guid":{"rendered":"https:\/\/beegreenhotel.at\/politika-privatnosti\/"},"modified":"2024-02-04T12:00:00","modified_gmt":"2024-02-04T11:00:00","slug":"politika-privatnosti","status":"publish","type":"page","link":"https:\/\/beegreenhotel.at\/hr\/politika-privatnosti\/","title":{"rendered":"Politika privatnosti"},"content":{"rendered":"\t\t<div data-elementor-type=\"wp-page\" data-elementor-id=\"866\" class=\"elementor elementor-866 elementor-3\">\n\t\t\t\t\t\t<section class=\"elementor-section elementor-top-section elementor-element elementor-element-599f3874 elementor-section-boxed elementor-section-height-default elementor-section-height-default\" data-id=\"599f3874\" data-element_type=\"section\">\n\t\t\t\t\t\t<div class=\"elementor-container elementor-column-gap-default\">\n\t\t\t\t\t<div class=\"elementor-column elementor-col-100 elementor-top-column elementor-element elementor-element-aea4d22\" data-id=\"aea4d22\" data-element_type=\"column\" data-settings=\"{&quot;background_background&quot;:&quot;classic&quot;}\">\n\t\t\t<div class=\"elementor-widget-wrap elementor-element-populated\">\n\t\t\t\t\t\t<div class=\"elementor-element elementor-element-6567902 elementor-widget elementor-widget-heading\" data-id=\"6567902\" data-element_type=\"widget\" data-widget_type=\"heading.default\">\n\t\t\t\t<div class=\"elementor-widget-container\">\n\t\t\t\t\t<h1 class=\"elementor-heading-title elementor-size-default\">Impresum &amp; Uvjeti i odredbe<\/h1>\t\t\t\t<\/div>\n\t\t\t\t<\/div>\n\t\t\t\t<section class=\"elementor-section elementor-inner-section elementor-element elementor-element-9fa5352 elementor-section-boxed elementor-section-height-default elementor-section-height-default\" data-id=\"9fa5352\" data-element_type=\"section\">\n\t\t\t\t\t\t<div class=\"elementor-container elementor-column-gap-default\">\n\t\t\t\t\t<div class=\"elementor-column elementor-col-50 elementor-inner-column elementor-element elementor-element-82bed39\" data-id=\"82bed39\" data-element_type=\"column\">\n\t\t\t<div class=\"elementor-widget-wrap elementor-element-populated\">\n\t\t\t\t\t\t<div class=\"elementor-element elementor-element-db2a167 elementor-widget elementor-widget-text-editor\" data-id=\"db2a167\" data-element_type=\"widget\" data-widget_type=\"text-editor.default\">\n\t\t\t\t<div class=\"elementor-widget-container\">\n\t\t\t\t\t\t\t\t\t<p>Primjenjuju se op\u0107i uvjeti za hotelijerstvo u Austriji.<\/p>\n<p>&gt;&gt; <a href=\"https:\/\/beegreenhotel.at\/wp-content\/uploads\/2022\/07\/agb-hotel-oesterreich.pdf\" target=\"_blank\" rel=\"noopener\">Mo\u017eete ih prona\u0107i ovdje<\/a><\/p>\n<p>BEE GREEN No\u0107enje s doru\u010dkom<br \/>je tvrtka koja<br \/>Hotel Hanusch GmbH<br \/>Herrenstra\u00dfe 11, 4020 Linz<br \/>Tel. +43 (0)732 77 24 77 22, faks +43 (0)732 77 24 77 47<br \/>beegreen@linz-hotel.at, www.beegreenhotel.at<br \/>UID: ATU 76304303<br \/>\u010clan Gospodarske komore Gornje Austrije<br \/>Mati\u010dni broj: 544329 i<br \/>Sudsko mjesto Linz<\/p>\n\t\t\t\t\t\t\t\t<\/div>\n\t\t\t\t<\/div>\n\t\t\t\t\t<\/div>\n\t\t<\/div>\n\t\t\t\t<div class=\"elementor-column elementor-col-50 elementor-inner-column elementor-element elementor-element-8e710d8\" data-id=\"8e710d8\" data-element_type=\"column\">\n\t\t\t<div class=\"elementor-widget-wrap elementor-element-populated\">\n\t\t\t\t\t\t<div class=\"elementor-element elementor-element-302d064 elementor-widget elementor-widget-text-editor\" data-id=\"302d064\" data-element_type=\"widget\" data-widget_type=\"text-editor.default\">\n\t\t\t\t<div class=\"elementor-widget-container\">\n\t\t\t\t\t\t\t\t\t<h4>Pritisnite<\/h4>\n<p><a href=\"https:\/\/beegreenhotel.at\/wp-content\/uploads\/woegerer-referenz-beegreen-presse-ooewirtschaft-01.pdf\">Tiskovno izvje\u0161\u0107e Gospodarstvo Gornje Austrije<\/a><\/p>\n\t\t\t\t\t\t\t\t<\/div>\n\t\t\t\t<\/div>\n\t\t\t\t\t<\/div>\n\t\t<\/div>\n\t\t\t\t\t<\/div>\n\t\t<\/section>\n\t\t\t\t<div class=\"elementor-element elementor-element-5f7fb606 elementor-widget elementor-widget-text-editor\" data-id=\"5f7fb606\" data-element_type=\"widget\" data-widget_type=\"text-editor.default\">\n\t\t\t\t<div class=\"elementor-widget-container\">\n\t\t\t\t\t\t\t\t\t<\/p>\n<h4>Autorska prava \u00a9 2022: Hotel Hanusch GmbH<br \/>Odgovornost za sadr\u017eaj: Hotel Hanusch GmbH<\/h4>\n<p>Sadr\u017eaj web stranice Bee Green za\u0161ti\u0107en je autorskim pravom. Za umno\u017eavanje informacija, posebice kori\u0161tenje tekstova, dijelova teksta ili slika potrebno je prethodno pismeno dopu\u0161tenje Hotel Hanusch GmbH. Hotel Hanusch GmbH ula\u017ee sve napore kako bi informacije sadr\u017eane na ovoj web stranici bile to\u010dne koliko god je to u njegovoj mo\u0107i. Me\u0111utim, isklju\u010dena je odgovornost ili jamstvo za aktualnost, to\u010dnost i potpunost danih informacija. Nadalje, Hotel Hanusch GmbH nije odgovoran za sadr\u017eaj web stranica povezanih izvana putem hiperveza. Hotel Hanusch GmbH zadr\u017eava pravo izmjene ili dopune navedenih informacija bez prethodne najave.<\/p>\n<p>Autori fotografija: Hotel Hanusch GmbH, O\u00d6.Tourismus<\/p>\n<h4>Za\u0161tita podataka:<\/h4>\n<p>Za\u0161tita Va\u0161ih osobnih podataka posebno nam je va\u017ena. Va\u0161e podatke stoga obra\u0111ujemo isklju\u010divo na temelju zakonskih odredbi (GDPR, TKG 2003). U ovim informacijama o za\u0161titi podataka informiramo vas o najva\u017enijim aspektima obrade podataka na na\u0161oj web stranici.<\/p>\n<p>Kada posjetite na\u0161u web stranicu, va\u0161a IP adresa, po\u010detak i kraj sesije bilje\u017ee se tijekom trajanja ove sesije. To je zbog tehni\u010dkih razloga i stoga predstavlja legitiman interes u smislu \u010dlanka 6. stavka 1. lit. f GDPR-a. Osim ako nije druga\u010dije regulirano u nastavku, ne\u0107emo dalje obra\u0111ivati \u200b\u200bove podatke.<\/p>\n<p>Ako nas kontaktirate putem obrasca na web stranici ili putem e-po\u0161te, podatke koje nam dostavite \u010duvat \u0107emo \u0161est mjeseci kako bismo obradili va\u0161 zahtjev i u slu\u010daju naknadnih pitanja. Ne\u0107emo proslijediti ove podatke bez va\u0161eg pristanka.<\/p>\n<h4>Pohrana podataka:<\/h4>\n<p>Napominjemo da u svrhu pojednostavljenja procesa rezervacije i kupnje te naknadne obrade ugovora, operater web shopa u sklopu kola\u010di\u0107a pohranjuje IP podatke nositelja veze te ime i prezime kupca, adresu i broj kreditne kartice.<\/p>\n<p>Podaci koje navedete nu\u017eni su za ispunjenje ugovora ili provedbu predugovornih mjera. Bez ovih podataka ne mo\u017eemo s vama sklopiti ugovor. Podaci se ne\u0107e prenositi tre\u0107im stranama, s iznimkom prijenosa podataka o kreditnoj kartici banci za obradu\/pru\u017eatelju usluga pla\u0107anja u svrhu tere\u0107enja kupoprodajne cijene, prijevozni\u010dkoj tvrtki\/dostavnoj tvrtki koju smo anga\u017eirali da isporu\u010di robu i na\u0161em poreznom savjetniku da ispuni svoje porezne obveze.<\/p>\n<p>Nakon otkazivanja procesa kupovine, podaci koje smo pohranili bit \u0107e izbrisani. U slu\u010daju sklapanja ugovora, svi podaci iz ugovornog odnosa \u010duvaju se do isteka poreznog roka \u010duvanja (7 godina).<\/p>\n<p>Naziv podataka, adresa, kupljena roba i datum kupnje tako\u0111er \u0107e biti pohranjeni do isteka odgovornosti za proizvod. Obrada podataka provodi se na temelju zakonskih odredbi \u010dlanka 96. stavka 3. TKG i \u010dlanka 6. stavka 1. to\u010dke a (pristanak) i\/ili to\u010dke b (potrebno za ispunjenje ugovora) GDPR-a.<\/p>\n<h4>Kola\u010di\u0107i:<\/h4>\n<p>Na\u0161a web stranica koristi takozvane kola\u010di\u0107e. To su male tekstualne datoteke koje se pohranjuju na va\u0161 ure\u0111aj pomo\u0107u preglednika. Ne \u010dine nikakvu \u0161tetu.<\/p>\n<p>Koristimo kola\u010di\u0107e za odr\u017eavanje funkcija web stranice i kako bismo na\u0161u ponudu u\u010dinili prilago\u0111enom korisniku. Neki kola\u010di\u0107i ostaju pohranjeni na va\u0161em ure\u0111aju dok ih ne izbri\u0161ete. Omogu\u0107uju nam da prepoznamo va\u0161 preglednik sljede\u0107i put kada posjetite.<\/p>\n<p>Ako to ne \u017eelite, mo\u017eete postaviti svoj preglednik tako da vas obavje\u0161tava o postavkama kola\u010di\u0107a i to dopu\u0161tate samo u pojedina\u010dnim slu\u010dajevima.<\/p>\n<p>Ako su kola\u010di\u0107i deaktivirani, funkcionalnost na\u0161e web stranice mo\u017ee biti ograni\u010dena.<\/p>\n\t\t\t\t\t\t\t\t<\/div>\n\t\t\t\t<\/div>\n\t\t\t\t<div class=\"elementor-element elementor-element-3c2a321 elementor-widget elementor-widget-text-editor\" data-id=\"3c2a321\" data-element_type=\"widget\" data-widget_type=\"text-editor.default\">\n\t\t\t\t<div class=\"elementor-widget-container\">\n\t\t\t\t\t\t\t\t\t<h4>Web analiza:<\/h4>\n<p>Na\u0161a web stranica koristi funkcije usluge web analize Google Analytics. U tu svrhu koriste se kola\u010di\u0107i koji omogu\u0107uju analizu kori\u0161tenja web stranice od strane va\u0161ih korisnika. Ovako generirane informacije prenose se na poslu\u017eitelj pru\u017eatelja usluga i tamo se pohranjuju.<\/p>\n<p>To mo\u017eete sprije\u010diti postavljanjem preglednika tako da se kola\u010di\u0107i ne spremaju.<\/p>\n<p>S davateljem smo sklopili odgovaraju\u0107i ugovor za obradu podataka.<\/p>\n<p>Va\u0161a IP adresa bit \u0107e zabilje\u017eena, ali odmah pseudonimizirana. To zna\u010di da je mogu\u0107a samo gruba lokalizacija.<\/p>\n<p>Obrada podataka provodi se na temelju zakonskih odredbi \u010dlanka 96. stavka 3. TKG i \u010dlanka 6. stavka 1. to\u010dke a (pristanak) i\/ili f (legitimni interes) GDPR-a.<\/p>\n<p>Na\u0161a briga u smislu GDPR-a (legitimni interes) je pobolj\u0161ati na\u0161u ponudu i na\u0161u web stranicu. Budu\u0107i da nam je privatnost na\u0161ih korisnika va\u017ena, podaci o korisnicima su pseudonimizirani.<\/p>\n\t\t\t\t\t\t\t\t<\/div>\n\t\t\t\t<\/div>\n\t\t\t\t<div class=\"elementor-element elementor-element-2952fdc elementor-widget elementor-widget-text-editor\" data-id=\"2952fdc\" data-element_type=\"widget\" data-widget_type=\"text-editor.default\">\n\t\t\t\t<div class=\"elementor-widget-container\">\n\t\t\t\t\t\t\t\t\t<h4>Newsletter<\/h4>\n<p>Imate mogu\u0107nost pretplate na na\u0161 newsletter putem na\u0161e web stranice. Za ovo nam je potrebna va\u0161a adresa e-po\u0161te i va\u0161a izjava da pristajete na primanje biltena.<\/p>\n<p>Pretplatu na newsletter mo\u017eete otkazati u bilo kojem trenutku. Tada \u0107emo odmah izbrisati va\u0161e podatke u vezi sa slanjem newslettera. Ovaj opoziv ne utje\u010de na zakonitost obrade koja se provodi na temelju privole prije njezina opoziva.<\/p>\n<h4>Va\u0161a prava:<\/h4>\n<p>Op\u0107enito imate pravo na informacije, ispravak, brisanje, ograni\u010denje, prenosivost podataka, opoziv i prigovor u vezi s va\u0161im podacima koje mi pohranjujemo. Ako smatrate da se obradom Va\u0161ih podataka kr\u0161i zakon o za\u0161titi podataka ili su Vam na bilo koji drugi na\u010din povrije\u0111ena prava na za\u0161titu podataka, mo\u017eete kontaktirati beegreen[at] linz-hotel.at ili nadle\u017eno tijelo za za\u0161titu podataka.<\/p>\n\t\t\t\t\t\t\t\t<\/div>\n\t\t\t\t<\/div>\n\t\t\t\t\t<\/div>\n\t\t<\/div>\n\t\t\t\t\t<\/div>\n\t\t<\/section>\n\t\t\t\t<\/div>\n\t\t","protected":false},"excerpt":{"rendered":"<p>Impresum &amp; Uvjeti i odredbe Primjenjuju se op\u0107i uvjeti za hotelijerstvo u Austriji. &gt;&gt; Mo\u017eete ih prona\u0107i ovdje BEE GREEN No\u0107enje s doru\u010dkomje tvrtka kojaHotel Hanusch GmbHHerrenstra\u00dfe 11, 4020 LinzTel. +43 (0)732 77 24 77 22, faks +43 (0)732 77 24 77 47beegreen@linz-hotel.at, www.beegreenhotel.atUID: ATU 76304303\u010clan Gospodarske komore Gornje AustrijeMati\u010dni broj: 544329 iSudsko mjesto Linz [&hellip;]<\/p>\n","protected":false},"author":1,"featured_media":0,"parent":0,"menu_order":0,"comment_status":"closed","ping_status":"closed","template":"","meta":{"site-sidebar-layout":"default","site-content-layout":"","ast-site-content-layout":"default","site-content-style":"default","site-sidebar-style":"default","ast-global-header-display":"","ast-banner-title-visibility":"","ast-main-header-display":"","ast-hfb-above-header-display":"","ast-hfb-below-header-display":"","ast-hfb-mobile-header-display":"","site-post-title":"disabled","ast-breadcrumbs-content":"","ast-featured-img":"","footer-sml-layout":"","theme-transparent-header-meta":"","adv-header-id-meta":"","stick-header-meta":"","header-above-stick-meta":"","header-main-stick-meta":"","header-below-stick-meta":"","astra-migrate-meta-layouts":"default","ast-page-background-enabled":"default","ast-page-background-meta":{"desktop":{"background-color":"var(--ast-global-color-4)","background-image":"","background-repeat":"repeat","background-position":"center center","background-size":"auto","background-attachment":"scroll","background-type":"","background-media":"","overlay-type":"","overlay-color":"","overlay-opacity":"","overlay-gradient":""},"tablet":{"background-color":"","background-image":"","background-repeat":"repeat","background-position":"center center","background-size":"auto","background-attachment":"scroll","background-type":"","background-media":"","overlay-type":"","overlay-color":"","overlay-opacity":"","overlay-gradient":""},"mobile":{"background-color":"","background-image":"","background-repeat":"repeat","background-position":"center center","background-size":"auto","background-attachment":"scroll","background-type":"","background-media":"","overlay-type":"","overlay-color":"","overlay-opacity":"","overlay-gradient":""}},"ast-content-background-meta":{"desktop":{"background-color":"var(--ast-global-color-5)","background-image":"","background-repeat":"repeat","background-position":"center center","background-size":"auto","background-attachment":"scroll","background-type":"","background-media":"","overlay-type":"","overlay-color":"","overlay-opacity":"","overlay-gradient":""},"tablet":{"background-color":"var(--ast-global-color-5)","background-image":"","background-repeat":"repeat","background-position":"center center","background-size":"auto","background-attachment":"scroll","background-type":"","background-media":"","overlay-type":"","overlay-color":"","overlay-opacity":"","overlay-gradient":""},"mobile":{"background-color":"var(--ast-global-color-5)","background-image":"","background-repeat":"repeat","background-position":"center center","background-size":"auto","background-attachment":"scroll","background-type":"","background-media":"","overlay-type":"","overlay-color":"","overlay-opacity":"","overlay-gradient":""}},"footnotes":""},"class_list":["post-866","page","type-page","status-publish","hentry"],"yoast_head":"<!-- This site is optimized with the Yoast SEO plugin v26.2 - https:\/\/yoast.com\/wordpress\/plugins\/seo\/ -->\n<title>Politika privatnosti - Bee Green Linz<\/title>\n<meta name=\"robots\" content=\"index, follow, max-snippet:-1, max-image-preview:large, max-video-preview:-1\" \/>\n<link rel=\"canonical\" href=\"https:\/\/beegreenhotel.at\/hr\/politika-privatnosti\/\" \/>\n<meta property=\"og:locale\" content=\"hr_HR\" \/>\n<meta property=\"og:type\" content=\"article\" \/>\n<meta property=\"og:title\" content=\"Politika privatnosti - Bee Green Linz\" \/>\n<meta property=\"og:description\" content=\"Impresum &amp; Uvjeti i odredbe Primjenjuju se op\u0107i uvjeti za hotelijerstvo u Austriji. &gt;&gt; Mo\u017eete ih prona\u0107i ovdje BEE GREEN No\u0107enje s doru\u010dkomje tvrtka kojaHotel Hanusch GmbHHerrenstra\u00dfe 11, 4020 LinzTel. +43 (0)732 77 24 77 22, faks +43 (0)732 77 24 77 47beegreen@linz-hotel.at, www.beegreenhotel.atUID: ATU 76304303\u010clan Gospodarske komore Gornje AustrijeMati\u010dni broj: 544329 iSudsko mjesto Linz [&hellip;]\" \/>\n<meta property=\"og:url\" content=\"https:\/\/beegreenhotel.at\/hr\/politika-privatnosti\/\" \/>\n<meta property=\"og:site_name\" content=\"Bee Green Linz\" \/>\n<meta property=\"article:modified_time\" content=\"2024-02-04T11:00:00+00:00\" \/>\n<meta name=\"twitter:card\" content=\"summary_large_image\" \/>\n<meta name=\"twitter:label1\" content=\"Procijenjeno vrijeme \u010ditanja\" \/>\n\t<meta name=\"twitter:data1\" content=\"5 minuta\" \/>\n<script type=\"application\/ld+json\" class=\"yoast-schema-graph\">{\"@context\":\"https:\/\/schema.org\",\"@graph\":[{\"@type\":\"WebPage\",\"@id\":\"https:\/\/beegreenhotel.at\/hr\/politika-privatnosti\/\",\"url\":\"https:\/\/beegreenhotel.at\/hr\/politika-privatnosti\/\",\"name\":\"Politika privatnosti - Bee Green Linz\",\"isPartOf\":{\"@id\":\"https:\/\/beegreenhotel.at\/hr\/#website\"},\"datePublished\":\"2022-05-26T11:53:08+00:00\",\"dateModified\":\"2024-02-04T11:00:00+00:00\",\"breadcrumb\":{\"@id\":\"https:\/\/beegreenhotel.at\/hr\/politika-privatnosti\/#breadcrumb\"},\"inLanguage\":\"hr\",\"potentialAction\":[{\"@type\":\"ReadAction\",\"target\":[\"https:\/\/beegreenhotel.at\/hr\/politika-privatnosti\/\"]}]},{\"@type\":\"BreadcrumbList\",\"@id\":\"https:\/\/beegreenhotel.at\/hr\/politika-privatnosti\/#breadcrumb\",\"itemListElement\":[{\"@type\":\"ListItem\",\"position\":1,\"name\":\"Startseite\",\"item\":\"https:\/\/beegreenhotel.at\/hr\/dom\/\"},{\"@type\":\"ListItem\",\"position\":2,\"name\":\"Politika privatnosti\"}]},{\"@type\":\"WebSite\",\"@id\":\"https:\/\/beegreenhotel.at\/hr\/#website\",\"url\":\"https:\/\/beegreenhotel.at\/hr\/\",\"name\":\"Bee Green Linz\",\"description\":\"Bed &amp; Breakfast\",\"publisher\":{\"@id\":\"https:\/\/beegreenhotel.at\/hr\/#organization\"},\"potentialAction\":[{\"@type\":\"SearchAction\",\"target\":{\"@type\":\"EntryPoint\",\"urlTemplate\":\"https:\/\/beegreenhotel.at\/hr\/?s={search_term_string}\"},\"query-input\":{\"@type\":\"PropertyValueSpecification\",\"valueRequired\":true,\"valueName\":\"search_term_string\"}}],\"inLanguage\":\"hr\"},{\"@type\":\"Organization\",\"@id\":\"https:\/\/beegreenhotel.at\/hr\/#organization\",\"name\":\"BEE GREEN Linz\",\"url\":\"https:\/\/beegreenhotel.at\/hr\/\",\"logo\":{\"@type\":\"ImageObject\",\"inLanguage\":\"hr\",\"@id\":\"https:\/\/beegreenhotel.at\/hr\/#\/schema\/logo\/image\/\",\"url\":\"https:\/\/beegreenhotel.at\/wp-content\/uploads\/2022\/05\/bee-green-logo.png\",\"contentUrl\":\"https:\/\/beegreenhotel.at\/wp-content\/uploads\/2022\/05\/bee-green-logo.png\",\"width\":800,\"height\":800,\"caption\":\"BEE GREEN Linz\"},\"image\":{\"@id\":\"https:\/\/beegreenhotel.at\/hr\/#\/schema\/logo\/image\/\"}}]}<\/script>\n<!-- \/ Yoast SEO plugin. -->","yoast_head_json":{"title":"Politika privatnosti - Bee Green Linz","robots":{"index":"index","follow":"follow","max-snippet":"max-snippet:-1","max-image-preview":"max-image-preview:large","max-video-preview":"max-video-preview:-1"},"canonical":"https:\/\/beegreenhotel.at\/hr\/politika-privatnosti\/","og_locale":"hr_HR","og_type":"article","og_title":"Politika privatnosti - Bee Green Linz","og_description":"Impresum &amp; Uvjeti i odredbe Primjenjuju se op\u0107i uvjeti za hotelijerstvo u Austriji. &gt;&gt; Mo\u017eete ih prona\u0107i ovdje BEE GREEN No\u0107enje s doru\u010dkomje tvrtka kojaHotel Hanusch GmbHHerrenstra\u00dfe 11, 4020 LinzTel. +43 (0)732 77 24 77 22, faks +43 (0)732 77 24 77 47beegreen@linz-hotel.at, www.beegreenhotel.atUID: ATU 76304303\u010clan Gospodarske komore Gornje AustrijeMati\u010dni broj: 544329 iSudsko mjesto Linz [&hellip;]","og_url":"https:\/\/beegreenhotel.at\/hr\/politika-privatnosti\/","og_site_name":"Bee Green Linz","article_modified_time":"2024-02-04T11:00:00+00:00","twitter_card":"summary_large_image","twitter_misc":{"Procijenjeno vrijeme \u010ditanja":"5 minuta"},"schema":{"@context":"https:\/\/schema.org","@graph":[{"@type":"WebPage","@id":"https:\/\/beegreenhotel.at\/hr\/politika-privatnosti\/","url":"https:\/\/beegreenhotel.at\/hr\/politika-privatnosti\/","name":"Politika privatnosti - Bee Green Linz","isPartOf":{"@id":"https:\/\/beegreenhotel.at\/hr\/#website"},"datePublished":"2022-05-26T11:53:08+00:00","dateModified":"2024-02-04T11:00:00+00:00","breadcrumb":{"@id":"https:\/\/beegreenhotel.at\/hr\/politika-privatnosti\/#breadcrumb"},"inLanguage":"hr","potentialAction":[{"@type":"ReadAction","target":["https:\/\/beegreenhotel.at\/hr\/politika-privatnosti\/"]}]},{"@type":"BreadcrumbList","@id":"https:\/\/beegreenhotel.at\/hr\/politika-privatnosti\/#breadcrumb","itemListElement":[{"@type":"ListItem","position":1,"name":"Startseite","item":"https:\/\/beegreenhotel.at\/hr\/dom\/"},{"@type":"ListItem","position":2,"name":"Politika privatnosti"}]},{"@type":"WebSite","@id":"https:\/\/beegreenhotel.at\/hr\/#website","url":"https:\/\/beegreenhotel.at\/hr\/","name":"Bee Green Linz","description":"Bed &amp; Breakfast","publisher":{"@id":"https:\/\/beegreenhotel.at\/hr\/#organization"},"potentialAction":[{"@type":"SearchAction","target":{"@type":"EntryPoint","urlTemplate":"https:\/\/beegreenhotel.at\/hr\/?s={search_term_string}"},"query-input":{"@type":"PropertyValueSpecification","valueRequired":true,"valueName":"search_term_string"}}],"inLanguage":"hr"},{"@type":"Organization","@id":"https:\/\/beegreenhotel.at\/hr\/#organization","name":"BEE GREEN Linz","url":"https:\/\/beegreenhotel.at\/hr\/","logo":{"@type":"ImageObject","inLanguage":"hr","@id":"https:\/\/beegreenhotel.at\/hr\/#\/schema\/logo\/image\/","url":"https:\/\/beegreenhotel.at\/wp-content\/uploads\/2022\/05\/bee-green-logo.png","contentUrl":"https:\/\/beegreenhotel.at\/wp-content\/uploads\/2022\/05\/bee-green-logo.png","width":800,"height":800,"caption":"BEE GREEN Linz"},"image":{"@id":"https:\/\/beegreenhotel.at\/hr\/#\/schema\/logo\/image\/"}}]}},"_links":{"self":[{"href":"https:\/\/beegreenhotel.at\/hr\/wp-json\/wp\/v2\/pages\/866","targetHints":{"allow":["GET"]}}],"collection":[{"href":"https:\/\/beegreenhotel.at\/hr\/wp-json\/wp\/v2\/pages"}],"about":[{"href":"https:\/\/beegreenhotel.at\/hr\/wp-json\/wp\/v2\/types\/page"}],"author":[{"embeddable":true,"href":"https:\/\/beegreenhotel.at\/hr\/wp-json\/wp\/v2\/users\/1"}],"replies":[{"embeddable":true,"href":"https:\/\/beegreenhotel.at\/hr\/wp-json\/wp\/v2\/comments?post=866"}],"version-history":[{"count":3,"href":"https:\/\/beegreenhotel.at\/hr\/wp-json\/wp\/v2\/pages\/866\/revisions"}],"predecessor-version":[{"id":899,"href":"https:\/\/beegreenhotel.at\/hr\/wp-json\/wp\/v2\/pages\/866\/revisions\/899"}],"wp:attachment":[{"href":"https:\/\/beegreenhotel.at\/hr\/wp-json\/wp\/v2\/media?parent=866"}],"curies":[{"name":"wp","href":"https:\/\/api.w.org\/{rel}","templated":true}]}}