{"id":1118,"date":"2022-05-26T13:53:08","date_gmt":"2022-05-26T11:53:08","guid":{"rendered":"https:\/\/beegreenhotel.at\/politique-de-confidentialite\/"},"modified":"2024-02-04T12:03:52","modified_gmt":"2024-02-04T11:03:52","slug":"politique-de-confidentialite","status":"publish","type":"page","link":"https:\/\/beegreenhotel.at\/fr\/politique-de-confidentialite\/","title":{"rendered":"Politique de confidentialit\u00e9"},"content":{"rendered":"\t\t<div data-elementor-type=\"wp-page\" data-elementor-id=\"1118\" class=\"elementor elementor-1118 elementor-3\">\n\t\t\t\t\t\t<section class=\"elementor-section elementor-top-section elementor-element elementor-element-599f3874 elementor-section-boxed elementor-section-height-default elementor-section-height-default\" data-id=\"599f3874\" data-element_type=\"section\">\n\t\t\t\t\t\t<div class=\"elementor-container elementor-column-gap-default\">\n\t\t\t\t\t<div class=\"elementor-column elementor-col-100 elementor-top-column elementor-element elementor-element-aea4d22\" data-id=\"aea4d22\" data-element_type=\"column\" data-settings=\"{&quot;background_background&quot;:&quot;classic&quot;}\">\n\t\t\t<div class=\"elementor-widget-wrap elementor-element-populated\">\n\t\t\t\t\t\t<div class=\"elementor-element elementor-element-6567902 elementor-widget elementor-widget-heading\" data-id=\"6567902\" data-element_type=\"widget\" data-widget_type=\"heading.default\">\n\t\t\t\t<div class=\"elementor-widget-container\">\n\t\t\t\t\t<h1 class=\"elementor-heading-title elementor-size-default\">Mentions l\u00e9gales &amp; conditions g\u00e9n\u00e9rales<\/h1>\t\t\t\t<\/div>\n\t\t\t\t<\/div>\n\t\t\t\t<section class=\"elementor-section elementor-inner-section elementor-element elementor-element-9fa5352 elementor-section-boxed elementor-section-height-default elementor-section-height-default\" data-id=\"9fa5352\" data-element_type=\"section\">\n\t\t\t\t\t\t<div class=\"elementor-container elementor-column-gap-default\">\n\t\t\t\t\t<div class=\"elementor-column elementor-col-50 elementor-inner-column elementor-element elementor-element-82bed39\" data-id=\"82bed39\" data-element_type=\"column\">\n\t\t\t<div class=\"elementor-widget-wrap elementor-element-populated\">\n\t\t\t\t\t\t<div class=\"elementor-element elementor-element-db2a167 elementor-widget elementor-widget-text-editor\" data-id=\"db2a167\" data-element_type=\"widget\" data-widget_type=\"text-editor.default\">\n\t\t\t\t<div class=\"elementor-widget-container\">\n\t\t\t\t\t\t\t\t\t<p>Les conditions g\u00e9n\u00e9rales de vente pour l&rsquo;h\u00f4tellerie en Autriche s&rsquo;appliquent.<\/p>\n<p>&gt;&gt; <a href=\"https:\/\/beegreenhotel.at\/wp-content\/uploads\/2022\/07\/agb-hotel-oesterreich.pdf\" target=\"_blank\" rel=\"noopener\">Vous les trouverez ici<\/a><\/p>\n<p>BEE GREEN Bed &amp; Breakfast<br \/>est une entreprise de<br \/>H\u00f4tel Hanusch GmbH<br \/>Herrenstra\u00dfe 11, 4020 Linz<br \/>T\u00e9l. +43 (0)732 77 24 77 22, Fax +43 (0)732 77 24 77 47<br \/>beegreen@linz-hotel.at, www.beegreenhotel.at<br \/>NUM\u00c9RO D&rsquo;IDENTIFICATION FISCALE : ATU 76304303<br \/>Membre de la Chambre \u00e9conomique de Haute-Autriche<br \/>Num\u00e9ro du registre du commerce : 544329 i<br \/>Tribunal comp\u00e9tent Linz<\/p>\n\t\t\t\t\t\t\t\t<\/div>\n\t\t\t\t<\/div>\n\t\t\t\t\t<\/div>\n\t\t<\/div>\n\t\t\t\t<div class=\"elementor-column elementor-col-50 elementor-inner-column elementor-element elementor-element-8e710d8\" data-id=\"8e710d8\" data-element_type=\"column\">\n\t\t\t<div class=\"elementor-widget-wrap elementor-element-populated\">\n\t\t\t\t\t\t<div class=\"elementor-element elementor-element-302d064 elementor-widget elementor-widget-text-editor\" data-id=\"302d064\" data-element_type=\"widget\" data-widget_type=\"text-editor.default\">\n\t\t\t\t<div class=\"elementor-widget-container\">\n\t\t\t\t\t\t\t\t\t<h4>Presse<\/h4>\n<p><a href=\"https:\/\/beegreenhotel.at\/wp-content\/uploads\/woegerer-referenz-beegreen-presse-ooewirtschaft-01.pdf\">Communiqu\u00e9 de presse O\u00d6 Wirtschaft<\/a><\/p>\n\t\t\t\t\t\t\t\t<\/div>\n\t\t\t\t<\/div>\n\t\t\t\t\t<\/div>\n\t\t<\/div>\n\t\t\t\t\t<\/div>\n\t\t<\/section>\n\t\t\t\t<div class=\"elementor-element elementor-element-5f7fb606 elementor-widget elementor-widget-text-editor\" data-id=\"5f7fb606\" data-element_type=\"widget\" data-widget_type=\"text-editor.default\">\n\t\t\t\t<div class=\"elementor-widget-container\">\n\t\t\t\t\t\t\t\t\t<\/p>\n<h4>Copyright \u00a9 2022 : H\u00f4tel Hanusch GmbH<br \/>Responsable du contenu : Hotel Hanusch GmbH<\/h4>\n<p>Le contenu du site Internet de Bee Green est prot\u00e9g\u00e9 par les droits d&rsquo;auteur. La reproduction d&rsquo;informations, en particulier l&rsquo;utilisation de textes, de parties de textes ou d&rsquo;images, n\u00e9cessite l&rsquo;autorisation \u00e9crite pr\u00e9alable de l&rsquo;Hotel Hanusch GmbH. L&rsquo;Hotel Hanusch GmbH s&rsquo;efforce de veiller au mieux \u00e0 ce que les informations contenues dans ce site Internet soient exactes. Nous d\u00e9clinons toutefois toute responsabilit\u00e9 ou garantie quant \u00e0 l&rsquo;actualit\u00e9, l&rsquo;exactitude et l&rsquo;exhaustivit\u00e9 des informations mises \u00e0 disposition. En outre, Hotel Hanusch GmbH n&rsquo;est pas responsable du contenu des sites Internet externes reli\u00e9s par des hyperliens. L&rsquo;Hotel Hanusch GmbH se r\u00e9serve le droit de modifier ou de compl\u00e9ter sans pr\u00e9avis les informations mises \u00e0 disposition.<\/p>\n<p>Cr\u00e9dit photo : Hotel Hanusch GmbH, O\u00d6.Tourismus<\/p>\n<h4>D\u00e9claration de confidentialit\u00e9 :<\/h4>\n<p>La protection de vos donn\u00e9es personnelles nous tient particuli\u00e8rement \u00e0 c\u0153ur. Nous traitons donc vos donn\u00e9es exclusivement sur la base des dispositions l\u00e9gales (RGPD, TKG 2003). Dans ces informations sur la protection des donn\u00e9es, nous vous informons sur les principaux aspects du traitement des donn\u00e9es dans le cadre de notre site web.<\/p>\n<p>Lorsque vous visitez notre site web, votre adresse IP, le d\u00e9but et la fin de la session sont enregistr\u00e9s pour la dur\u00e9e de cette session. Ceci est n\u00e9cessaire d&rsquo;un point de vue technique et constitue donc un int\u00e9r\u00eat l\u00e9gitime au sens de l&rsquo;article 6, paragraphe 1, point f) du RGPD. Sauf disposition contraire ci-apr\u00e8s, nous ne traitons pas ces donn\u00e9es ult\u00e9rieurement.<\/p>\n<p>Si vous prenez contact avec nous par le biais du formulaire sur le site web ou par e-mail, les donn\u00e9es que vous avez indiqu\u00e9es seront enregistr\u00e9es chez nous pendant six mois pour le traitement de la demande et en cas de questions de suivi. Nous ne transmettons pas ces donn\u00e9es sans votre consentement.<\/p>\n<h4>Stockage des donn\u00e9es :<\/h4>\n<p>Nous attirons votre attention sur le fait que, dans le but de faciliter le processus de r\u00e9servation &amp; d&rsquo;achat et l&rsquo;ex\u00e9cution ult\u00e9rieure du contrat, l&rsquo;exploitant de la boutique en ligne enregistre les donn\u00e9es IP du titulaire de la connexion dans le cadre de cookies, ainsi que le nom, l&rsquo;adresse et le num\u00e9ro de carte de cr\u00e9dit [&#8230;] de l&rsquo;acheteur.<\/p>\n<p>Les donn\u00e9es que vous fournissez sont n\u00e9cessaires \u00e0 l&rsquo;ex\u00e9cution du contrat ou \u00e0 la mise en \u0153uvre de mesures pr\u00e9contractuelles. Sans ces donn\u00e9es, nous ne pouvons pas conclure le contrat avec vous. Aucune donn\u00e9e n&rsquo;est transmise \u00e0 des tiers, \u00e0 l&rsquo;exception des donn\u00e9es de carte de cr\u00e9dit qui sont transmises aux \u00e9tablissements bancaires \/ prestataires de services de paiement charg\u00e9s du traitement de la commande pour le pr\u00e9l\u00e8vement du prix d&rsquo;achat, \u00e0 l&rsquo;entreprise de transport \/ d&rsquo;exp\u00e9dition que nous avons mandat\u00e9e pour la livraison de la marchandise ainsi qu&rsquo;\u00e0 notre conseiller fiscal pour remplir nos obligations fiscales.<\/p>\n<p>Apr\u00e8s l&rsquo;interruption du processus d&rsquo;achat, les donn\u00e9es enregistr\u00e9es chez nous sont supprim\u00e9es. En cas de conclusion d&rsquo;un contrat, toutes les donn\u00e9es issues de la relation contractuelle sont conserv\u00e9es jusqu&rsquo;\u00e0 l&rsquo;expiration du d\u00e9lai de conservation pr\u00e9vu par le droit fiscal (7 ans).<\/p>\n<p>Les donn\u00e9es relatives au nom, \u00e0 l&rsquo;adresse, aux marchandises achet\u00e9es et \u00e0 la date d&rsquo;achat sont en outre conserv\u00e9es jusqu&rsquo;\u00e0 l&rsquo;expiration de la responsabilit\u00e9 du fait des produits. Le traitement des donn\u00e9es est effectu\u00e9 sur la base des dispositions l\u00e9gales de l&rsquo;article 96, paragraphe 3, de la loi sur les t\u00e9l\u00e9communications (TKG) et de l&rsquo;article 6, paragraphe 1, point a) (consentement) et\/ou point b) (n\u00e9cessaire \u00e0 l&rsquo;ex\u00e9cution du contrat) du RGPD.<\/p>\n<h4>Les cookies :<\/h4>\n<p>Notre site web utilise ce que l&rsquo;on appelle des cookies. Il s&rsquo;agit de petits fichiers texte qui sont d\u00e9pos\u00e9s sur votre terminal \u00e0 l&rsquo;aide du navigateur. Ils ne font pas de d\u00e9g\u00e2ts.<\/p>\n<p>Nous utilisons des cookies afin de maintenir les fonctions du site web et de rendre notre offre plus conviviale. Certains cookies restent enregistr\u00e9s sur votre terminal jusqu&rsquo;\u00e0 ce que vous les supprimiez. Ils nous permettent de reconna\u00eetre votre navigateur lors de votre prochaine visite.<\/p>\n<p>Si vous ne le souhaitez pas, vous pouvez configurer votre navigateur de mani\u00e8re \u00e0 ce qu&rsquo;il vous informe de l&rsquo;installation de cookies et que vous ne l&rsquo;autorisiez qu&rsquo;au cas par cas.<\/p>\n<p>Si vous d\u00e9sactivez les cookies, la fonctionnalit\u00e9 de notre site web peut \u00eatre limit\u00e9e.<\/p>\n\t\t\t\t\t\t\t\t<\/div>\n\t\t\t\t<\/div>\n\t\t\t\t<div class=\"elementor-element elementor-element-3c2a321 elementor-widget elementor-widget-text-editor\" data-id=\"3c2a321\" data-element_type=\"widget\" data-widget_type=\"text-editor.default\">\n\t\t\t\t<div class=\"elementor-widget-container\">\n\t\t\t\t\t\t\t\t\t<h4>Analyse du web :<\/h4>\n<p>Notre site web utilise des fonctions du service d&rsquo;analyse web Google-Analytics. Pour ce faire, nous utilisons des cookies qui permettent d&rsquo;analyser l&rsquo;utilisation du site par vos utilisateurs. Les informations ainsi g\u00e9n\u00e9r\u00e9es sont transmises au serveur du fournisseur et y sont enregistr\u00e9es.<\/p>\n<p>Vous pouvez emp\u00eacher cela en configurant votre navigateur de mani\u00e8re \u00e0 ce qu&rsquo;aucun cookie ne soit enregistr\u00e9.<\/p>\n<p>Nous avons conclu un contrat correspondant avec le fournisseur pour le traitement des donn\u00e9es de commande.<\/p>\n<p>Votre adresse IP est collect\u00e9e, mais imm\u00e9diatement pseudonymis\u00e9e. De ce fait, seule une localisation approximative est d\u00e9sormais possible.<\/p>\n<p>Le traitement des donn\u00e9es est effectu\u00e9 sur la base des dispositions l\u00e9gales de l&rsquo;article 96, paragraphe 3, de la loi sur les t\u00e9l\u00e9communications (TKG) et de l&rsquo;article 6, paragraphe 1, point a) (consentement) et\/ou f) (int\u00e9r\u00eat l\u00e9gitime) du RGPD.<\/p>\n<p>Notre pr\u00e9occupation au sens du RGPD (int\u00e9r\u00eat l\u00e9gitime) est d&rsquo;am\u00e9liorer notre offre et notre pr\u00e9sence sur le web. Comme la vie priv\u00e9e de nos utilisateurs est importante pour nous, les donn\u00e9es des utilisateurs sont pseudonymis\u00e9es.<\/p>\n\t\t\t\t\t\t\t\t<\/div>\n\t\t\t\t<\/div>\n\t\t\t\t<div class=\"elementor-element elementor-element-2952fdc elementor-widget elementor-widget-text-editor\" data-id=\"2952fdc\" data-element_type=\"widget\" data-widget_type=\"text-editor.default\">\n\t\t\t\t<div class=\"elementor-widget-container\">\n\t\t\t\t\t\t\t\t\t<h4>Bulletin d&rsquo;information<\/h4>\n<p>Vous avez la possibilit\u00e9 de vous abonner \u00e0 notre newsletter via notre site web. Pour ce faire, nous avons besoin de votre adresse e-mail et de votre d\u00e9claration d&rsquo;accord avec l&rsquo;abonnement \u00e0 la newsletter.<\/p>\n<p>Vous pouvez annuler votre abonnement \u00e0 la newsletter \u00e0 tout moment. Nous supprimerons ensuite imm\u00e9diatement vos donn\u00e9es en rapport avec l&rsquo;envoi de la newsletter. Cette r\u00e9vocation n&rsquo;affecte pas la lic\u00e9it\u00e9 du traitement effectu\u00e9 sur la base du consentement jusqu&rsquo;\u00e0 la r\u00e9vocation.<\/p>\n<h4>Vos droits :<\/h4>\n<p>En ce qui concerne vos donn\u00e9es enregistr\u00e9es chez nous, vous disposez en principe des droits d&rsquo;acc\u00e8s, de rectification, d&rsquo;effacement, de limitation, de portabilit\u00e9 des donn\u00e9es, de r\u00e9vocation et d&rsquo;opposition. Si vous pensez que le traitement de vos donn\u00e9es enfreint la l\u00e9gislation sur la protection des donn\u00e9es ou que vos droits en mati\u00e8re de protection des donn\u00e9es ont \u00e9t\u00e9 viol\u00e9s d&rsquo;une autre mani\u00e8re, vous pouvez d\u00e9poser une plainte aupr\u00e8s de notre beegreen[at]linz-hotel.at ou aupr\u00e8s de l&rsquo;autorit\u00e9 de protection des donn\u00e9es.<\/p>\n\t\t\t\t\t\t\t\t<\/div>\n\t\t\t\t<\/div>\n\t\t\t\t\t<\/div>\n\t\t<\/div>\n\t\t\t\t\t<\/div>\n\t\t<\/section>\n\t\t\t\t<\/div>\n\t\t","protected":false},"excerpt":{"rendered":"<p>Mentions l\u00e9gales &amp; conditions g\u00e9n\u00e9rales Les conditions g\u00e9n\u00e9rales de vente pour l&rsquo;h\u00f4tellerie en Autriche s&rsquo;appliquent. &gt;&gt; Vous les trouverez ici BEE GREEN Bed &amp; Breakfastest une entreprise deH\u00f4tel Hanusch GmbHHerrenstra\u00dfe 11, 4020 LinzT\u00e9l. +43 (0)732 77 24 77 22, Fax +43 (0)732 77 24 77 47beegreen@linz-hotel.at, www.beegreenhotel.atNUM\u00c9RO D&rsquo;IDENTIFICATION FISCALE : ATU 76304303Membre de la Chambre [&hellip;]<\/p>\n","protected":false},"author":1,"featured_media":0,"parent":0,"menu_order":0,"comment_status":"closed","ping_status":"closed","template":"","meta":{"site-sidebar-layout":"default","site-content-layout":"","ast-site-content-layout":"default","site-content-style":"default","site-sidebar-style":"default","ast-global-header-display":"","ast-banner-title-visibility":"","ast-main-header-display":"","ast-hfb-above-header-display":"","ast-hfb-below-header-display":"","ast-hfb-mobile-header-display":"","site-post-title":"disabled","ast-breadcrumbs-content":"","ast-featured-img":"","footer-sml-layout":"","theme-transparent-header-meta":"","adv-header-id-meta":"","stick-header-meta":"","header-above-stick-meta":"","header-main-stick-meta":"","header-below-stick-meta":"","astra-migrate-meta-layouts":"default","ast-page-background-enabled":"default","ast-page-background-meta":{"desktop":{"background-color":"var(--ast-global-color-4)","background-image":"","background-repeat":"repeat","background-position":"center center","background-size":"auto","background-attachment":"scroll","background-type":"","background-media":"","overlay-type":"","overlay-color":"","overlay-opacity":"","overlay-gradient":""},"tablet":{"background-color":"","background-image":"","background-repeat":"repeat","background-position":"center center","background-size":"auto","background-attachment":"scroll","background-type":"","background-media":"","overlay-type":"","overlay-color":"","overlay-opacity":"","overlay-gradient":""},"mobile":{"background-color":"","background-image":"","background-repeat":"repeat","background-position":"center center","background-size":"auto","background-attachment":"scroll","background-type":"","background-media":"","overlay-type":"","overlay-color":"","overlay-opacity":"","overlay-gradient":""}},"ast-content-background-meta":{"desktop":{"background-color":"var(--ast-global-color-5)","background-image":"","background-repeat":"repeat","background-position":"center center","background-size":"auto","background-attachment":"scroll","background-type":"","background-media":"","overlay-type":"","overlay-color":"","overlay-opacity":"","overlay-gradient":""},"tablet":{"background-color":"var(--ast-global-color-5)","background-image":"","background-repeat":"repeat","background-position":"center center","background-size":"auto","background-attachment":"scroll","background-type":"","background-media":"","overlay-type":"","overlay-color":"","overlay-opacity":"","overlay-gradient":""},"mobile":{"background-color":"var(--ast-global-color-5)","background-image":"","background-repeat":"repeat","background-position":"center center","background-size":"auto","background-attachment":"scroll","background-type":"","background-media":"","overlay-type":"","overlay-color":"","overlay-opacity":"","overlay-gradient":""}},"footnotes":""},"class_list":["post-1118","page","type-page","status-publish","hentry"],"yoast_head":"<!-- This site is optimized with the Yoast SEO plugin v26.2 - https:\/\/yoast.com\/wordpress\/plugins\/seo\/ -->\n<title>Politique de confidentialit\u00e9 - Bee Green Linz<\/title>\n<meta name=\"robots\" content=\"index, follow, max-snippet:-1, max-image-preview:large, max-video-preview:-1\" \/>\n<link rel=\"canonical\" href=\"https:\/\/beegreenhotel.at\/fr\/politique-de-confidentialite\/\" \/>\n<meta property=\"og:locale\" content=\"fr_FR\" \/>\n<meta property=\"og:type\" content=\"article\" \/>\n<meta property=\"og:title\" content=\"Politique de confidentialit\u00e9 - Bee Green Linz\" \/>\n<meta property=\"og:description\" content=\"Mentions l\u00e9gales &amp; conditions g\u00e9n\u00e9rales Les conditions g\u00e9n\u00e9rales de vente pour l&rsquo;h\u00f4tellerie en Autriche s&rsquo;appliquent. &gt;&gt; Vous les trouverez ici BEE GREEN Bed &amp; Breakfastest une entreprise deH\u00f4tel Hanusch GmbHHerrenstra\u00dfe 11, 4020 LinzT\u00e9l. +43 (0)732 77 24 77 22, Fax +43 (0)732 77 24 77 47beegreen@linz-hotel.at, www.beegreenhotel.atNUM\u00c9RO D&rsquo;IDENTIFICATION FISCALE : ATU 76304303Membre de la Chambre [&hellip;]\" \/>\n<meta property=\"og:url\" content=\"https:\/\/beegreenhotel.at\/fr\/politique-de-confidentialite\/\" \/>\n<meta property=\"og:site_name\" content=\"Bee Green Linz\" \/>\n<meta property=\"article:modified_time\" content=\"2024-02-04T11:03:52+00:00\" \/>\n<meta name=\"twitter:card\" content=\"summary_large_image\" \/>\n<meta name=\"twitter:label1\" content=\"Dur\u00e9e de lecture estim\u00e9e\" \/>\n\t<meta name=\"twitter:data1\" content=\"6 minutes\" \/>\n<script type=\"application\/ld+json\" class=\"yoast-schema-graph\">{\"@context\":\"https:\/\/schema.org\",\"@graph\":[{\"@type\":\"WebPage\",\"@id\":\"https:\/\/beegreenhotel.at\/fr\/politique-de-confidentialite\/\",\"url\":\"https:\/\/beegreenhotel.at\/fr\/politique-de-confidentialite\/\",\"name\":\"Politique de confidentialit\u00e9 - Bee Green Linz\",\"isPartOf\":{\"@id\":\"https:\/\/beegreenhotel.at\/fr\/#website\"},\"datePublished\":\"2022-05-26T11:53:08+00:00\",\"dateModified\":\"2024-02-04T11:03:52+00:00\",\"breadcrumb\":{\"@id\":\"https:\/\/beegreenhotel.at\/fr\/politique-de-confidentialite\/#breadcrumb\"},\"inLanguage\":\"fr-FR\",\"potentialAction\":[{\"@type\":\"ReadAction\",\"target\":[\"https:\/\/beegreenhotel.at\/fr\/politique-de-confidentialite\/\"]}]},{\"@type\":\"BreadcrumbList\",\"@id\":\"https:\/\/beegreenhotel.at\/fr\/politique-de-confidentialite\/#breadcrumb\",\"itemListElement\":[{\"@type\":\"ListItem\",\"position\":1,\"name\":\"Startseite\",\"item\":\"https:\/\/beegreenhotel.at\/fr\/accueil\/\"},{\"@type\":\"ListItem\",\"position\":2,\"name\":\"Politique de confidentialit\u00e9\"}]},{\"@type\":\"WebSite\",\"@id\":\"https:\/\/beegreenhotel.at\/fr\/#website\",\"url\":\"https:\/\/beegreenhotel.at\/fr\/\",\"name\":\"Bee Green Linz\",\"description\":\"Bed &amp; Breakfast\",\"publisher\":{\"@id\":\"https:\/\/beegreenhotel.at\/fr\/#organization\"},\"potentialAction\":[{\"@type\":\"SearchAction\",\"target\":{\"@type\":\"EntryPoint\",\"urlTemplate\":\"https:\/\/beegreenhotel.at\/fr\/?s={search_term_string}\"},\"query-input\":{\"@type\":\"PropertyValueSpecification\",\"valueRequired\":true,\"valueName\":\"search_term_string\"}}],\"inLanguage\":\"fr-FR\"},{\"@type\":\"Organization\",\"@id\":\"https:\/\/beegreenhotel.at\/fr\/#organization\",\"name\":\"BEE GREEN Linz\",\"url\":\"https:\/\/beegreenhotel.at\/fr\/\",\"logo\":{\"@type\":\"ImageObject\",\"inLanguage\":\"fr-FR\",\"@id\":\"https:\/\/beegreenhotel.at\/fr\/#\/schema\/logo\/image\/\",\"url\":\"https:\/\/beegreenhotel.at\/wp-content\/uploads\/2022\/05\/bee-green-logo.png\",\"contentUrl\":\"https:\/\/beegreenhotel.at\/wp-content\/uploads\/2022\/05\/bee-green-logo.png\",\"width\":800,\"height\":800,\"caption\":\"BEE GREEN Linz\"},\"image\":{\"@id\":\"https:\/\/beegreenhotel.at\/fr\/#\/schema\/logo\/image\/\"}}]}<\/script>\n<!-- \/ Yoast SEO plugin. -->","yoast_head_json":{"title":"Politique de confidentialit\u00e9 - Bee Green Linz","robots":{"index":"index","follow":"follow","max-snippet":"max-snippet:-1","max-image-preview":"max-image-preview:large","max-video-preview":"max-video-preview:-1"},"canonical":"https:\/\/beegreenhotel.at\/fr\/politique-de-confidentialite\/","og_locale":"fr_FR","og_type":"article","og_title":"Politique de confidentialit\u00e9 - Bee Green Linz","og_description":"Mentions l\u00e9gales &amp; conditions g\u00e9n\u00e9rales Les conditions g\u00e9n\u00e9rales de vente pour l&rsquo;h\u00f4tellerie en Autriche s&rsquo;appliquent. &gt;&gt; Vous les trouverez ici BEE GREEN Bed &amp; Breakfastest une entreprise deH\u00f4tel Hanusch GmbHHerrenstra\u00dfe 11, 4020 LinzT\u00e9l. +43 (0)732 77 24 77 22, Fax +43 (0)732 77 24 77 47beegreen@linz-hotel.at, www.beegreenhotel.atNUM\u00c9RO D&rsquo;IDENTIFICATION FISCALE : ATU 76304303Membre de la Chambre [&hellip;]","og_url":"https:\/\/beegreenhotel.at\/fr\/politique-de-confidentialite\/","og_site_name":"Bee Green Linz","article_modified_time":"2024-02-04T11:03:52+00:00","twitter_card":"summary_large_image","twitter_misc":{"Dur\u00e9e de lecture estim\u00e9e":"6 minutes"},"schema":{"@context":"https:\/\/schema.org","@graph":[{"@type":"WebPage","@id":"https:\/\/beegreenhotel.at\/fr\/politique-de-confidentialite\/","url":"https:\/\/beegreenhotel.at\/fr\/politique-de-confidentialite\/","name":"Politique de confidentialit\u00e9 - Bee Green Linz","isPartOf":{"@id":"https:\/\/beegreenhotel.at\/fr\/#website"},"datePublished":"2022-05-26T11:53:08+00:00","dateModified":"2024-02-04T11:03:52+00:00","breadcrumb":{"@id":"https:\/\/beegreenhotel.at\/fr\/politique-de-confidentialite\/#breadcrumb"},"inLanguage":"fr-FR","potentialAction":[{"@type":"ReadAction","target":["https:\/\/beegreenhotel.at\/fr\/politique-de-confidentialite\/"]}]},{"@type":"BreadcrumbList","@id":"https:\/\/beegreenhotel.at\/fr\/politique-de-confidentialite\/#breadcrumb","itemListElement":[{"@type":"ListItem","position":1,"name":"Startseite","item":"https:\/\/beegreenhotel.at\/fr\/accueil\/"},{"@type":"ListItem","position":2,"name":"Politique de confidentialit\u00e9"}]},{"@type":"WebSite","@id":"https:\/\/beegreenhotel.at\/fr\/#website","url":"https:\/\/beegreenhotel.at\/fr\/","name":"Bee Green Linz","description":"Bed &amp; Breakfast","publisher":{"@id":"https:\/\/beegreenhotel.at\/fr\/#organization"},"potentialAction":[{"@type":"SearchAction","target":{"@type":"EntryPoint","urlTemplate":"https:\/\/beegreenhotel.at\/fr\/?s={search_term_string}"},"query-input":{"@type":"PropertyValueSpecification","valueRequired":true,"valueName":"search_term_string"}}],"inLanguage":"fr-FR"},{"@type":"Organization","@id":"https:\/\/beegreenhotel.at\/fr\/#organization","name":"BEE GREEN Linz","url":"https:\/\/beegreenhotel.at\/fr\/","logo":{"@type":"ImageObject","inLanguage":"fr-FR","@id":"https:\/\/beegreenhotel.at\/fr\/#\/schema\/logo\/image\/","url":"https:\/\/beegreenhotel.at\/wp-content\/uploads\/2022\/05\/bee-green-logo.png","contentUrl":"https:\/\/beegreenhotel.at\/wp-content\/uploads\/2022\/05\/bee-green-logo.png","width":800,"height":800,"caption":"BEE GREEN Linz"},"image":{"@id":"https:\/\/beegreenhotel.at\/fr\/#\/schema\/logo\/image\/"}}]}},"_links":{"self":[{"href":"https:\/\/beegreenhotel.at\/fr\/wp-json\/wp\/v2\/pages\/1118","targetHints":{"allow":["GET"]}}],"collection":[{"href":"https:\/\/beegreenhotel.at\/fr\/wp-json\/wp\/v2\/pages"}],"about":[{"href":"https:\/\/beegreenhotel.at\/fr\/wp-json\/wp\/v2\/types\/page"}],"author":[{"embeddable":true,"href":"https:\/\/beegreenhotel.at\/fr\/wp-json\/wp\/v2\/users\/1"}],"replies":[{"embeddable":true,"href":"https:\/\/beegreenhotel.at\/fr\/wp-json\/wp\/v2\/comments?post=1118"}],"version-history":[{"count":2,"href":"https:\/\/beegreenhotel.at\/fr\/wp-json\/wp\/v2\/pages\/1118\/revisions"}],"predecessor-version":[{"id":1121,"href":"https:\/\/beegreenhotel.at\/fr\/wp-json\/wp\/v2\/pages\/1118\/revisions\/1121"}],"wp:attachment":[{"href":"https:\/\/beegreenhotel.at\/fr\/wp-json\/wp\/v2\/media?parent=1118"}],"curies":[{"name":"wp","href":"https:\/\/api.w.org\/{rel}","templated":true}]}}