{"id":1090,"date":"2022-05-26T13:53:08","date_gmt":"2022-05-26T11:53:08","guid":{"rendered":"https:\/\/beegreenhotel.at\/politica-de-privacidad\/"},"modified":"2024-02-04T12:03:52","modified_gmt":"2024-02-04T11:03:52","slug":"politica-de-privacidad","status":"publish","type":"page","link":"https:\/\/beegreenhotel.at\/es\/politica-de-privacidad\/","title":{"rendered":"Pol\u00edtica de privacidad"},"content":{"rendered":"\t\t<div data-elementor-type=\"wp-page\" data-elementor-id=\"1090\" class=\"elementor elementor-1090 elementor-3\">\n\t\t\t\t\t\t<section class=\"elementor-section elementor-top-section elementor-element elementor-element-599f3874 elementor-section-boxed elementor-section-height-default elementor-section-height-default\" data-id=\"599f3874\" data-element_type=\"section\">\n\t\t\t\t\t\t<div class=\"elementor-container elementor-column-gap-default\">\n\t\t\t\t\t<div class=\"elementor-column elementor-col-100 elementor-top-column elementor-element elementor-element-aea4d22\" data-id=\"aea4d22\" data-element_type=\"column\" data-settings=\"{&quot;background_background&quot;:&quot;classic&quot;}\">\n\t\t\t<div class=\"elementor-widget-wrap elementor-element-populated\">\n\t\t\t\t\t\t<div class=\"elementor-element elementor-element-6567902 elementor-widget elementor-widget-heading\" data-id=\"6567902\" data-element_type=\"widget\" data-widget_type=\"heading.default\">\n\t\t\t\t<div class=\"elementor-widget-container\">\n\t\t\t\t\t<h1 class=\"elementor-heading-title elementor-size-default\">Pie de imprenta y AGB<\/h1>\t\t\t\t<\/div>\n\t\t\t\t<\/div>\n\t\t\t\t<section class=\"elementor-section elementor-inner-section elementor-element elementor-element-9fa5352 elementor-section-boxed elementor-section-height-default elementor-section-height-default\" data-id=\"9fa5352\" data-element_type=\"section\">\n\t\t\t\t\t\t<div class=\"elementor-container elementor-column-gap-default\">\n\t\t\t\t\t<div class=\"elementor-column elementor-col-50 elementor-inner-column elementor-element elementor-element-82bed39\" data-id=\"82bed39\" data-element_type=\"column\">\n\t\t\t<div class=\"elementor-widget-wrap elementor-element-populated\">\n\t\t\t\t\t\t<div class=\"elementor-element elementor-element-db2a167 elementor-widget elementor-widget-text-editor\" data-id=\"db2a167\" data-element_type=\"widget\" data-widget_type=\"text-editor.default\">\n\t\t\t\t<div class=\"elementor-widget-container\">\n\t\t\t\t\t\t\t\t\t<p>Se aplican las condiciones generales del sector hotelero en Austria.<\/p>\n<p>&gt;&gt; <a href=\"https:\/\/beegreenhotel.at\/wp-content\/uploads\/2022\/07\/agb-hotel-oesterreich.pdf\" target=\"_blank\" rel=\"noopener\">Puede encontrarlos aqu\u00ed<\/a><\/p>\n<p>BEE GREEN Bed &amp; Breakfast<br \/>es una empresa de la<br \/>Hotel Hanusch GmbH<br \/>Herrenstra\u00dfe 11, 4020 Linz<br \/>Tel. +43 (0)732 77 24 77 22, Fax +43 (0)732 77 24 77 47<br \/>beegreen@linz-hotel.at, www.beegreenhotel.at<br \/>UID: ATU 76304303<br \/>Miembro de la C\u00e1mara de Comercio de Alta Austria<br \/>N\u00famero de registro mercantil: 544329 i<br \/>Lugar de jurisdicci\u00f3n Linz<\/p>\n\t\t\t\t\t\t\t\t<\/div>\n\t\t\t\t<\/div>\n\t\t\t\t\t<\/div>\n\t\t<\/div>\n\t\t\t\t<div class=\"elementor-column elementor-col-50 elementor-inner-column elementor-element elementor-element-8e710d8\" data-id=\"8e710d8\" data-element_type=\"column\">\n\t\t\t<div class=\"elementor-widget-wrap elementor-element-populated\">\n\t\t\t\t\t\t<div class=\"elementor-element elementor-element-302d064 elementor-widget elementor-widget-text-editor\" data-id=\"302d064\" data-element_type=\"widget\" data-widget_type=\"text-editor.default\">\n\t\t\t\t<div class=\"elementor-widget-container\">\n\t\t\t\t\t\t\t\t\t<h4>Pulse<\/h4>\n<p><a href=\"https:\/\/beegreenhotel.at\/wp-content\/uploads\/woegerer-referenz-beegreen-presse-ooewirtschaft-01.pdf\">Informe de prensa O\u00d6 Wirtschaft<\/a><\/p>\n\t\t\t\t\t\t\t\t<\/div>\n\t\t\t\t<\/div>\n\t\t\t\t\t<\/div>\n\t\t<\/div>\n\t\t\t\t\t<\/div>\n\t\t<\/section>\n\t\t\t\t<div class=\"elementor-element elementor-element-5f7fb606 elementor-widget elementor-widget-text-editor\" data-id=\"5f7fb606\" data-element_type=\"widget\" data-widget_type=\"text-editor.default\">\n\t\t\t\t<div class=\"elementor-widget-container\">\n\t\t\t\t\t\t\t\t\t<\/p>\n<h4>Copyright \u00a9 2022: Hotel Hanusch GmbH<br \/>Responsable del contenido: Hotel Hanusch GmbH<\/h4>\n<p>El contenido del sitio web de Bee Green est\u00e1 protegido por derechos de autor. La reproducci\u00f3n de informaci\u00f3n, en particular el uso de textos, partes de textos o im\u00e1genes, requiere la autorizaci\u00f3n previa por escrito de Hotel Hanusch GmbH. El Hotel Hanusch GmbH se esfuerza al m\u00e1ximo por garantizar la exactitud de la informaci\u00f3n contenida en este sitio web. No obstante, se excluye cualquier responsabilidad o garant\u00eda por la actualidad, exactitud e integridad de la informaci\u00f3n facilitada. Adem\u00e1s, el Hotel Hanusch GmbH no se hace responsable del contenido de los sitios web externos enlazados mediante hiperv\u00ednculos. El Hotel Hanusch GmbH se reserva el derecho a realizar cambios o adiciones a la informaci\u00f3n proporcionada sin previo aviso.<\/p>\n<p>Fotos: Hotel Hanusch GmbH, O\u00d6.Tourismus<\/p>\n<h4>Pol\u00edtica de privacidad:<\/h4>\n<p>La protecci\u00f3n de sus datos personales nos preocupa especialmente. Por lo tanto, procesamos sus datos exclusivamente sobre la base de las disposiciones legales (GDPR, TKG 2003). En esta informaci\u00f3n sobre protecci\u00f3n de datos, le informamos sobre los aspectos m\u00e1s importantes del tratamiento de datos en el contexto de nuestro sitio web.<\/p>\n<p>Cuando visita nuestro sitio web, su direcci\u00f3n IP, el inicio y el fin de la sesi\u00f3n quedan registrados durante toda la sesi\u00f3n. Esto es por razones t\u00e9cnicas y por lo tanto constituye un inter\u00e9s leg\u00edtimo en el sentido del Art. 6 (1) (f) GDPR. A menos que se estipule lo contrario a continuaci\u00f3n, no procesaremos m\u00e1s estos datos.<\/p>\n<p>Si se pone en contacto con nosotros a trav\u00e9s del formulario del sitio web o por correo electr\u00f3nico, almacenaremos los datos que nos proporcione durante seis meses con el fin de procesar la consulta y en caso de preguntas de seguimiento. No transmitimos estos datos sin su consentimiento.<\/p>\n<h4>Almacenamiento de datos:<\/h4>\n<p>Nos gustar\u00eda se\u00f1alar que, con el fin de simplificar el proceso de reserva y compra y para la posterior tramitaci\u00f3n del contrato, el operador de la tienda web almacena los datos IP del propietario de la conexi\u00f3n en el marco de las cookies, as\u00ed como el nombre, la direcci\u00f3n y el n\u00famero de tarjeta de cr\u00e9dito [&#8230;] del comprador.<\/p>\n<p>Los datos que facilite son necesarios para cumplir el contrato o para llevar a cabo medidas precontractuales. Sin estos datos no podemos celebrar el contrato con usted. Los datos no ser\u00e1n transferidos a terceros, con la excepci\u00f3n de la transferencia de datos de tarjetas de cr\u00e9dito a los institutos bancarios de procesamiento \/ proveedores de servicios de pago con el fin de cargar el precio de compra, a la empresa de transporte \/ empresa naviera encargada por nosotros para entregar la mercanc\u00eda y a nuestro asesor fiscal para cumplir con nuestras obligaciones fiscales.<\/p>\n<p>Tras cancelar el proceso de compra, los datos almacenados por nosotros ser\u00e1n eliminados. Si se celebra un contrato, todos los datos de la relaci\u00f3n contractual se almacenar\u00e1n hasta que expire el periodo de conservaci\u00f3n previsto en la legislaci\u00f3n fiscal (7 a\u00f1os).<\/p>\n<p>Los datos de nombre, direcci\u00f3n, bienes adquiridos y fecha de compra tambi\u00e9n se almacenan hasta que expira la responsabilidad del producto. El tratamiento de datos se lleva a cabo sobre la base de las disposiciones legales del art\u00edculo 96 (3) de la TKG y del art\u00edculo 6 (1) (a) (consentimiento) y\/o (b) (necesario para el cumplimiento del contrato) del GDPR.<\/p>\n<h4>Galletas:<\/h4>\n<p>Nuestro sitio web utiliza las denominadas cookies. Se trata de peque\u00f1os archivos de texto que se almacenan en su dispositivo final con la ayuda del navegador. No causan ning\u00fan da\u00f1o.<\/p>\n<p>Utilizamos cookies para mantener las funciones del sitio web y facilitar el uso de nuestra oferta. Algunas cookies permanecen almacenadas en su dispositivo final hasta que usted las borra. Nos permiten reconocer su navegador la pr\u00f3xima vez que visite nuestro sitio web.<\/p>\n<p>Si no lo desea, puede configurar su navegador para que le informe sobre la instalaci\u00f3n de cookies y permitirla s\u00f3lo en casos concretos.<\/p>\n<p>Si se desactivan las cookies, la funcionalidad de nuestro sitio web puede verse limitada.<\/p>\n\t\t\t\t\t\t\t\t<\/div>\n\t\t\t\t<\/div>\n\t\t\t\t<div class=\"elementor-element elementor-element-3c2a321 elementor-widget elementor-widget-text-editor\" data-id=\"3c2a321\" data-element_type=\"widget\" data-widget_type=\"text-editor.default\">\n\t\t\t\t<div class=\"elementor-widget-container\">\n\t\t\t\t\t\t\t\t\t<h4>An\u00e1lisis web:<\/h4>\n<p>Nuestro sitio web utiliza funciones del servicio de an\u00e1lisis web Google Analytics. Para ello se utilizan cookies, que permiten analizar su uso del sitio web. La informaci\u00f3n generada de este modo se transfiere al servidor del proveedor y se almacena all\u00ed.<\/p>\n<p>Puede evitarlo configurando su navegador para que no almacene cookies.<\/p>\n<p>Hemos celebrado el correspondiente contrato con el proveedor para el tratamiento de datos encargado.<\/p>\n<p>Su direcci\u00f3n IP queda registrada, pero se convierte inmediatamente en un seud\u00f3nimo. Esto significa que s\u00f3lo es posible una localizaci\u00f3n aproximada.<\/p>\n<p>El tratamiento de datos se lleva a cabo sobre la base de las disposiciones legales del art\u00edculo 96 (3) de la TKG y del art\u00edculo 6 (1) (a) (consentimiento) y\/o (f) (inter\u00e9s leg\u00edtimo) del GDPR.<\/p>\n<p>Nuestra preocupaci\u00f3n en el sentido del GDPR (inter\u00e9s leg\u00edtimo) es la mejora de nuestra oferta y nuestro sitio web. Dado que la privacidad de nuestros usuarios es importante para nosotros, los datos de los usuarios est\u00e1n seudonimizados.<\/p>\n\t\t\t\t\t\t\t\t<\/div>\n\t\t\t\t<\/div>\n\t\t\t\t<div class=\"elementor-element elementor-element-2952fdc elementor-widget elementor-widget-text-editor\" data-id=\"2952fdc\" data-element_type=\"widget\" data-widget_type=\"text-editor.default\">\n\t\t\t\t<div class=\"elementor-widget-container\">\n\t\t\t\t\t\t\t\t\t<h4>Bolet\u00edn<\/h4>\n<p>Tiene la opci\u00f3n de suscribirse a nuestro bolet\u00edn a trav\u00e9s de nuestro sitio web. Para ello necesitamos su direcci\u00f3n de correo electr\u00f3nico y su declaraci\u00f3n de que acepta recibir el bolet\u00edn.<\/p>\n<p>Puede cancelar su suscripci\u00f3n al bolet\u00edn en cualquier momento. A continuaci\u00f3n, eliminaremos inmediatamente sus datos en relaci\u00f3n con el env\u00edo del bolet\u00edn. Esta revocaci\u00f3n no afecta a la legalidad del tratamiento efectuado sobre la base del consentimiento hasta la revocaci\u00f3n.<\/p>\n<h4>Sus derechos:<\/h4>\n<p>En principio, usted tiene derecho a la informaci\u00f3n, rectificaci\u00f3n, supresi\u00f3n, limitaci\u00f3n, portabilidad de datos, cancelaci\u00f3n y oposici\u00f3n con respecto a sus datos almacenados por nosotros. Si considera que el tratamiento de sus datos infringe la ley de protecci\u00f3n de datos o que sus derechos en materia de protecci\u00f3n de datos han sido vulnerados de alg\u00fan otro modo, puede presentar una reclamaci\u00f3n ante nosotros beegreen[at]linz-hotel.at o ante la autoridad de protecci\u00f3n de datos.<\/p>\n\t\t\t\t\t\t\t\t<\/div>\n\t\t\t\t<\/div>\n\t\t\t\t\t<\/div>\n\t\t<\/div>\n\t\t\t\t\t<\/div>\n\t\t<\/section>\n\t\t\t\t<\/div>\n\t\t","protected":false},"excerpt":{"rendered":"<p>Pie de imprenta y AGB Se aplican las condiciones generales del sector hotelero en Austria. &gt;&gt; Puede encontrarlos aqu\u00ed BEE GREEN Bed &amp; Breakfastes una empresa de laHotel Hanusch GmbHHerrenstra\u00dfe 11, 4020 LinzTel. +43 (0)732 77 24 77 22, Fax +43 (0)732 77 24 77 47beegreen@linz-hotel.at, www.beegreenhotel.atUID: ATU 76304303Miembro de la C\u00e1mara de Comercio de [&hellip;]<\/p>\n","protected":false},"author":1,"featured_media":0,"parent":0,"menu_order":0,"comment_status":"closed","ping_status":"closed","template":"","meta":{"site-sidebar-layout":"default","site-content-layout":"","ast-site-content-layout":"default","site-content-style":"default","site-sidebar-style":"default","ast-global-header-display":"","ast-banner-title-visibility":"","ast-main-header-display":"","ast-hfb-above-header-display":"","ast-hfb-below-header-display":"","ast-hfb-mobile-header-display":"","site-post-title":"disabled","ast-breadcrumbs-content":"","ast-featured-img":"","footer-sml-layout":"","theme-transparent-header-meta":"","adv-header-id-meta":"","stick-header-meta":"","header-above-stick-meta":"","header-main-stick-meta":"","header-below-stick-meta":"","astra-migrate-meta-layouts":"default","ast-page-background-enabled":"default","ast-page-background-meta":{"desktop":{"background-color":"var(--ast-global-color-4)","background-image":"","background-repeat":"repeat","background-position":"center center","background-size":"auto","background-attachment":"scroll","background-type":"","background-media":"","overlay-type":"","overlay-color":"","overlay-opacity":"","overlay-gradient":""},"tablet":{"background-color":"","background-image":"","background-repeat":"repeat","background-position":"center center","background-size":"auto","background-attachment":"scroll","background-type":"","background-media":"","overlay-type":"","overlay-color":"","overlay-opacity":"","overlay-gradient":""},"mobile":{"background-color":"","background-image":"","background-repeat":"repeat","background-position":"center center","background-size":"auto","background-attachment":"scroll","background-type":"","background-media":"","overlay-type":"","overlay-color":"","overlay-opacity":"","overlay-gradient":""}},"ast-content-background-meta":{"desktop":{"background-color":"var(--ast-global-color-5)","background-image":"","background-repeat":"repeat","background-position":"center center","background-size":"auto","background-attachment":"scroll","background-type":"","background-media":"","overlay-type":"","overlay-color":"","overlay-opacity":"","overlay-gradient":""},"tablet":{"background-color":"var(--ast-global-color-5)","background-image":"","background-repeat":"repeat","background-position":"center center","background-size":"auto","background-attachment":"scroll","background-type":"","background-media":"","overlay-type":"","overlay-color":"","overlay-opacity":"","overlay-gradient":""},"mobile":{"background-color":"var(--ast-global-color-5)","background-image":"","background-repeat":"repeat","background-position":"center center","background-size":"auto","background-attachment":"scroll","background-type":"","background-media":"","overlay-type":"","overlay-color":"","overlay-opacity":"","overlay-gradient":""}},"footnotes":""},"class_list":["post-1090","page","type-page","status-publish","hentry"],"yoast_head":"<!-- This site is optimized with the Yoast SEO plugin v26.2 - https:\/\/yoast.com\/wordpress\/plugins\/seo\/ -->\n<title>Pol\u00edtica de privacidad - Bee Green Linz<\/title>\n<meta name=\"robots\" content=\"index, follow, max-snippet:-1, max-image-preview:large, max-video-preview:-1\" \/>\n<link rel=\"canonical\" href=\"https:\/\/beegreenhotel.at\/es\/politica-de-privacidad\/\" \/>\n<meta property=\"og:locale\" content=\"es_ES\" \/>\n<meta property=\"og:type\" content=\"article\" \/>\n<meta property=\"og:title\" content=\"Pol\u00edtica de privacidad - Bee Green Linz\" \/>\n<meta property=\"og:description\" content=\"Pie de imprenta y AGB Se aplican las condiciones generales del sector hotelero en Austria. &gt;&gt; Puede encontrarlos aqu\u00ed BEE GREEN Bed &amp; Breakfastes una empresa de laHotel Hanusch GmbHHerrenstra\u00dfe 11, 4020 LinzTel. +43 (0)732 77 24 77 22, Fax +43 (0)732 77 24 77 47beegreen@linz-hotel.at, www.beegreenhotel.atUID: ATU 76304303Miembro de la C\u00e1mara de Comercio de [&hellip;]\" \/>\n<meta property=\"og:url\" content=\"https:\/\/beegreenhotel.at\/es\/politica-de-privacidad\/\" \/>\n<meta property=\"og:site_name\" content=\"Bee Green Linz\" \/>\n<meta property=\"article:modified_time\" content=\"2024-02-04T11:03:52+00:00\" \/>\n<meta name=\"twitter:card\" content=\"summary_large_image\" \/>\n<meta name=\"twitter:label1\" content=\"Tiempo de lectura\" \/>\n\t<meta name=\"twitter:data1\" content=\"6 minutos\" \/>\n<script type=\"application\/ld+json\" class=\"yoast-schema-graph\">{\"@context\":\"https:\/\/schema.org\",\"@graph\":[{\"@type\":\"WebPage\",\"@id\":\"https:\/\/beegreenhotel.at\/es\/politica-de-privacidad\/\",\"url\":\"https:\/\/beegreenhotel.at\/es\/politica-de-privacidad\/\",\"name\":\"Pol\u00edtica de privacidad - Bee Green Linz\",\"isPartOf\":{\"@id\":\"https:\/\/beegreenhotel.at\/es\/#website\"},\"datePublished\":\"2022-05-26T11:53:08+00:00\",\"dateModified\":\"2024-02-04T11:03:52+00:00\",\"breadcrumb\":{\"@id\":\"https:\/\/beegreenhotel.at\/es\/politica-de-privacidad\/#breadcrumb\"},\"inLanguage\":\"es\",\"potentialAction\":[{\"@type\":\"ReadAction\",\"target\":[\"https:\/\/beegreenhotel.at\/es\/politica-de-privacidad\/\"]}]},{\"@type\":\"BreadcrumbList\",\"@id\":\"https:\/\/beegreenhotel.at\/es\/politica-de-privacidad\/#breadcrumb\",\"itemListElement\":[{\"@type\":\"ListItem\",\"position\":1,\"name\":\"Startseite\",\"item\":\"https:\/\/beegreenhotel.at\/es\/inicio\/\"},{\"@type\":\"ListItem\",\"position\":2,\"name\":\"Pol\u00edtica de privacidad\"}]},{\"@type\":\"WebSite\",\"@id\":\"https:\/\/beegreenhotel.at\/es\/#website\",\"url\":\"https:\/\/beegreenhotel.at\/es\/\",\"name\":\"Bee Green Linz\",\"description\":\"Bed &amp; Breakfast\",\"publisher\":{\"@id\":\"https:\/\/beegreenhotel.at\/es\/#organization\"},\"potentialAction\":[{\"@type\":\"SearchAction\",\"target\":{\"@type\":\"EntryPoint\",\"urlTemplate\":\"https:\/\/beegreenhotel.at\/es\/?s={search_term_string}\"},\"query-input\":{\"@type\":\"PropertyValueSpecification\",\"valueRequired\":true,\"valueName\":\"search_term_string\"}}],\"inLanguage\":\"es\"},{\"@type\":\"Organization\",\"@id\":\"https:\/\/beegreenhotel.at\/es\/#organization\",\"name\":\"BEE GREEN Linz\",\"url\":\"https:\/\/beegreenhotel.at\/es\/\",\"logo\":{\"@type\":\"ImageObject\",\"inLanguage\":\"es\",\"@id\":\"https:\/\/beegreenhotel.at\/es\/#\/schema\/logo\/image\/\",\"url\":\"https:\/\/beegreenhotel.at\/wp-content\/uploads\/2022\/05\/bee-green-logo.png\",\"contentUrl\":\"https:\/\/beegreenhotel.at\/wp-content\/uploads\/2022\/05\/bee-green-logo.png\",\"width\":800,\"height\":800,\"caption\":\"BEE GREEN Linz\"},\"image\":{\"@id\":\"https:\/\/beegreenhotel.at\/es\/#\/schema\/logo\/image\/\"}}]}<\/script>\n<!-- \/ Yoast SEO plugin. -->","yoast_head_json":{"title":"Pol\u00edtica de privacidad - Bee Green Linz","robots":{"index":"index","follow":"follow","max-snippet":"max-snippet:-1","max-image-preview":"max-image-preview:large","max-video-preview":"max-video-preview:-1"},"canonical":"https:\/\/beegreenhotel.at\/es\/politica-de-privacidad\/","og_locale":"es_ES","og_type":"article","og_title":"Pol\u00edtica de privacidad - Bee Green Linz","og_description":"Pie de imprenta y AGB Se aplican las condiciones generales del sector hotelero en Austria. &gt;&gt; Puede encontrarlos aqu\u00ed BEE GREEN Bed &amp; Breakfastes una empresa de laHotel Hanusch GmbHHerrenstra\u00dfe 11, 4020 LinzTel. +43 (0)732 77 24 77 22, Fax +43 (0)732 77 24 77 47beegreen@linz-hotel.at, www.beegreenhotel.atUID: ATU 76304303Miembro de la C\u00e1mara de Comercio de [&hellip;]","og_url":"https:\/\/beegreenhotel.at\/es\/politica-de-privacidad\/","og_site_name":"Bee Green Linz","article_modified_time":"2024-02-04T11:03:52+00:00","twitter_card":"summary_large_image","twitter_misc":{"Tiempo de lectura":"6 minutos"},"schema":{"@context":"https:\/\/schema.org","@graph":[{"@type":"WebPage","@id":"https:\/\/beegreenhotel.at\/es\/politica-de-privacidad\/","url":"https:\/\/beegreenhotel.at\/es\/politica-de-privacidad\/","name":"Pol\u00edtica de privacidad - Bee Green Linz","isPartOf":{"@id":"https:\/\/beegreenhotel.at\/es\/#website"},"datePublished":"2022-05-26T11:53:08+00:00","dateModified":"2024-02-04T11:03:52+00:00","breadcrumb":{"@id":"https:\/\/beegreenhotel.at\/es\/politica-de-privacidad\/#breadcrumb"},"inLanguage":"es","potentialAction":[{"@type":"ReadAction","target":["https:\/\/beegreenhotel.at\/es\/politica-de-privacidad\/"]}]},{"@type":"BreadcrumbList","@id":"https:\/\/beegreenhotel.at\/es\/politica-de-privacidad\/#breadcrumb","itemListElement":[{"@type":"ListItem","position":1,"name":"Startseite","item":"https:\/\/beegreenhotel.at\/es\/inicio\/"},{"@type":"ListItem","position":2,"name":"Pol\u00edtica de privacidad"}]},{"@type":"WebSite","@id":"https:\/\/beegreenhotel.at\/es\/#website","url":"https:\/\/beegreenhotel.at\/es\/","name":"Bee Green Linz","description":"Bed &amp; Breakfast","publisher":{"@id":"https:\/\/beegreenhotel.at\/es\/#organization"},"potentialAction":[{"@type":"SearchAction","target":{"@type":"EntryPoint","urlTemplate":"https:\/\/beegreenhotel.at\/es\/?s={search_term_string}"},"query-input":{"@type":"PropertyValueSpecification","valueRequired":true,"valueName":"search_term_string"}}],"inLanguage":"es"},{"@type":"Organization","@id":"https:\/\/beegreenhotel.at\/es\/#organization","name":"BEE GREEN Linz","url":"https:\/\/beegreenhotel.at\/es\/","logo":{"@type":"ImageObject","inLanguage":"es","@id":"https:\/\/beegreenhotel.at\/es\/#\/schema\/logo\/image\/","url":"https:\/\/beegreenhotel.at\/wp-content\/uploads\/2022\/05\/bee-green-logo.png","contentUrl":"https:\/\/beegreenhotel.at\/wp-content\/uploads\/2022\/05\/bee-green-logo.png","width":800,"height":800,"caption":"BEE GREEN Linz"},"image":{"@id":"https:\/\/beegreenhotel.at\/es\/#\/schema\/logo\/image\/"}}]}},"_links":{"self":[{"href":"https:\/\/beegreenhotel.at\/es\/wp-json\/wp\/v2\/pages\/1090","targetHints":{"allow":["GET"]}}],"collection":[{"href":"https:\/\/beegreenhotel.at\/es\/wp-json\/wp\/v2\/pages"}],"about":[{"href":"https:\/\/beegreenhotel.at\/es\/wp-json\/wp\/v2\/types\/page"}],"author":[{"embeddable":true,"href":"https:\/\/beegreenhotel.at\/es\/wp-json\/wp\/v2\/users\/1"}],"replies":[{"embeddable":true,"href":"https:\/\/beegreenhotel.at\/es\/wp-json\/wp\/v2\/comments?post=1090"}],"version-history":[{"count":3,"href":"https:\/\/beegreenhotel.at\/es\/wp-json\/wp\/v2\/pages\/1090\/revisions"}],"predecessor-version":[{"id":1120,"href":"https:\/\/beegreenhotel.at\/es\/wp-json\/wp\/v2\/pages\/1090\/revisions\/1120"}],"wp:attachment":[{"href":"https:\/\/beegreenhotel.at\/es\/wp-json\/wp\/v2\/media?parent=1090"}],"curies":[{"name":"wp","href":"https:\/\/api.w.org\/{rel}","templated":true}]}}