{"id":632,"date":"2022-05-26T13:53:08","date_gmt":"2022-05-26T11:53:08","guid":{"rendered":"https:\/\/beegreenhotel.at\/zasady-ochrany-osobnich-udaju\/"},"modified":"2023-08-23T21:48:33","modified_gmt":"2023-08-23T19:48:33","slug":"zasady-ochrany-osobnich-udaju","status":"publish","type":"page","link":"https:\/\/beegreenhotel.at\/cs\/zasady-ochrany-osobnich-udaju\/","title":{"rendered":"Z\u00e1sady ochrany osobn\u00edch \u00fadaj\u016f"},"content":{"rendered":"\t\t<div data-elementor-type=\"wp-page\" data-elementor-id=\"632\" class=\"elementor elementor-632 elementor-3\">\n\t\t\t\t\t\t<section class=\"elementor-section elementor-top-section elementor-element elementor-element-599f3874 elementor-section-boxed elementor-section-height-default elementor-section-height-default\" data-id=\"599f3874\" data-element_type=\"section\">\n\t\t\t\t\t\t<div class=\"elementor-container elementor-column-gap-default\">\n\t\t\t\t\t<div class=\"elementor-column elementor-col-100 elementor-top-column elementor-element elementor-element-aea4d22\" data-id=\"aea4d22\" data-element_type=\"column\" data-settings=\"{&quot;background_background&quot;:&quot;classic&quot;}\">\n\t\t\t<div class=\"elementor-widget-wrap elementor-element-populated\">\n\t\t\t\t\t\t<div class=\"elementor-element elementor-element-6567902 elementor-widget elementor-widget-heading\" data-id=\"6567902\" data-element_type=\"widget\" data-widget_type=\"heading.default\">\n\t\t\t\t<div class=\"elementor-widget-container\">\n\t\t\t\t\t<h1 class=\"elementor-heading-title elementor-size-default\">Imprint &amp; GTC<\/h1>\t\t\t\t<\/div>\n\t\t\t\t<\/div>\n\t\t\t\t<section class=\"elementor-section elementor-inner-section elementor-element elementor-element-9fa5352 elementor-section-boxed elementor-section-height-default elementor-section-height-default\" data-id=\"9fa5352\" data-element_type=\"section\">\n\t\t\t\t\t\t<div class=\"elementor-container elementor-column-gap-default\">\n\t\t\t\t\t<div class=\"elementor-column elementor-col-50 elementor-inner-column elementor-element elementor-element-82bed39\" data-id=\"82bed39\" data-element_type=\"column\">\n\t\t\t<div class=\"elementor-widget-wrap elementor-element-populated\">\n\t\t\t\t\t\t<div class=\"elementor-element elementor-element-db2a167 elementor-widget elementor-widget-text-editor\" data-id=\"db2a167\" data-element_type=\"widget\" data-widget_type=\"text-editor.default\">\n\t\t\t\t<div class=\"elementor-widget-container\">\n\t\t\t\t\t\t\t\t\t<p>Plat\u00ed obecn\u00e9 podm\u00ednky pro hotelnictv\u00ed v Rakousku.<\/p>\n<p>&gt;&gt; <a href=\"https:\/\/beegreenhotel.at\/wp-content\/uploads\/2022\/07\/agb-hotel-oesterreich.pdf\" target=\"_blank\" rel=\"noopener\">Najdete je zde<\/a><\/p>\n<p>BEE GREEN Bed &amp; Breakfast<br \/>je spole\u010dnost\u00ed<br \/>Hotel Hanusch GmbH<br \/>Herrenstra\u00dfe 11, 4020 Linz<br \/>Tel. +43 (0)732 77 24 77 22, Fax +43 (0)732 77 24 77 47<br \/>beegreen@linz-hotel.at, www.beegreenhotel.at<br \/>UID: ATU 76304303<br \/>\u010clen Hornorakousk\u00e9 hospod\u00e1\u0159sk\u00e9 komory<br \/>Registra\u010dn\u00ed \u010d\u00edslo spole\u010dnosti: 544329 i<br \/>M\u00edsto kon\u00e1n\u00ed Linec<\/p>\n\t\t\t\t\t\t\t\t<\/div>\n\t\t\t\t<\/div>\n\t\t\t\t\t<\/div>\n\t\t<\/div>\n\t\t\t\t<div class=\"elementor-column elementor-col-50 elementor-inner-column elementor-element elementor-element-8e710d8\" data-id=\"8e710d8\" data-element_type=\"column\">\n\t\t\t<div class=\"elementor-widget-wrap elementor-element-populated\">\n\t\t\t\t\t\t<div class=\"elementor-element elementor-element-302d064 elementor-widget elementor-widget-text-editor\" data-id=\"302d064\" data-element_type=\"widget\" data-widget_type=\"text-editor.default\">\n\t\t\t\t<div class=\"elementor-widget-container\">\n\t\t\t\t\t\t\t\t\t<h4>Tisk<\/h4>\n<p><a href=\"https:\/\/beegreenhotel.at\/wp-content\/uploads\/woegerer-referenz-beegreen-presse-ooewirtschaft-01.pdf\">Tiskov\u00e1 zpr\u00e1va Hornorakousk\u00e9 hospod\u00e1\u0159stv\u00ed<\/a><\/p>\n\t\t\t\t\t\t\t\t<\/div>\n\t\t\t\t<\/div>\n\t\t\t\t\t<\/div>\n\t\t<\/div>\n\t\t\t\t\t<\/div>\n\t\t<\/section>\n\t\t\t\t<div class=\"elementor-element elementor-element-5f7fb606 elementor-widget elementor-widget-text-editor\" data-id=\"5f7fb606\" data-element_type=\"widget\" data-widget_type=\"text-editor.default\">\n\t\t\t\t<div class=\"elementor-widget-container\">\n\t\t\t\t\t\t\t\t\t<\/p>\n<h4>Copyright \u00a9 2022: Hotel Hanusch GmbH<br \/>Za obsah odpov\u00edd\u00e1: Hotel Hanusch GmbH<\/h4>\n<p>Obsah webov\u00fdch str\u00e1nek Bee Green je chr\u00e1n\u011bn autorsk\u00fdmi pr\u00e1vy. Reprodukce informac\u00ed, zejm\u00e9na pou\u017eit\u00ed text\u016f, \u010d\u00e1st\u00ed text\u016f nebo obr\u00e1zk\u016f, vy\u017eaduje p\u0159edchoz\u00ed p\u00edsemn\u00fd souhlas spole\u010dnosti Hotel Hanusch GmbH. Spole\u010dnost Hotel Hanusch GmbH se sna\u017e\u00ed zajistit, aby informace uveden\u00e9 na t\u011bchto webov\u00fdch str\u00e1nk\u00e1ch byly spr\u00e1vn\u00e9. Jak\u00e1koli odpov\u011bdnost nebo z\u00e1ruka za aktu\u00e1lnost, spr\u00e1vnost a \u00faplnost poskytnut\u00fdch informac\u00ed je v\u0161ak vylou\u010dena. Spole\u010dnost Hotel Hanusch GmbH d\u00e1le neodpov\u00edd\u00e1 za obsah extern\u00edch webov\u00fdch str\u00e1nek, na kter\u00e9 vede hypertextov\u00fd odkaz. Hotel Hanusch GmbH si vyhrazuje pr\u00e1vo na zm\u011bny nebo dopln\u011bn\u00ed poskytnut\u00fdch informac\u00ed bez p\u0159edchoz\u00edho upozorn\u011bn\u00ed.<\/p>\n<p>Foto: Hotel Hanusch GmbH, O\u00d6.Tourismus<\/p>\n<h4>Z\u00e1sady ochrany osobn\u00edch \u00fadaj\u016f:<\/h4>\n<p>Ochrana va\u0161ich osobn\u00edch \u00fadaj\u016f je pro n\u00e1s obzvl\u00e1\u0161t\u011b d\u016fle\u017eit\u00e1. Va\u0161e \u00fadaje proto zpracov\u00e1v\u00e1me v\u00fdhradn\u011b na z\u00e1klad\u011b z\u00e1konn\u00fdch ustanoven\u00ed (DSGVO, TKG 2003). V t\u011bchto informac\u00edch o ochran\u011b osobn\u00edch \u00fadaj\u016f v\u00e1s informujeme o nejd\u016fle\u017eit\u011bj\u0161\u00edch aspektech zpracov\u00e1n\u00ed \u00fadaj\u016f v r\u00e1mci na\u0161ich webov\u00fdch str\u00e1nek.<\/p>\n<p>P\u0159i n\u00e1v\u0161t\u011bv\u011b na\u0161ich webov\u00fdch str\u00e1nek se po dobu trv\u00e1n\u00ed relace zaznamen\u00e1v\u00e1 va\u0161e IP adresa, za\u010d\u00e1tek a konec relace. D\u011bje se tak z technick\u00fdch d\u016fvod\u016f, a proto se jedn\u00e1 o opr\u00e1vn\u011bn\u00fd z\u00e1jem ve smyslu \u010dl. 6 odst. 1 p\u00edsm. f) DSGVO. Pokud nen\u00ed d\u00e1le stanoveno jinak, nebudou tyto \u00fadaje d\u00e1le zpracov\u00e1v\u00e1ny.<\/p>\n<p>Pokud n\u00e1s kontaktujete prost\u0159ednictv\u00edm formul\u00e1\u0159e na webov\u00fdch str\u00e1nk\u00e1ch nebo e-mailem, budou v\u00e1mi poskytnut\u00e9 \u00fadaje ulo\u017eeny po dobu \u0161esti m\u011bs\u00edc\u016f za \u00fa\u010delem zpracov\u00e1n\u00ed dotazu a v p\u0159\u00edpad\u011b dal\u0161\u00edch dotaz\u016f. Tyto \u00fadaje nep\u0159ed\u00e1v\u00e1me bez va\u0161eho souhlasu.<\/p>\n<h4>Ukl\u00e1d\u00e1n\u00ed dat:<\/h4>\n<p>R\u00e1di bychom upozornili, \u017ee za \u00fa\u010delem zjednodu\u0161en\u00ed procesu rezervace a n\u00e1kupu a n\u00e1sledn\u00e9ho zpracov\u00e1n\u00ed smlouvy jsou provozovatelem internetov\u00e9ho obchodu v r\u00e1mci soubor\u016f cookie ukl\u00e1d\u00e1ny IP \u00fadaje majitele p\u0159ipojen\u00ed, jako\u017e i jm\u00e9no, adresa a \u010d\u00edslo kreditn\u00ed karty [&#8230;] kupuj\u00edc\u00edho.<\/p>\n<p>\u00dadaje, kter\u00e9 poskytujete, jsou nezbytn\u00e9 pro spln\u011bn\u00ed smlouvy nebo pro proveden\u00ed p\u0159edsmluvn\u00edch opat\u0159en\u00ed. Bez t\u011bchto \u00fadaj\u016f s v\u00e1mi nem\u016f\u017eeme uzav\u0159\u00edt smlouvu. \u017d\u00e1dn\u00e9 \u00fadaje nejsou p\u0159ed\u00e1v\u00e1ny t\u0159et\u00edm stran\u00e1m, s v\u00fdjimkou p\u0159ed\u00e1n\u00ed \u00fadaj\u016f o kreditn\u00ed kart\u011b zpracovatelsk\u00e9 bance \/ poskytovateli platebn\u00edch slu\u017eeb za \u00fa\u010delem str\u017een\u00ed kupn\u00ed ceny, n\u00e1mi pov\u011b\u0159en\u00e9 p\u0159epravn\u00ed spole\u010dnosti \/ p\u0159epravn\u00ed spole\u010dnosti za \u00fa\u010delem dod\u00e1n\u00ed zbo\u017e\u00ed a na\u0161emu da\u0148ov\u00e9mu poradci za \u00fa\u010delem spln\u011bn\u00ed na\u0161ich da\u0148ov\u00fdch povinnost\u00ed.<\/p>\n<p>Po zru\u0161en\u00ed n\u00e1kupn\u00edho procesu budou n\u00e1mi ulo\u017een\u00e9 \u00fadaje vymaz\u00e1ny. V p\u0159\u00edpad\u011b uzav\u0159en\u00ed smlouvy se v\u0161echny \u00fadaje ze smluvn\u00edho vztahu uchov\u00e1vaj\u00ed a\u017e do uplynut\u00ed doby uchov\u00e1v\u00e1n\u00ed podle da\u0148ov\u00fdch p\u0159edpis\u016f (7 let).<\/p>\n<p>\u00dadaje o jm\u00e9nu, adrese, zakoupen\u00e9m zbo\u017e\u00ed a datu n\u00e1kupu jsou d\u00e1le uchov\u00e1v\u00e1ny a\u017e do uplynut\u00ed z\u00e1ruky za v\u00fdrobek. Zpracov\u00e1n\u00ed \u00fadaj\u016f se prov\u00e1d\u00ed na z\u00e1klad\u011b pr\u00e1vn\u00edch ustanoven\u00ed \u00a7 96 odst. 3 TKG a \u010dl. 6 odst. 1 p\u00edsm. a) (souhlas) a\/nebo p\u00edsm. b) (nezbytn\u00e9 pro pln\u011bn\u00ed smlouvy) DSGVO.<\/p>\n<h4>Soubory cookie:<\/h4>\n<p>Na\u0161e webov\u00e9 str\u00e1nky pou\u017e\u00edvaj\u00ed tzv. cookies. Jedn\u00e1 se o mal\u00e9 textov\u00e9 soubory, kter\u00e9 se ukl\u00e1daj\u00ed do koncov\u00e9ho za\u0159\u00edzen\u00ed pomoc\u00ed prohl\u00ed\u017ee\u010de. Ne\u0161kod\u00ed.<\/p>\n<p>Soubory cookie pou\u017e\u00edv\u00e1me k zachov\u00e1n\u00ed funkc\u00ed webov\u00fdch str\u00e1nek a k tomu, aby na\u0161e nab\u00eddka byla u\u017eivatelsky p\u0159\u00edv\u011btiv\u00e1. N\u011bkter\u00e9 soubory cookie z\u016fst\u00e1vaj\u00ed ulo\u017eeny ve va\u0161em koncov\u00e9m za\u0159\u00edzen\u00ed, dokud je neodstran\u00edte. Umo\u017e\u0148uj\u00ed n\u00e1m rozpoznat v\u00e1\u0161 prohl\u00ed\u017ee\u010d p\u0159i va\u0161\u00ed dal\u0161\u00ed n\u00e1v\u0161t\u011bv\u011b.<\/p>\n<p>Pokud si to nep\u0159ejete, m\u016f\u017eete nastavit sv\u016fj prohl\u00ed\u017ee\u010d tak, aby v\u00e1s informoval o nastavov\u00e1n\u00ed soubor\u016f cookie a abyste to povolili pouze v jednotliv\u00fdch p\u0159\u00edpadech.<\/p>\n<p>Pokud jsou soubory cookie deaktivov\u00e1ny, m\u016f\u017ee b\u00fdt funk\u010dnost na\u0161ich webov\u00fdch str\u00e1nek omezena.<\/p>\n\t\t\t\t\t\t\t\t<\/div>\n\t\t\t\t<\/div>\n\t\t\t\t<div class=\"elementor-element elementor-element-3c2a321 elementor-widget elementor-widget-text-editor\" data-id=\"3c2a321\" data-element_type=\"widget\" data-widget_type=\"text-editor.default\">\n\t\t\t\t<div class=\"elementor-widget-container\">\n\t\t\t\t\t\t\t\t\t<h4>Webov\u00e1 analytika:<\/h4>\n<p>Na\u0161e webov\u00e9 str\u00e1nky vyu\u017e\u00edvaj\u00ed funkce webov\u00e9 analytick\u00e9 slu\u017eby Google Analytics. K tomuto \u00fa\u010delu se pou\u017e\u00edvaj\u00ed soubory cookie, kter\u00e9 umo\u017e\u0148uj\u00ed anal\u00fdzu pou\u017e\u00edv\u00e1n\u00ed webov\u00fdch str\u00e1nek va\u0161imi u\u017eivateli. Takto vytvo\u0159en\u00e9 informace se p\u0159enesou na server poskytovatele a tam se ulo\u017e\u00ed.<\/p>\n<p>Tomu m\u016f\u017eete zabr\u00e1nit nastaven\u00edm prohl\u00ed\u017ee\u010de tak, aby se soubory cookie neukl\u00e1daly.<\/p>\n<p>S poskytovatelem jsme uzav\u0159eli odpov\u00eddaj\u00edc\u00ed smlouvu o zpracov\u00e1n\u00ed \u00fadaj\u016f na zak\u00e1zku.<\/p>\n<p>Va\u0161e IP adresa je zaznamen\u00e1na, ale okam\u017eit\u011b pseudonymizov\u00e1na. To znamen\u00e1, \u017ee je mo\u017en\u00e1 pouze hrub\u00e1 lokalizace.<\/p>\n<p>Zpracov\u00e1n\u00ed \u00fadaj\u016f se prov\u00e1d\u00ed na z\u00e1klad\u011b pr\u00e1vn\u00edch ustanoven\u00ed \u00a7 96 odst. 3 TKG a \u010dl. 6 odst. 1 p\u00edsm. a) (souhlas) a\/nebo f) (opr\u00e1vn\u011bn\u00fd z\u00e1jem) DSGVO.<\/p>\n<p>Na\u0161\u00edm z\u00e1jmem ve smyslu GDPR (opr\u00e1vn\u011bn\u00fd z\u00e1jem) je zlep\u0161en\u00ed na\u0161\u00ed nab\u00eddky a na\u0161ich webov\u00fdch str\u00e1nek. Proto\u017ee je pro n\u00e1s soukrom\u00ed na\u0161ich u\u017eivatel\u016f d\u016fle\u017eit\u00e9, jsou \u00fadaje u\u017eivatel\u016f pseudonymizov\u00e1ny.<\/p>\n\t\t\t\t\t\t\t\t<\/div>\n\t\t\t\t<\/div>\n\t\t\t\t<div class=\"elementor-element elementor-element-2952fdc elementor-widget elementor-widget-text-editor\" data-id=\"2952fdc\" data-element_type=\"widget\" data-widget_type=\"text-editor.default\">\n\t\t\t\t<div class=\"elementor-widget-container\">\n\t\t\t\t\t\t\t\t\t<h4>Zpravodaj<\/h4>\n<p>Na na\u0161ich webov\u00fdch str\u00e1nk\u00e1ch m\u00e1te mo\u017enost p\u0159ihl\u00e1sit se k odb\u011bru na\u0161eho newsletteru. K tomu pot\u0159ebujeme va\u0161i e-mailovou adresu a va\u0161e prohl\u00e1\u0161en\u00ed, \u017ee souhlas\u00edte se zas\u00edl\u00e1n\u00edm newsletteru.<\/p>\n<p>Odb\u011br newsletteru m\u016f\u017eete kdykoli zru\u0161it. Pot\u00e9 va\u0161e \u00fadaje v souvislosti se zas\u00edl\u00e1n\u00edm newsletteru neprodlen\u011b vyma\u017eeme. Toto odvol\u00e1n\u00ed nem\u00e1 vliv na z\u00e1konnost zpracov\u00e1n\u00ed prov\u00e1d\u011bn\u00e9ho na z\u00e1klad\u011b souhlasu a\u017e do jeho odvol\u00e1n\u00ed.<\/p>\n<h4>Va\u0161e pr\u00e1va:<\/h4>\n<p>Pokud jde o va\u0161e \u00fadaje, kter\u00e9 uchov\u00e1v\u00e1me, m\u00e1te obecn\u011b pr\u00e1vo na informace, opravu, v\u00fdmaz, omezen\u00ed, p\u0159enositelnost \u00fadaj\u016f, odvol\u00e1n\u00ed a n\u00e1mitku. Pokud se domn\u00edv\u00e1te, \u017ee zpracov\u00e1n\u00ed va\u0161ich \u00fadaj\u016f poru\u0161uje z\u00e1kon o ochran\u011b osobn\u00edch \u00fadaj\u016f nebo \u017ee byla jinak poru\u0161ena va\u0161e pr\u00e1va na ochranu osobn\u00edch \u00fadaj\u016f, m\u016f\u017eete si st\u011b\u017eovat u n\u00e1s beegreen[at]linz-hotel.at nebo u \u00fa\u0159adu pro ochranu osobn\u00edch \u00fadaj\u016f.<\/p>\n\t\t\t\t\t\t\t\t<\/div>\n\t\t\t\t<\/div>\n\t\t\t\t\t<\/div>\n\t\t<\/div>\n\t\t\t\t\t<\/div>\n\t\t<\/section>\n\t\t\t\t<\/div>\n\t\t","protected":false},"excerpt":{"rendered":"<p>Imprint &amp; GTC Plat\u00ed obecn\u00e9 podm\u00ednky pro hotelnictv\u00ed v Rakousku. &gt;&gt; Najdete je zde BEE GREEN Bed &amp; Breakfastje spole\u010dnost\u00edHotel Hanusch GmbHHerrenstra\u00dfe 11, 4020 LinzTel. +43 (0)732 77 24 77 22, Fax +43 (0)732 77 24 77 47beegreen@linz-hotel.at, www.beegreenhotel.atUID: ATU 76304303\u010clen Hornorakousk\u00e9 hospod\u00e1\u0159sk\u00e9 komoryRegistra\u010dn\u00ed \u010d\u00edslo spole\u010dnosti: 544329 iM\u00edsto kon\u00e1n\u00ed Linec Tisk Tiskov\u00e1 zpr\u00e1va Hornorakousk\u00e9 hospod\u00e1\u0159stv\u00ed [&hellip;]<\/p>\n","protected":false},"author":1,"featured_media":0,"parent":0,"menu_order":0,"comment_status":"closed","ping_status":"closed","template":"","meta":{"site-sidebar-layout":"default","site-content-layout":"","ast-site-content-layout":"default","site-content-style":"default","site-sidebar-style":"default","ast-global-header-display":"","ast-banner-title-visibility":"","ast-main-header-display":"","ast-hfb-above-header-display":"","ast-hfb-below-header-display":"","ast-hfb-mobile-header-display":"","site-post-title":"disabled","ast-breadcrumbs-content":"","ast-featured-img":"","footer-sml-layout":"","theme-transparent-header-meta":"","adv-header-id-meta":"","stick-header-meta":"","header-above-stick-meta":"","header-main-stick-meta":"","header-below-stick-meta":"","astra-migrate-meta-layouts":"default","ast-page-background-enabled":"default","ast-page-background-meta":{"desktop":{"background-color":"var(--ast-global-color-4)","background-image":"","background-repeat":"repeat","background-position":"center center","background-size":"auto","background-attachment":"scroll","background-type":"","background-media":"","overlay-type":"","overlay-color":"","overlay-opacity":"","overlay-gradient":""},"tablet":{"background-color":"","background-image":"","background-repeat":"repeat","background-position":"center center","background-size":"auto","background-attachment":"scroll","background-type":"","background-media":"","overlay-type":"","overlay-color":"","overlay-opacity":"","overlay-gradient":""},"mobile":{"background-color":"","background-image":"","background-repeat":"repeat","background-position":"center center","background-size":"auto","background-attachment":"scroll","background-type":"","background-media":"","overlay-type":"","overlay-color":"","overlay-opacity":"","overlay-gradient":""}},"ast-content-background-meta":{"desktop":{"background-color":"var(--ast-global-color-5)","background-image":"","background-repeat":"repeat","background-position":"center center","background-size":"auto","background-attachment":"scroll","background-type":"","background-media":"","overlay-type":"","overlay-color":"","overlay-opacity":"","overlay-gradient":""},"tablet":{"background-color":"var(--ast-global-color-5)","background-image":"","background-repeat":"repeat","background-position":"center center","background-size":"auto","background-attachment":"scroll","background-type":"","background-media":"","overlay-type":"","overlay-color":"","overlay-opacity":"","overlay-gradient":""},"mobile":{"background-color":"var(--ast-global-color-5)","background-image":"","background-repeat":"repeat","background-position":"center center","background-size":"auto","background-attachment":"scroll","background-type":"","background-media":"","overlay-type":"","overlay-color":"","overlay-opacity":"","overlay-gradient":""}},"footnotes":""},"class_list":["post-632","page","type-page","status-publish","hentry"],"yoast_head":"<!-- This site is optimized with the Yoast SEO plugin v26.2 - https:\/\/yoast.com\/wordpress\/plugins\/seo\/ -->\n<title>Z\u00e1sady ochrany osobn\u00edch \u00fadaj\u016f - Bee Green Linz<\/title>\n<meta name=\"robots\" content=\"index, follow, max-snippet:-1, max-image-preview:large, max-video-preview:-1\" \/>\n<link rel=\"canonical\" href=\"https:\/\/beegreenhotel.at\/cs\/zasady-ochrany-osobnich-udaju\/\" \/>\n<meta property=\"og:locale\" content=\"cs_CZ\" \/>\n<meta property=\"og:type\" content=\"article\" \/>\n<meta property=\"og:title\" content=\"Z\u00e1sady ochrany osobn\u00edch \u00fadaj\u016f - Bee Green Linz\" \/>\n<meta property=\"og:description\" content=\"Imprint &amp; GTC Plat\u00ed obecn\u00e9 podm\u00ednky pro hotelnictv\u00ed v Rakousku. &gt;&gt; Najdete je zde BEE GREEN Bed &amp; Breakfastje spole\u010dnost\u00edHotel Hanusch GmbHHerrenstra\u00dfe 11, 4020 LinzTel. +43 (0)732 77 24 77 22, Fax +43 (0)732 77 24 77 47beegreen@linz-hotel.at, www.beegreenhotel.atUID: ATU 76304303\u010clen Hornorakousk\u00e9 hospod\u00e1\u0159sk\u00e9 komoryRegistra\u010dn\u00ed \u010d\u00edslo spole\u010dnosti: 544329 iM\u00edsto kon\u00e1n\u00ed Linec Tisk Tiskov\u00e1 zpr\u00e1va Hornorakousk\u00e9 hospod\u00e1\u0159stv\u00ed [&hellip;]\" \/>\n<meta property=\"og:url\" content=\"https:\/\/beegreenhotel.at\/cs\/zasady-ochrany-osobnich-udaju\/\" \/>\n<meta property=\"og:site_name\" content=\"Bee Green Linz\" \/>\n<meta property=\"article:modified_time\" content=\"2023-08-23T19:48:33+00:00\" \/>\n<meta name=\"twitter:card\" content=\"summary_large_image\" \/>\n<meta name=\"twitter:label1\" content=\"Odhadovan\u00e1 doba \u010dten\u00ed\" \/>\n\t<meta name=\"twitter:data1\" content=\"6 minut\" \/>\n<script type=\"application\/ld+json\" class=\"yoast-schema-graph\">{\"@context\":\"https:\/\/schema.org\",\"@graph\":[{\"@type\":\"WebPage\",\"@id\":\"https:\/\/beegreenhotel.at\/cs\/zasady-ochrany-osobnich-udaju\/\",\"url\":\"https:\/\/beegreenhotel.at\/cs\/zasady-ochrany-osobnich-udaju\/\",\"name\":\"Z\u00e1sady ochrany osobn\u00edch \u00fadaj\u016f - Bee Green Linz\",\"isPartOf\":{\"@id\":\"https:\/\/beegreenhotel.at\/cs\/#website\"},\"datePublished\":\"2022-05-26T11:53:08+00:00\",\"dateModified\":\"2023-08-23T19:48:33+00:00\",\"breadcrumb\":{\"@id\":\"https:\/\/beegreenhotel.at\/cs\/zasady-ochrany-osobnich-udaju\/#breadcrumb\"},\"inLanguage\":\"cs\",\"potentialAction\":[{\"@type\":\"ReadAction\",\"target\":[\"https:\/\/beegreenhotel.at\/cs\/zasady-ochrany-osobnich-udaju\/\"]}]},{\"@type\":\"BreadcrumbList\",\"@id\":\"https:\/\/beegreenhotel.at\/cs\/zasady-ochrany-osobnich-udaju\/#breadcrumb\",\"itemListElement\":[{\"@type\":\"ListItem\",\"position\":1,\"name\":\"Startseite\",\"item\":\"https:\/\/beegreenhotel.at\/cs\/home\/\"},{\"@type\":\"ListItem\",\"position\":2,\"name\":\"Z\u00e1sady ochrany osobn\u00edch \u00fadaj\u016f\"}]},{\"@type\":\"WebSite\",\"@id\":\"https:\/\/beegreenhotel.at\/cs\/#website\",\"url\":\"https:\/\/beegreenhotel.at\/cs\/\",\"name\":\"Bee Green Linz\",\"description\":\"Bed &amp; Breakfast\",\"publisher\":{\"@id\":\"https:\/\/beegreenhotel.at\/cs\/#organization\"},\"potentialAction\":[{\"@type\":\"SearchAction\",\"target\":{\"@type\":\"EntryPoint\",\"urlTemplate\":\"https:\/\/beegreenhotel.at\/cs\/?s={search_term_string}\"},\"query-input\":{\"@type\":\"PropertyValueSpecification\",\"valueRequired\":true,\"valueName\":\"search_term_string\"}}],\"inLanguage\":\"cs\"},{\"@type\":\"Organization\",\"@id\":\"https:\/\/beegreenhotel.at\/cs\/#organization\",\"name\":\"BEE GREEN Linz\",\"url\":\"https:\/\/beegreenhotel.at\/cs\/\",\"logo\":{\"@type\":\"ImageObject\",\"inLanguage\":\"cs\",\"@id\":\"https:\/\/beegreenhotel.at\/cs\/#\/schema\/logo\/image\/\",\"url\":\"https:\/\/beegreenhotel.at\/wp-content\/uploads\/2022\/05\/bee-green-logo.png\",\"contentUrl\":\"https:\/\/beegreenhotel.at\/wp-content\/uploads\/2022\/05\/bee-green-logo.png\",\"width\":800,\"height\":800,\"caption\":\"BEE GREEN Linz\"},\"image\":{\"@id\":\"https:\/\/beegreenhotel.at\/cs\/#\/schema\/logo\/image\/\"}}]}<\/script>\n<!-- \/ Yoast SEO plugin. -->","yoast_head_json":{"title":"Z\u00e1sady ochrany osobn\u00edch \u00fadaj\u016f - Bee Green Linz","robots":{"index":"index","follow":"follow","max-snippet":"max-snippet:-1","max-image-preview":"max-image-preview:large","max-video-preview":"max-video-preview:-1"},"canonical":"https:\/\/beegreenhotel.at\/cs\/zasady-ochrany-osobnich-udaju\/","og_locale":"cs_CZ","og_type":"article","og_title":"Z\u00e1sady ochrany osobn\u00edch \u00fadaj\u016f - Bee Green Linz","og_description":"Imprint &amp; GTC Plat\u00ed obecn\u00e9 podm\u00ednky pro hotelnictv\u00ed v Rakousku. &gt;&gt; Najdete je zde BEE GREEN Bed &amp; Breakfastje spole\u010dnost\u00edHotel Hanusch GmbHHerrenstra\u00dfe 11, 4020 LinzTel. +43 (0)732 77 24 77 22, Fax +43 (0)732 77 24 77 47beegreen@linz-hotel.at, www.beegreenhotel.atUID: ATU 76304303\u010clen Hornorakousk\u00e9 hospod\u00e1\u0159sk\u00e9 komoryRegistra\u010dn\u00ed \u010d\u00edslo spole\u010dnosti: 544329 iM\u00edsto kon\u00e1n\u00ed Linec Tisk Tiskov\u00e1 zpr\u00e1va Hornorakousk\u00e9 hospod\u00e1\u0159stv\u00ed [&hellip;]","og_url":"https:\/\/beegreenhotel.at\/cs\/zasady-ochrany-osobnich-udaju\/","og_site_name":"Bee Green Linz","article_modified_time":"2023-08-23T19:48:33+00:00","twitter_card":"summary_large_image","twitter_misc":{"Odhadovan\u00e1 doba \u010dten\u00ed":"6 minut"},"schema":{"@context":"https:\/\/schema.org","@graph":[{"@type":"WebPage","@id":"https:\/\/beegreenhotel.at\/cs\/zasady-ochrany-osobnich-udaju\/","url":"https:\/\/beegreenhotel.at\/cs\/zasady-ochrany-osobnich-udaju\/","name":"Z\u00e1sady ochrany osobn\u00edch \u00fadaj\u016f - Bee Green Linz","isPartOf":{"@id":"https:\/\/beegreenhotel.at\/cs\/#website"},"datePublished":"2022-05-26T11:53:08+00:00","dateModified":"2023-08-23T19:48:33+00:00","breadcrumb":{"@id":"https:\/\/beegreenhotel.at\/cs\/zasady-ochrany-osobnich-udaju\/#breadcrumb"},"inLanguage":"cs","potentialAction":[{"@type":"ReadAction","target":["https:\/\/beegreenhotel.at\/cs\/zasady-ochrany-osobnich-udaju\/"]}]},{"@type":"BreadcrumbList","@id":"https:\/\/beegreenhotel.at\/cs\/zasady-ochrany-osobnich-udaju\/#breadcrumb","itemListElement":[{"@type":"ListItem","position":1,"name":"Startseite","item":"https:\/\/beegreenhotel.at\/cs\/home\/"},{"@type":"ListItem","position":2,"name":"Z\u00e1sady ochrany osobn\u00edch \u00fadaj\u016f"}]},{"@type":"WebSite","@id":"https:\/\/beegreenhotel.at\/cs\/#website","url":"https:\/\/beegreenhotel.at\/cs\/","name":"Bee Green Linz","description":"Bed &amp; Breakfast","publisher":{"@id":"https:\/\/beegreenhotel.at\/cs\/#organization"},"potentialAction":[{"@type":"SearchAction","target":{"@type":"EntryPoint","urlTemplate":"https:\/\/beegreenhotel.at\/cs\/?s={search_term_string}"},"query-input":{"@type":"PropertyValueSpecification","valueRequired":true,"valueName":"search_term_string"}}],"inLanguage":"cs"},{"@type":"Organization","@id":"https:\/\/beegreenhotel.at\/cs\/#organization","name":"BEE GREEN Linz","url":"https:\/\/beegreenhotel.at\/cs\/","logo":{"@type":"ImageObject","inLanguage":"cs","@id":"https:\/\/beegreenhotel.at\/cs\/#\/schema\/logo\/image\/","url":"https:\/\/beegreenhotel.at\/wp-content\/uploads\/2022\/05\/bee-green-logo.png","contentUrl":"https:\/\/beegreenhotel.at\/wp-content\/uploads\/2022\/05\/bee-green-logo.png","width":800,"height":800,"caption":"BEE GREEN Linz"},"image":{"@id":"https:\/\/beegreenhotel.at\/cs\/#\/schema\/logo\/image\/"}}]}},"_links":{"self":[{"href":"https:\/\/beegreenhotel.at\/cs\/wp-json\/wp\/v2\/pages\/632","targetHints":{"allow":["GET"]}}],"collection":[{"href":"https:\/\/beegreenhotel.at\/cs\/wp-json\/wp\/v2\/pages"}],"about":[{"href":"https:\/\/beegreenhotel.at\/cs\/wp-json\/wp\/v2\/types\/page"}],"author":[{"embeddable":true,"href":"https:\/\/beegreenhotel.at\/cs\/wp-json\/wp\/v2\/users\/1"}],"replies":[{"embeddable":true,"href":"https:\/\/beegreenhotel.at\/cs\/wp-json\/wp\/v2\/comments?post=632"}],"version-history":[{"count":3,"href":"https:\/\/beegreenhotel.at\/cs\/wp-json\/wp\/v2\/pages\/632\/revisions"}],"predecessor-version":[{"id":657,"href":"https:\/\/beegreenhotel.at\/cs\/wp-json\/wp\/v2\/pages\/632\/revisions\/657"}],"wp:attachment":[{"href":"https:\/\/beegreenhotel.at\/cs\/wp-json\/wp\/v2\/media?parent=632"}],"curies":[{"name":"wp","href":"https:\/\/api.w.org\/{rel}","templated":true}]}}